{"id":3777,"date":"2025-11-12T02:54:03","date_gmt":"2025-11-12T02:54:03","guid":{"rendered":"https:\/\/liphoco.com\/?page_id=3777"},"modified":"2026-02-13T02:03:02","modified_gmt":"2026-02-13T02:03:02","slug":"hanging-rack","status":"publish","type":"page","link":"https:\/\/liphoco.com\/ja\/oem-fabrication\/material-handling\/hanging-rack\/","title":{"rendered":"HANGING RACK &#8211; product page"},"content":{"rendered":"<!-- Hanging Rack Product Page Template -->\n<link rel=\"stylesheet\" type=\"text\/css\" href=\"\/\/cdn.jsdelivr.net\/npm\/slick-carousel@1.8.1\/slick\/slick.css\"\/>\n<script type=\"text\/javascript\" src=\"\/\/cdn.jsdelivr.net\/npm\/slick-carousel@1.8.1\/slick\/slick.min.js\"><\/script>\n\n<section class=\"product-page\">\n  <div class=\"container\">\n    <div class=\"row\">\n\n      <!-- LEFT: GALLERY -->\n      <div class=\"col-lg-6 col-md-6 col-sm-12\">\n        <div class=\"product-gallery large-image-thumb\">\n          <!-- MAIN VIDEO -->\n          <div class=\"product-thumb\">\n            <iframe loading=\"lazy\" width=\"100%\" height=\"450\" src=\"https:\/\/www.youtube.com\/embed\/DR8smcvNVxM\" frameborder=\"0\" allow=\"accelerometer; autoplay; clipboard-write; encrypted-media; gyroscope; picture-in-picture\" allowfullscreen><\/iframe>\n          <\/div>\n          <!-- IMAGE 1 -->\n          <div class=\"product-thumb\">\n            <img decoding=\"async\" src=\"https:\/\/liphoco.com\/wp-content\/uploads\/2025\/11\/IMG_2743-scaled.jpg\" \/>\n          <\/div>\n          <!-- IMAGE 2 -->\n          <div class=\"product-thumb\">\n            <img decoding=\"async\" src=\"https:\/\/liphoco.com\/wp-content\/uploads\/2025\/12\/Tam-thep-1.jpg\" \/>\n          <\/div>\n          <!-- IMAGE 3 -->\n          <div class=\"product-thumb\">\n            <img decoding=\"async\" src=\"https:\/\/liphoco.com\/wp-content\/uploads\/2025\/12\/z7246790136981_58597626f62845c05a880c364d38e9b0.jpg\" \/>\n          <\/div>\n        <\/div>\n\n        <div class=\"product-gallery-slide\">\n          <div class=\"gallery-slide-item\">\n            <img decoding=\"async\" src=\"https:\/\/img.youtube.com\/vi\/DR8smcvNVxM\/hqdefault.jpg\" \/>\n          <\/div>\n          <div class=\"gallery-slide-item\">\n            <img decoding=\"async\" src=\"https:\/\/liphoco.com\/wp-content\/uploads\/2025\/11\/IMG_2743-scaled.jpg\" \/>\n          <\/div>\n          <div class=\"gallery-slide-item\">\n            <img decoding=\"async\" src=\"https:\/\/liphoco.com\/wp-content\/uploads\/2025\/12\/Tam-thep-1.jpg\" \/>\n          <\/div>\n          <div class=\"gallery-slide-item\">\n            <img decoding=\"async\" src=\"https:\/\/liphoco.com\/wp-content\/uploads\/2025\/12\/z7246790136981_58597626f62845c05a880c364d38e9b0.jpg\" \/>\n          <\/div>\n        <\/div>\n      <\/div>\n\n      <!-- RIGHT: PRODUCT DETAILS -->\n      <div class=\"col-lg-6 col-md-6 col-sm-12\">\n        <div class=\"product-details\">\n          <h2 class=\"product-name-main\">\u30d0\u30c3\u30b0\u30cf\u30f3\u30ac\u30fc\u30e9\u30c3\u30af<\/h2>\n\n          <div class=\"product-short-description\">\n            <p>\u7121\u6570\u306e\u696d\u754c\u306b\u5bfe\u5fdc\u3067\u304d\u308b\u3001\u8010\u4e45\u6027\u304c\u3042\u308a\u3001\u898b\u305f\u76ee\u3082\u826f\u304f\u3001\u7701\u30b9\u30da\u30fc\u30b9\u306a\u30c7\u30a3\u30b9\u30d7\u30ec\u30a4\u30b7\u30b9\u30c6\u30e0\u3092\u304a\u63a2\u3057\u3067\u3059\u304b\uff1f\nLIPHOCO \u306e\u30cf\u30f3\u30ae\u30f3\u30b0\u30e9\u30c3\u30af\u306f\u307e\u3055\u306b\u305d\u306e\u305f\u3081\u306b\u8a2d\u8a08\u3055\u308c\u3066\u304a\u308a\u3001\u88fd\u54c1\u306e\u9b45\u529b\u3092\u9ad8\u3081\u3001\u30b9\u30da\u30fc\u30b9\u3092\u6700\u9069\u5316\u3057\u307e\u3059\u3002<\/p>\n          <\/div>\n\n          <div class=\"accordionWrapper\">\n            <div class=\"accordionItem open\">\n              <h3 class=\"accordionItemHeading\">\u88fd\u9020\u5de5\u7a0b<\/h3>\n              <div class=\"accordionItemContent\">\n                <p>LIPHOCO \u306e\u5de5\u5834\u3067\u3001\u30ec\u30fc\u30b6\u30fc\u5207\u65ad\u3001CNC \u30d9\u30f3\u30c7\u30a3\u30f3\u30b0\u3001\u7cbe\u5bc6\u6eb6\u63a5\u3001\u305d\u3057\u3066\u9ad8\u54c1\u8cea\u306a\u7c89\u4f53\u5857\u88c5\u306b\u3088\u3063\u3066\u76f4\u63a5\u88fd\u9020\u3055\u308c\u3066\u304a\u308a\u3001\u5404\u30e9\u30c3\u30af\u306f\u4e00\u8cab\u3057\u305f\u54c1\u8cea\u3092\u5b9f\u73fe\u3057\u3001\u7c73\u56fd\u30fbEU\u30fb\u65e5\u672c\u3078\u306e\u8f38\u51fa\u57fa\u6e96\u3092\u6e80\u305f\u3057\u3066\u3044\u307e\u3059\u3002<\/p>\n              <\/div>\n            <\/div>\n\n            <div class=\"accordionItem close-accordion\">\n              <h3 class=\"accordionItemHeading\">\u8010\u4e45\u6027\u3068\u30c7\u30b6\u30a4\u30f3<\/h3>\n              <div class=\"accordionItemContent\">\n                <p>\u9ad8\u54c1\u8cea\u306e\u92fc\u6750\u3092\u4f7f\u7528\u3057\u3001\u5f37\u56fa\u306a\u6eb6\u63a5\u3068\u9632\u9306\u7c89\u4f53\u5857\u88c5\u3067\u4ed5\u4e0a\u3052\u3089\u308c\u305f\u3053\u306e\u30e9\u30c3\u30af\u306f\u3001\u30d6\u30c6\u30a3\u30c3\u30af\u5e97\u8217\u304b\u3089\u7269\u6d41\u91cf\u306e\u591a\u3044\u5009\u5eab\u307e\u3067\u3001\u3042\u3089\u3086\u308b\u74b0\u5883\u3067\u5b89\u5b9a\u3057\u305f\u6027\u80fd\u3092\u767a\u63ee\u3057\u307e\u3059\u3002<\/p>\n              <\/div>\n            <\/div>\n\n            <div class=\"accordionItem close-accordion\">\n              <h3 class=\"accordionItemHeading\">\u30ab\u30b9\u30bf\u30de\u30a4\u30ba\u30aa\u30d7\u30b7\u30e7\u30f3<\/h3>\n              <div class=\"accordionItemContent\">\n                <p>\u5bf8\u6cd5\u3001\u539a\u307f\u3001\u8272\u3001\u69cb\u9020\u306a\u3069\u3001\u3059\u3079\u3066\u3092\u304a\u5ba2\u69d8\u306e\u5e02\u5834\u3084\u30d6\u30e9\u30f3\u30c9\u306e\u8981\u4ef6\u306b\u5408\u308f\u305b\u3066\u30ab\u30b9\u30bf\u30de\u30a4\u30ba\u3067\u304d\u307e\u3059\u3002<\/p>\n              <\/div>\n            <\/div>\n          <\/div>\n\n          <div class=\"product-specifications\">\n            <h3>\u6280\u8853\u4ed5\u69d8<\/h3>\n            <ul>\n              <li>\u5bf8\u6cd5\uff08\u9577\u3055\u00d7\u5e45\u00d7\u9ad8\u3055\uff09\uff1a380 \u00d7 450 \u00d7 1600 mm<\/li>\n              <li>Packing size (L\u00d7W\u00d7H): 1620 \u00d7 470 \u00d7 120 mm<\/li>\n              <li>\u91cd\u91cf\uff1a12.3 kg<\/li>\n              <li>\u30d5\u30c3\u30af\uff1a5\u301c10 \u500b\u3001\u307e\u305f\u306f\u30ab\u30b9\u30bf\u30de\u30a4\u30ba\u53ef\u80fd<\/li>\n              <li>Wheels: 4 <\/li>\n              <li>\u30ab\u30e9\u30fc\uff1a\u30d6\u30e9\u30c3\u30af\u3001\u307e\u305f\u306f\u4efb\u610f\u306e OEM \u30ab\u30e9\u30fc<\/li>\n            <\/ul>\n          <\/div>\n\n          <div class=\"product-advantages\">\n            <h3>\u4f01\u696d\u304c LIPHOCO \u306e\u30cf\u30f3\u30ae\u30f3\u30b0\u30e9\u30c3\u30af\u3092\u9078\u3076\u7406\u7531<\/h3>\n            <ul>\n              <li>\u30c7\u30a3\u30b9\u30d7\u30ec\u30a4\u52b9\u679c\u3092\u6700\u5927\u5316\u3057\u3001\u88fd\u54c1\u3092\u969b\u7acb\u305f\u305b\u308b<\/li>\n              <li>\u9577\u671f\u8010\u4e45\u6027\u3092\u8003\u616e\u3057\u305f\u8a2d\u8a08<\/li>\n              <li>OEM \u30ab\u30b9\u30bf\u30de\u30a4\u30ba\u306b\u5b8c\u5168\u5bfe\u5fdc<\/li>\n              <li>\u7af6\u4e89\u529b\u306e\u3042\u308b\u4fa1\u683c \u2500 \u30d9\u30c8\u30ca\u30e0\u88fd<\/li>\n            <\/ul>\n          <\/div>\n\n          <div class=\"product-application\">\n            <h3>\u5e45\u5e83\u3044\u7528\u9014<\/h3>\n            <ul>\n              <li>\u30d5\u30a1\u30c3\u30b7\u30e7\u30f3\u5e97\u8217<\/li>\n              <li>\u30b9\u30fc\u30d1\u30fc\u30de\u30fc\u30b1\u30c3\u30c8\uff06\u30df\u30cb\u30de\u30fc\u30c8<\/li>\n              <li>\u30a2\u30af\u30bb\u30b5\u30ea\u30fc\u30b7\u30e7\u30fc\u30eb\u30fc\u30e0<\/li>\n              <li>\u5009\u5eab\u30fb\u30d5\u30eb\u30d5\u30a3\u30eb\u30e1\u30f3\u30c8\u30bb\u30f3\u30bf\u30fc<\/li>\n              <li>\u68b1\u5305\u30fb\u4ed5\u5206\u3051\u30a8\u30ea\u30a2<\/li>\n            <\/ul>\n          <\/div>\n\n          <div class=\"button-contact\">\n            <a href=\"#contact-form\" class=\"product-btn-contact\">\u898b\u7a4d\u3082\u308a\u3092\u53d6\u5f97\u3059\u308b<\/a>\n          <\/div>\n        <\/div>\n      <\/div>\n\n      <!-- CONTACT FORM -->\n      <div class=\"col-lg-12 col-md-12 col-sm-12\" id=\"contact-form\">\n        <div class=\"product-form-contact\">\n          \n<div class=\"wpcf7 no-js\" id=\"wpcf7-f3945-o1\" lang=\"en-US\" dir=\"ltr\">\n<div class=\"screen-reader-response\"><p role=\"status\" aria-live=\"polite\" aria-atomic=\"true\"><\/p> <ul><\/ul><\/div>\n<form action=\"\/ja\/wp-json\/wp\/v2\/pages\/3777#wpcf7-f3945-o1\" method=\"post\" class=\"wpcf7-form init\" aria-label=\"Contact form\" novalidate=\"novalidate\" data-status=\"init\" data-trp-original-action=\"\/ja\/wp-json\/wp\/v2\/pages\/3777#wpcf7-f3945-o1\">\n<div style=\"display: none;\">\n<input type=\"hidden\" name=\"_wpcf7\" value=\"3945\" \/>\n<input type=\"hidden\" name=\"_wpcf7_version\" value=\"5.7.7\" \/>\n<input type=\"hidden\" name=\"_wpcf7_locale\" value=\"en_US\" \/>\n<input type=\"hidden\" name=\"_wpcf7_unit_tag\" value=\"wpcf7-f3945-o1\" \/>\n<input type=\"hidden\" name=\"_wpcf7_container_post\" value=\"0\" \/>\n<input type=\"hidden\" name=\"_wpcf7_posted_data_hash\" value=\"\" \/>\n<input type=\"hidden\" name=\"_wpcf7_recaptcha_response\" value=\"\" \/>\n<\/div>\n<h2>Get a quote for Hanging rack\n<\/h2>\n<hr \/>\n<div class=\"container\">\n\t<div class=\"row\">\n\t\t<div class=\"col-lg-6 col-md-6 col-sm-12\">\n\t\t\t<p><label><br \/>\n\u3042\u306a\u305f\u306e\u540d\u524d*<br \/>\n<span class=\"wpcf7-form-control-wrap\" data-name=\"your-name\"><input size=\"40\" class=\"wpcf7-form-control wpcf7-text wpcf7-validates-as-required\" autocomplete=\"name\" aria-required=\"true\" aria-invalid=\"false\" value=\"\" type=\"text\" name=\"your-name\" \/><\/span><br \/>\n<\/label>\n\t\t\t<\/p>\n\t\t\t<p><label><br \/>\n\u3042\u306a\u305f\u306e\u30e1\u30fc\u30eb\u30a2\u30c9\u30ec\u30b9*<br \/>\n<span class=\"wpcf7-form-control-wrap\" data-name=\"your-email\"><input size=\"40\" class=\"wpcf7-form-control wpcf7-text wpcf7-email wpcf7-validates-as-required wpcf7-validates-as-email\" autocomplete=\"email\" aria-required=\"true\" aria-invalid=\"false\" value=\"\" type=\"email\" name=\"your-email\" \/><\/span><br \/>\n<\/label>\n\t\t\t<\/p>\n\t\t<\/div>\n\t\t<div class=\"col-lg-6 col-md-6 col-sm-12\">\n\t\t\t<p><label><br \/>\n\u3042\u306a\u305f\u306e\u96fb\u8a71<br \/>\n<span class=\"wpcf7-form-control-wrap\" data-name=\"your-tel\"><input size=\"40\" class=\"wpcf7-form-control wpcf7-text wpcf7-tel wpcf7-validates-as-tel\" autocomplete=\"tel\" aria-invalid=\"false\" value=\"\" type=\"tel\" name=\"your-tel\" \/><\/span><br \/>\n<\/label>\n\t\t\t<\/p>\n\t\t\t<p><label><br \/>\n\u4f1a\u793e\u540d\uff08\u30aa\u30d7\u30b7\u30e7\u30f3\uff09<br \/>\n<span class=\"wpcf7-form-control-wrap\" data-name=\"your-company\"><input size=\"40\" class=\"wpcf7-form-control wpcf7-text\" aria-invalid=\"false\" value=\"\" type=\"text\" name=\"your-company\" \/><\/span><br \/>\n<\/label>\n\t\t\t<\/p>\n\t\t<\/div>\n\t\t<div class=\"col-lg-12 col-md-12 col-sm-12\">\n\t\t\t<p><label><br \/>\n\u3042\u306a\u305f\u306e\u30e1\u30c3\u30bb\u30fc\u30b8*<br \/>\n<span class=\"wpcf7-form-control-wrap\" data-name=\"your-message\"><textarea cols=\"40\" rows=\"10\" class=\"wpcf7-form-control wpcf7-textarea wpcf7-validates-as-required\" aria-required=\"true\" aria-invalid=\"false\" name=\"your-message\"><\/textarea><\/span><br \/>\n<\/label>\n\t\t\t<\/p>\n\t\t\t<p><input class=\"wpcf7-form-control has-spinner wpcf7-submit\" type=\"submit\" value=\"\u9001\u4fe1\" \/>\n\t\t\t<\/p>\n\t\t<\/div>\n\t<\/div>\n<\/div><p style=\"display: none !important;\"><label>&#916;<textarea name=\"_wpcf7_ak_hp_textarea\" cols=\"45\" rows=\"8\" maxlength=\"100\"><\/textarea><\/label><input type=\"hidden\" id=\"ak_js_1\" name=\"_wpcf7_ak_js\" value=\"20\"\/><script>document.getElementById( \"ak_js_1\" ).setAttribute( \"value\", ( new Date() ).getTime() );<\/script><\/p><div class=\"wpcf7-response-output\" aria-hidden=\"true\"><\/div>\n<input type=\"hidden\" name=\"trp-form-language\" value=\"ja\"\/><\/form>\n<\/div>\n\n        <\/div>\n      <\/div>\n    <\/div>\n  <\/div>\n<\/section>\n\n<!-- JS FOR SLIDER & ACCORDION -->\n<script>\n$('.large-image-thumb').slick({slidesToShow:1,slidesToScroll:1,arrows:false,fade:true,asNavFor:'.product-gallery-slide'});\n$('.product-gallery-slide').slick({slidesToShow:4,slidesToScroll:1,arrows:true,asNavFor:'.large-image-thumb',focusOnSelect:true});\n<\/script>\n\n<script>\nvar accItem=document.getElementsByClassName('accordionItem');\nvar accHD=document.getElementsByClassName('accordionItemHeading');\nfor(i=0;i<accHD.length;i++){accHD[i].addEventListener('click',toggleItem,false);} \nfunction toggleItem(){var itemClass=this.parentNode.className;\n  for(i=0;i<accItem.length;i++){accItem[i].className='accordionItem close-accordion';}\n  if(itemClass=='accordionItem close-accordion'){this.parentNode.className='accordionItem open';}}\n<\/script>\n\n\n\n<p><\/p>","protected":false},"excerpt":{"rendered":"<p>Hanging Rack Looking for a durable, stylish, space-saving display system that works across countless industries? LIPHOCO\u2019s Hanging Rack is engineered exactly for that \u2014 built to elevate your products and optimize your space. Manufacturing Process Manufactured directly at LIPHOCO\u2019s facility using laser cutting, CNC bending, precision welding, and premium powder coating, each rack delivers consistent quality that meets export standards for the US, EU, and Japan. Durability &#038; Design Made from high-grade steel with solid welds and anti-rust powder coating, these racks perform flawlessly in every environment \u2014 from boutique storefronts to high-traffic warehouses. Customization Options Dimensions, thickness, color, structure \u2014 everything can be tailored to your specific market or [&hellip;]<\/p>","protected":false},"author":1,"featured_media":3827,"parent":1161,"menu_order":0,"comment_status":"closed","ping_status":"closed","template":"","meta":{"footnotes":""},"class_list":["post-3777","page","type-page","status-publish","has-post-thumbnail","hentry","entry","has-media","owp-thumbs-layout-horizontal","owp-btn-normal","owp-tabs-layout-horizontal","has-no-thumbnails","has-product-nav"],"_links":{"self":[{"href":"https:\/\/liphoco.com\/ja\/wp-json\/wp\/v2\/pages\/3777","targetHints":{"allow":["GET"]}}],"collection":[{"href":"https:\/\/liphoco.com\/ja\/wp-json\/wp\/v2\/pages"}],"about":[{"href":"https:\/\/liphoco.com\/ja\/wp-json\/wp\/v2\/types\/page"}],"author":[{"embeddable":true,"href":"https:\/\/liphoco.com\/ja\/wp-json\/wp\/v2\/users\/1"}],"replies":[{"embeddable":true,"href":"https:\/\/liphoco.com\/ja\/wp-json\/wp\/v2\/comments?post=3777"}],"version-history":[{"count":25,"href":"https:\/\/liphoco.com\/ja\/wp-json\/wp\/v2\/pages\/3777\/revisions"}],"predecessor-version":[{"id":4485,"href":"https:\/\/liphoco.com\/ja\/wp-json\/wp\/v2\/pages\/3777\/revisions\/4485"}],"up":[{"embeddable":true,"href":"https:\/\/liphoco.com\/ja\/wp-json\/wp\/v2\/pages\/1161"}],"wp:featuredmedia":[{"embeddable":true,"href":"https:\/\/liphoco.com\/ja\/wp-json\/wp\/v2\/media\/3827"}],"wp:attachment":[{"href":"https:\/\/liphoco.com\/ja\/wp-json\/wp\/v2\/media?parent=3777"}],"curies":[{"name":"wp","href":"https:\/\/api.w.org\/{rel}","templated":true}]}}