{"id":189,"date":"2023-03-06T06:10:01","date_gmt":"2023-03-06T06:10:01","guid":{"rendered":"https:\/\/liphoco.vn\/?page_id=189"},"modified":"2023-03-21T03:14:25","modified_gmt":"2023-03-21T03:14:25","slug":"history","status":"publish","type":"page","link":"https:\/\/liphoco.com\/vi\/history\/","title":{"rendered":"Qu\u00e1 tr\u00ecnh ph\u00e1t tri\u1ec3n"},"content":{"rendered":"<div class=\"wp-block-image size-large desktop\" style=\"text-align: center; width: 100vw;\"><img decoding=\"async\" class=\"wp-image-213\" style=\"text-align: center; width: 100vw;\" src=\"https:\/\/liphoco.vn\/wp-content\/uploads\/2023\/03\/z4159710166639_48abe32e65540e7ad0c061cc446f0ad2.jpg\" alt=\"\" \/><\/div>\r\n<div class=\"wp-block-image size-large mobile\" style=\"text-align: center; width: 100vw;\"><img decoding=\"async\" class=\"wp-image-213\" style=\"text-align: center; width: 100vw;\" src=\"https:\/\/liphoco.vn\/wp-content\/uploads\/2023\/03\/z4159747790938_d2131a8a007e8908cc27ef71dd0a46a6.jpg\" alt=\"\" \/><\/div>\r\n<p><style>\r\n        @media (max-width: 991px) {\r\n            .wp-block-image.size-large.desktop {\r\n                display: none;\r\n            }\r\n        }\r\n\r\n        @media (min-width: 991px) {\r\n            .wp-block-image.size-large.mobile {\r\n                display: none;\r\n            }\r\n        }\r\n    <\/style><\/p>\r\n\r\n<section class=\"page_portfolio\">\r\n<div class=\"page_layout_header\">\r\n<div class=\"full-width\">\r\n<div class=\"row\">\r\n<div class=\"col-xs-12 col-sm-12 col-md-12\">\r\n<div class=\"container content-page rte\">\r\n<div class=\"timeline\">\r\n<h2 class=\"timeline__item timeline__item--year\">2014<\/h2>\r\n<div class=\"timeline__item time_right\" data-aos=\"fade-up\">\r\n<div class=\"timeline__blurb\">\r\n<p class=\"translation-block\">C\u00f4ng ty LIPHOCO \u0111\u01b0\u1ee3c th\u00e0nh l\u1eadp v\u00e0o n\u0103m 2014, chuy\u00ean s\u1ea3n xu\u1ea5t v\u00e0 xu\u1ea5t kh\u1ea9u gi\u00e0n gi\u00e1o Ringlock, v\u1edbi 100% v\u1ed1n \u0111\u1ea7u t\u01b0 t\u1eeb nh\u00e0 s\u1ea3n xu\u1ea5t gi\u00e0n gi\u00e1o l\u1edbn th\u1ee9 5 t\u1ea1i Italy.<\/p>\r\n<\/div>\r\n<\/div>\r\n<h2 class=\"timeline__item timeline__item--year\">2016<\/h2>\r\n<div class=\"timeline__item time_left\" data-aos=\"fade-up\">\r\n<div class=\"timeline__blurb\">\r\n<p class=\"translation-block\">LIPHOCO quy\u1ebft \u0111\u1ecbnh m\u1edf r\u1ed9ng th\u1ecb tr\u01b0\u1eddng gi\u00e0n gi\u00e1o Ringlock t\u1ea1i Vi\u1ec7t Nam v\u00e0 \u0111\u00e3 th\u00e0nh c\u00f4ng trong vi\u1ec7c h\u1ee3p t\u00e1c v\u1edbi c\u00e1c nh\u00e0 th\u1ea7u x\u00e2y d\u1ef1ng l\u1edbn nh\u01b0 Newtecons, T\u1eadp \u0111o\u00e0n Hoa Binh, Cofico, Central v\u00e0 nhi\u1ec1u c\u00f4ng ty kh\u00e1c.<\/p>\r\n<\/div>\r\n<\/div>\r\n<h2 class=\"timeline__item timeline__item--year\">2017<\/h2>\r\n<div class=\"timeline__item time_right\" data-aos=\"fade-up\">\r\n<div class=\"timeline__blurb\">\r\n<p>Nh\u1eadn th\u1ea5y c\u00e1c c\u00f4ng ty M\u1ef9 v\u00e0 ch\u00e2u \u00c2u \u0111ang t\u00ecm ki\u1ebfm chu\u1ed7i cung \u1ee9ng cho vi\u1ec7c gia c\u00f4ng t\u1ea1i Vi\u1ec7t Nam, LIPHOCO \u0111\u00e3 n\u1eafm b\u1eaft c\u01a1 h\u1ed9i n\u00e0y v\u00e0 quy\u1ebft \u0111\u1ecbnh chuy\u1ec3n m\u1ed9t ph\u1ea7n ho\u1ea1t \u0111\u1ed9ng s\u1ea3n xu\u1ea5t sang ng\u00e0nh gia c\u00f4ng c\u01a1 kh\u00ed.<\/p>\r\n<\/div>\r\n<\/div>\r\n<h2 class=\"timeline__item timeline__item--year\">2023<span style=\"font-style: italic; font-size: 20px;\">Hi\u1ec7n t\u1ea1i<\/span><\/h2>\r\n<div class=\"timeline__item time_left\" data-aos=\"fade-up\">\r\n<div class=\"timeline__blurb\">\r\n<p class=\"translation-block\">LIPHOCO \u0111\u00e3 tr\u1edf th\u00e0nh m\u1ed9t c\u00f4ng ty gia c\u00f4ng c\u01a1 kh\u00ed cung c\u1ea5p cho nhi\u1ec1u kh\u00e1ch h\u00e0ng \u1edf M\u1ef9, Mexico, ch\u00e2u \u00c2u, Nh\u1eadt B\u1ea3n v\u00e0 nhi\u1ec1u qu\u1ed1c gia kh\u00e1c. M\u1eb7c d\u00f9 c\u00f3 s\u1ef1 chuy\u1ec3n \u0111\u1ed5i n\u00e0y, c\u00f4ng ty v\u1eabn cam k\u1ebft ph\u00e1t tri\u1ec3n v\u00e0 n\u00e2ng cao n\u0103ng l\u1ef1c s\u1ea3n xu\u1ea5t gi\u00e0n gi\u00e1o Ringlock \u0111\u1ec3 \u0111\u00e1p \u1ee9ng th\u1ecb tr\u01b0\u1eddng Vi\u1ec7t Nam v\u00e0 xu\u1ea5t kh\u1ea9u sang ch\u00e2u \u00c2u.<\/p>\r\n<\/div>\r\n<\/div>\r\n<\/div>\r\n<\/div>\r\n<\/div>\r\n<\/div>\r\n<\/div>\r\n<\/div>\r\n<\/section>\r\n<p><script>\r\n        AOS.init({\r\n            duration: 1000,\r\n            once: true\r\n        });\r\n    <\/script><\/p>","protected":false},"excerpt":{"rendered":"<p>2014 The LIPHOCO company was established in 2014, specializing in manufacturing and exporting Ringlock scaffolding, with 100% investment capital from the 5th largest scaffolding manufacturer in Italy. 2016 LIPHOCO has decided to expand the market for Ringlock scaffolding in Vietnam and has successfully collaborated with major construction contractors such as Newtecons, Hoa Binh Group, Cofico, [&hellip;]<\/p>","protected":false},"author":1,"featured_media":0,"parent":0,"menu_order":0,"comment_status":"closed","ping_status":"closed","template":"","meta":{"footnotes":""},"class_list":["post-189","page","type-page","status-publish","hentry","entry","owp-thumbs-layout-horizontal","owp-btn-normal","owp-tabs-layout-horizontal","has-no-thumbnails","has-product-nav"],"_links":{"self":[{"href":"https:\/\/liphoco.com\/vi\/wp-json\/wp\/v2\/pages\/189","targetHints":{"allow":["GET"]}}],"collection":[{"href":"https:\/\/liphoco.com\/vi\/wp-json\/wp\/v2\/pages"}],"about":[{"href":"https:\/\/liphoco.com\/vi\/wp-json\/wp\/v2\/types\/page"}],"author":[{"embeddable":true,"href":"https:\/\/liphoco.com\/vi\/wp-json\/wp\/v2\/users\/1"}],"replies":[{"embeddable":true,"href":"https:\/\/liphoco.com\/vi\/wp-json\/wp\/v2\/comments?post=189"}],"version-history":[{"count":19,"href":"https:\/\/liphoco.com\/vi\/wp-json\/wp\/v2\/pages\/189\/revisions"}],"predecessor-version":[{"id":822,"href":"https:\/\/liphoco.com\/vi\/wp-json\/wp\/v2\/pages\/189\/revisions\/822"}],"wp:attachment":[{"href":"https:\/\/liphoco.com\/vi\/wp-json\/wp\/v2\/media?parent=189"}],"curies":[{"name":"wp","href":"https:\/\/api.w.org\/{rel}","templated":true}]}}