{"id":191,"date":"2023-03-06T06:10:15","date_gmt":"2023-03-06T06:10:15","guid":{"rendered":"https:\/\/liphoco.vn\/?page_id=191"},"modified":"2024-02-29T05:35:12","modified_gmt":"2024-02-29T05:35:12","slug":"founder","status":"publish","type":"page","link":"https:\/\/liphoco.com\/vi\/founder\/","title":{"rendered":"Nh\u00e0 s\u00e1ng l\u1eadp"},"content":{"rendered":"<div class=\"wp-block-image size-large desktop\" style=\"text-align: center; width: 100vw;\"><img decoding=\"async\" class=\"wp-image-213\"\n        style=\"text-align: center; width: 100vw;\" src=\"https:\/\/liphoco.com\/wp-content\/uploads\/2023\/03\/founder-head.jpg\"\n        alt=\"\" \/><\/div>\n<div class=\"wp-block-image size-large mobile\" style=\"text-align: center; width: 100vw;\"><img decoding=\"async\" class=\"wp-image-213\"\n        style=\"text-align: center; width: 100vw;\"\n        src=\"https:\/\/liphoco.com\/wp-content\/uploads\/2023\/03\/founder-head-mobile.jpg\" alt=\"\" \/><\/div>\n<p>\n    <style>\n        @media (max-width: 991px) {\n            .wp-block-image.size-large.desktop {\n                display: none;\n            }\n        }\n\n        @media (min-width: 991px) {\n            .wp-block-image.size-large.mobile {\n                display: none;\n            }\n        }\n    <\/style>\n<\/p>\n<section class=\"page_founder\">\n    <div class=\"wwu-right\">\n        <div class=\"col-lg-6 col-md-6 col-sm-12 col-xs-12 col-left\">\n            <div class=\"wwu-image-right\"\n                style=\"background-image: url('https:\/\/liphoco.com\/wp-content\/uploads\/2023\/03\/z3956514345644-20b7a6b36f7c1c9a5ab18d211bf441c3.png');\"\n                data-aos=\"fade-right\">\n                <div class=\"blank-div-bg1\">\u00a0<\/div>\n            <\/div>\n        <\/div>\n        <div class=\"col-lg-6 col-md-6 col-sm-12 col-xs-12 col-right\">\n            <div class=\"wwu-content-right\" data-aos=\"fade-left\">\n                <div class=\"wwu-icon-right\"><span class=\"material-icons-outlined\">contacts<\/span><\/div>\n                <div class=\"wwu-body-right\">\n                    <div class=\"wwu-title\">\n                        <h5 class=\"title2\"><strong>Mr. C\u00f9 Qu\u1ed1c Vi\u1ec7t<\/strong><\/h5>\n                    <\/div>\n                    <hr \/>\n                    <div class=\"wwu-paragrp\">\n                        <p>\u00d4ng Vi\u1ec7t - Chuy\u00ean gia v\u1edbi kinh nghi\u1ec7m cao v\u00e0 \u0111\u1ed3ng s\u00e1ng l\u1eadp, hi\u1ec7n l\u00e0 CFO c\u1ee7a Liphoco - c\u00f4ng ty chuy\u00ean s\u1ea3n xu\u1ea5t c\u01a1 kh\u00ed v\u00e0 gi\u00e0n gi\u00e1o th\u00e0nh c\u00f4ng t\u1ea1i Vi\u1ec7t Nam. V\u1edbi h\u01a1n 13 n\u0103m trong l\u0129nh v\u1ef1c ki\u1ec3m to\u00e1n, ki\u1ec3m so\u00e1t ng\u00e2n s\u00e1ch v\u00e0 t\u00e0i ch\u00ednh, \u00f4ng Vi\u1ec7t s\u1edf h\u1eefu m\u1ed9t kho ki\u1ebfn th\u1ee9c chuy\u00ean m\u00f4n \u0111\u00e1ng k\u1ec3.<\/p>\n                        <p>\u00d4ng l\u00e0 th\u00e0nh vi\u00ean c\u1ee7a Hi\u1ec7p h\u1ed9i K\u1ebf to\u00e1n Ch\u1ee9ng ch\u1ec9 C\u00f4ng (ACCA), lu\u00f4n c\u1eadp nh\u1eadt nh\u1eefng ti\u00eau chu\u1ea9n k\u1ebf to\u00e1n v\u00e0 t\u00e0i ch\u00ednh m\u1edbi nh\u1ea5t theo chu\u1ea9n qu\u1ed1c t\u1ebf. \u00d4ng c\u0169ng tham gia Ph\u00f2ng Th\u01b0\u01a1ng m\u1ea1i Hoa K\u1ef3 t\u1ea1i Vi\u1ec7t Nam (AmCham), t\u1ed5 ch\u1ee9c th\u00fac \u0111\u1ea9y th\u01b0\u01a1ng m\u1ea1i v\u00e0 \u0111\u1ea7u t\u01b0 gi\u1eefa Hoa K\u1ef3 v\u00e0 Vi\u1ec7t Nam.<\/p>\n                        <p>Ngo\u00e0i ra, \u00f4ng Vi\u1ec7t c\u00f2n l\u00e0 th\u00e0nh vi\u00ean c\u1ee7a Hi\u1ec7p h\u1ed9i Gi\u00e1m \u0111\u1ed1c \u0111\u1ed9c l\u1eadp Vi\u1ec7t Nam (VIDA), t\u1ed5 ch\u1ee9c phi l\u1ee3i nhu\u1eadn v\u1eadn \u0111\u1ed9ng cho qu\u1ea3n tr\u1ecb c\u00f4ng ty t\u1ed1t t\u1ea1i Vi\u1ec7t Nam. Nh\u1edd kinh nghi\u1ec7m l\u00e2u n\u0103m trong l\u0129nh v\u1ef1c t\u00e0i ch\u00ednh v\u00e0 k\u1ebf to\u00e1n, c\u00f9ng v\u1edbi chuy\u00ean m\u00f4n s\u1ea3n xu\u1ea5t c\u1ee7a Liphoco, ch\u00fang t\u00f4i t\u1ef1 tin trong kh\u1ea3 n\u0103ng cung c\u1ea5p s\u1ea3n ph\u1ea9m v\u00e0 d\u1ecbch v\u1ee5 ch\u1ea5t l\u01b0\u1ee3ng cao cho c\u00e1c \u0111\u1ed1i t\u00e1c to\u00e0n c\u1ea7u. Ch\u00fang t\u00f4i cam k\u1ebft duy tr\u00ec c\u00e1c ti\u00eau chu\u1ea9n ch\u1ea5t l\u01b0\u1ee3ng v\u00e0 \u0111\u00e1ng tin c\u1eady nh\u1ea5t, v\u00e0 lu\u00f4n t\u00ecm ki\u1ebfm c\u01a1 h\u1ed9i m\u1edf r\u1ed9ng ph\u1ea1m vi v\u00e0 c\u1ee7ng c\u1ed1 c\u00e1c m\u1ed1i quan h\u1ec7 h\u1ee3p t\u00e1c.<\/p>\n                    <\/div>\n                <\/div>\n            <\/div>\n        <\/div>\n    <\/div>\n    <div class=\"wwu-left\">\n        <div class=\"col-lg-6 col-md-6 col-sm-12 col-xs-12 col-left\">\n            <div class=\"wwu-content-left\" data-aos=\"fade-right\">\n                <div class=\"wwu-icon-left\"><span class=\"material-icons-outlined\">contacts<\/span><\/div>\n                <div class=\"wwu-body-left\">\n                    <div class=\"wwu-title\">\n                        <h5 class=\"title2\"><strong>Mr. Nguy\u1ec5n Ho\u00e0ng V\u0169<\/strong><\/h5>\n                    <\/div>\n                    <hr \/>\n                    <div class=\"wwu-paragrp\">\n                        <p>\u00d4ng  Nguy\u1ec5n Ho\u00e0ng V\u0169 c\u1ef1u sinh vi\u00ean  k\u1ef9 s\u01b0 c\u01a1 kh\u00ed  tr\u01b0\u1eddng \u0110\u1ea1i h\u1ecdc B\u00e1ch khoa Th\u00e0nh ph\u1ed1 H\u1ed3 Ch\u00ed Minh, \u00f4ng \u0111\u00e3 t\u1ed1t nghi\u1ec7p n\u0103m 2005. Hi\u1ec7n \u00f4ng l\u00e0 Founder v\u00e0 CEO c\u1ee7a Liphoco - m\u1ed9t c\u00f4ng ty chuy\u00ean s\u1ea3n xu\u1ea5t c\u01a1 kh\u00ed v\u00e0 gi\u00e0n gi\u00e1o th\u00e0nh c\u00f4ng t\u1ea1i Vi\u1ec7t Nam.<\/p>\n                        <p>\u00d4ng Nguy\u1ec5n Ho\u00e0ng V\u0169 c\u0169ng l\u00e0 th\u00e0nh vi\u00ean c\u1ee7a Ph\u00f2ng Th\u01b0\u01a1ng m\u1ea1i Hoa K\u1ef3 t\u1ea1i Vi\u1ec7t Nam (AmCham - m\u1ed9t t\u1ed5 ch\u1ee9c uy t\u00edn th\u00fac \u0111\u1ea9y th\u01b0\u01a1ng m\u1ea1i v\u00e0 \u0111\u1ea7u t\u01b0 gi\u1eefa Hoa K\u1ef3 v\u00e0 Vi\u1ec7t Nam). S\u1ef1 tham gia c\u1ee7a \u00f4ng v\u00e0o AmCham th\u1ec3 hi\u1ec7n cam k\u1ebft c\u1ee7a \u00f4ng trong vi\u1ec7c c\u1eadp nh\u1eadt nh\u1eefng xu h\u01b0\u1edbng v\u00e0 th\u1ef1c ti\u1ec5n t\u1ed1t nh\u1ea5t c\u1ee7a ng\u00e0nh.<\/p>\n                        <p>D\u01b0\u1edbi s\u1ef1 l\u00e3nh \u0111\u1ea1o c\u1ee7a \u00f4ng Nguy\u1ec5n Ho\u00e0ng V\u0169, Liphoco cam k\u1ebft cung c\u1ea5p c\u00e1c s\u1ea3n ph\u1ea9m v\u00e0 d\u1ecbch v\u1ee5 ch\u1ea5t l\u01b0\u1ee3ng cao cho c\u00e1c \u0111\u1ed1i t\u00e1c to\u00e0n c\u1ea7u c\u1ee7a m\u00ecnh. N\u1ec1n t\u1ea3ng chuy\u00ean m\u00f4n c\u1ee7a c\u00f4ng ty trong l\u0129nh v\u1ef1c s\u1ea3n xu\u1ea5t c\u01a1 kh\u00ed v\u00e0 gi\u00e0n gi\u00e1o, k\u1ebft h\u1ee3p v\u1edbi tinh th\u1ea7n kinh doanh v\u00e0 t\u1ea7m nh\u00ecn chi\u1ebfn l\u01b0\u1ee3c c\u1ee7a \u00f4ng V\u0169, bi\u1ebfn Liphoco tr\u1edf th\u00e0nh \u0111\u1ed1i t\u00e1c tin c\u1eady cho c\u00e1c doanh nghi\u1ec7p trong nhi\u1ec1u ng\u00e0nh kh\u00e1c nhau.<\/p>\n                    <\/div>\n                <\/div>\n            <\/div>\n        <\/div>\n        <div class=\"col-lg-6 col-md-6 col-sm-12 col-xs-12 col-right\">\n            <div class=\"wwu-image-left\"\n                style=\"background-image: url('https:\/\/liphoco.com\/wp-content\/uploads\/2023\/03\/mrvu.jpg');\"\n                data-aos=\"fade-left\">\n                <div class=\"blank-div-bg1\">\u00a0<\/div>\n            <\/div>\n        <\/div>\n    <\/div>\n<\/section>\n<script>\n       AOS.init({\n            duration: 2000,\n            once: true,\n        });\n    <\/script>","protected":false},"excerpt":{"rendered":"<p>\u00a0 contacts Mr. C\u00f9 Qu\u1ed1c Vi\u1ec7t Mr. Viet is a highly experienced professional who currently serves as the Co-Founder and CFO of Liphoco, a successful company specializing in mechanical and scaffolding production in Vietnam. With 13 years of experience in audit, budget control, and finance, Mr. Viet brings a wealth of expertise to his role. [&hellip;]<\/p>","protected":false},"author":1,"featured_media":0,"parent":0,"menu_order":0,"comment_status":"closed","ping_status":"closed","template":"","meta":{"footnotes":""},"class_list":["post-191","page","type-page","status-publish","hentry","entry","owp-thumbs-layout-horizontal","owp-btn-normal","owp-tabs-layout-horizontal","has-no-thumbnails","has-product-nav"],"_links":{"self":[{"href":"https:\/\/liphoco.com\/vi\/wp-json\/wp\/v2\/pages\/191","targetHints":{"allow":["GET"]}}],"collection":[{"href":"https:\/\/liphoco.com\/vi\/wp-json\/wp\/v2\/pages"}],"about":[{"href":"https:\/\/liphoco.com\/vi\/wp-json\/wp\/v2\/types\/page"}],"author":[{"embeddable":true,"href":"https:\/\/liphoco.com\/vi\/wp-json\/wp\/v2\/users\/1"}],"replies":[{"embeddable":true,"href":"https:\/\/liphoco.com\/vi\/wp-json\/wp\/v2\/comments?post=191"}],"version-history":[{"count":11,"href":"https:\/\/liphoco.com\/vi\/wp-json\/wp\/v2\/pages\/191\/revisions"}],"predecessor-version":[{"id":3402,"href":"https:\/\/liphoco.com\/vi\/wp-json\/wp\/v2\/pages\/191\/revisions\/3402"}],"wp:attachment":[{"href":"https:\/\/liphoco.com\/vi\/wp-json\/wp\/v2\/media?parent=191"}],"curies":[{"name":"wp","href":"https:\/\/api.w.org\/{rel}","templated":true}]}}