{"id":2010,"date":"2023-05-18T04:27:03","date_gmt":"2023-05-18T04:27:03","guid":{"rendered":"https:\/\/liphoco.vn\/?page_id=2010"},"modified":"2024-02-29T05:42:05","modified_gmt":"2024-02-29T05:42:05","slug":"double-platform-cart-product-page","status":"publish","type":"page","link":"https:\/\/liphoco.com\/vi\/double-platform-cart-product-page\/","title":{"rendered":"Double Platform Cart &#8211; Product Page"},"content":{"rendered":"<script type=\"text\/javascript\" src=\"\/\/cdn.jsdelivr.net\/npm\/slick-carousel@1.8.1\/slick\/slick.min.js\"><\/script>\n<section class=\"product-page\">\n    <div class=\"container\">\n        <div class=\"row\">\n            <div class=\"col-lg-6 col-md-6 col-sm-12\">\n                <div class=\"product-gallery large-image-thumb\">\n                    <div class=\"product-thumb\">\n                        <img decoding=\"async\" src=\"https:\/\/liphoco.com\/wp-content\/uploads\/2023\/05\/Products-details-03.jpg\"  \/>\n                    <\/div>\n                    <div class=\"product-thumb\">\n                        <img decoding=\"async\" src=\"https:\/\/liphoco.com\/wp-content\/uploads\/2023\/03\/Lumber-Cart-1.jpg\"  \/>\n                    <\/div>\n                    <div class=\"product-thumb\">\n                        <img decoding=\"async\" src=\"https:\/\/liphoco.com\/wp-content\/uploads\/2023\/05\/1.png\"  \/>\n                    <\/div>\n                    <div class=\"product-thumb\">\n                        <img decoding=\"async\" src=\"https:\/\/liphoco.com\/wp-content\/uploads\/2023\/05\/11.png\"  \/>\n                    <\/div>\n                    <div class=\"product-thumb\">\n                        <img decoding=\"async\" src=\"https:\/\/liphoco.com\/wp-content\/uploads\/2023\/05\/2.png\"  \/>\n                    <\/div>\n                    <div class=\"product-thumb\">\n                        <img decoding=\"async\" src=\"https:\/\/liphoco.com\/wp-content\/uploads\/2023\/05\/z4345028523067_f66472aeef4872c1d602d4d5c7f18180-scaled.jpg\"  \/>\n                    <\/div>\n                <\/div>\n                <div class=\"product-gallery-slide\">\n                    <div class=\"gallery-slide-item\">\n                        <img decoding=\"async\" src=\"https:\/\/liphoco.com\/wp-content\/uploads\/2023\/05\/Products-details-03.jpg\" \/>\n                    <\/div>\n                    <div class=\"gallery-slide-item\">\n                        <img decoding=\"async\" src=\"https:\/\/liphoco.com\/wp-content\/uploads\/2023\/03\/Lumber-Cart-1.jpg\" \/>\n                    <\/div>\n                    <div class=\"gallery-slide-item\">\n                        <img decoding=\"async\" src=\"https:\/\/liphoco.com\/wp-content\/uploads\/2023\/05\/1.png\" \/>\n                    <\/div>\n                    <div class=\"gallery-slide-item\">\n                        <img decoding=\"async\" src=\"https:\/\/liphoco.com\/wp-content\/uploads\/2023\/05\/11.png\" \/>\n                    <\/div>\n                    <div class=\"gallery-slide-item\">\n                        <img decoding=\"async\" src=\"https:\/\/liphoco.com\/wp-content\/uploads\/2023\/05\/2.png\" \/>\n                    <\/div>\n                    <div class=\"gallery-slide-item\">\n                        <img decoding=\"async\" src=\"https:\/\/liphoco.com\/wp-content\/uploads\/2023\/05\/z4345028523067_f66472aeef4872c1d602d4d5c7f18180-scaled.jpg\" \/>\n                    <\/div>\n                <\/div>\n            <\/div>\n            <div class=\"col-lg-6 col-md-6 col-sm-12\">\n                <div class=\"product-details\">\n                    <h2 class=\"product-name-main\">Xe \u0111\u1ea9y 2 t\u1ea7ng<\/h2>\n                    <div class=\"product-group\">\n                        <h2 class=\"product-group-title\">C\u1ea4U T\u1ea0O V\u00c0 QUY TR\u00ccNH S\u1ea2N XU\u1ea4T<\/h2>\n                        <div class=\"accordionWrapper\">\n                            <div class=\"accordionItem open\">\n                                <h3 class=\"accordionItemHeading\">(1+2) Xe \u0111\u1ea9y<\/h3>\n                                <div class=\"accordionItemContent\">\n                                    <p>\n                                        Xe \u0111\u1ea9y ph\u1eb3ng l\u00e0 m\u1ed9t b\u1ec1 m\u1eb7t d\u00f9ng \u0111\u1ec3 \u0111\u1eb7t c\u00e1c t\u1ea5m v\u1eadt li\u1ec7u nh\u01b0 t\u1ea5m th\u1ea1ch cao ho\u1eb7c c\u00e1c t\u1ea5m g\u1ed7.<br\/>\n                                        <bold>Quy tr\u00ecnh s\u1ea3n xu\u1ea5t:<\/bold> C\u1ea3 s\u00e0n tr\u00ean v\u00e0 s\u00e0n d\u01b0\u1edbi \u0111\u1ec1u \u0111\u01b0\u1ee3c l\u00e0m t\u1eeb c\u00e1c t\u1ea5m th\u00e9p ph\u1eb3ng v\u1edbi \u0111\u1ed9 d\u00e0y t\u00f9y ch\u1ec9nh theo y\u00eau c\u1ea7u c\u1ee7a kh\u00e1ch h\u00e0ng. C\u00e1c t\u1ea5m th\u00e9p n\u00e0y \u0111\u01b0\u1ee3c \u0111\u01b0a v\u00e0o m\u00e1y c\u1eaft laser \u0111\u1ec3 t\u1ea1o h\u00ecnh v\u1edbi k\u00edch th\u01b0\u1edbc ph\u00f9 h\u1ee3p.\n\u2013 S\u00e0n tr\u00ean \u0111\u01b0\u1ee3c h\u00e0n ch\u1eafc ch\u1eafn v\u00e0o khung th\u00e9p \u0111\u1ec3 t\u1ea1o h\u00ecnh v\u00e0 \u0111\u00f3ng vai tr\u00f2 l\u00e0 b\u1ed9 ph\u1eadn ch\u1ecbu t\u1ea3i ch\u00ednh c\u1ee7a xe.\n\u2013 T\u01b0\u01a1ng t\u1ef1, s\u00e0n d\u01b0\u1edbi c\u0169ng \u0111\u01b0\u1ee3c c\u1eaft laser \u0111\u1ec3 t\u1ea1o h\u00ecnh, sau \u0111\u00f3 tr\u1ea3i qua qu\u00e1 tr\u00ecnh u\u1ed1n \u0111\u1ec3 \u0111\u1ecbnh h\u00ecnh. Cu\u1ed1i c\u00f9ng, ch\u00fang \u0111\u01b0\u1ee3c \u0111\u01b0a v\u00e0o quy tr\u00ecnh h\u00e0n t\u1ef1 \u0111\u1ed9ng b\u1eb1ng robot \u0111\u1ec3 h\u00e0n c\u00e1c g\u00f3c.\n                                    <\/p>\n                                <\/div>\n                            <\/div>\n                            <div class=\"accordionItem close-accordion\">\n                                <h3 class=\"accordionItemHeading\">3. \u1ed0ng l\u00f3t trong<\/h3>\n                                <div class=\"accordionItemContent\">\n                                    <p>\n                                        \u1ed0ng l\u00f3t trong \u0111\u00f3ng vai tr\u00f2 quan tr\u1ecdng trong vi\u1ec7c duy tr\u00ec \u0111\u1ed9 c\u1ee9ng v\u1eefng k\u1ebft c\u1ea5u v\u00e0 kh\u1ea3 n\u0103ng ch\u1ecbu t\u1ea3i c\u1ee7a xe, g\u00f3p ph\u1ea7n v\u00e0o hi\u1ec7u su\u1ea5t v\u00e0 \u0111\u1ed9 an to\u00e0n t\u1ed5ng th\u1ec3. B\u1ed9 ph\u1eadn n\u00e0y th\u01b0\u1eddng l\u00e0 \u1ed1ng r\u1ed7ng ho\u1eb7c \u1ed1ng vu\u00f4ng ch\u1ea1y d\u1ecdc theo hai b\u00ean c\u1ee7a xe.<br\/>\n                                        <bold>Quy tr\u00ecnh s\u1ea3n xu\u1ea5t:<\/bold> \u1ed0ng l\u00f3t trong \u0111\u01b0\u1ee3c ch\u1ebf t\u1ea1o t\u1eeb c\u00e1c \u1ed1ng th\u00e9p r\u1ed7ng ho\u1eb7c \u1ed1ng th\u00e9p vu\u00f4ng, \u0111\u01b0\u1ee3c c\u1eaft theo \u0111\u00fang chi\u1ec1u d\u00e0i y\u00eau c\u1ea7u. C\u00e1c \u1ed1ng n\u00e0y \u0111\u01b0\u1ee3c gia c\u00f4ng t\u1ea1o h\u00ecnh c\u1ea9n th\u1eadn v\u00e0 chu\u1ea9n b\u1ecb \u0111\u1ec3 l\u1eafp r\u00e1p. Sau \u0111\u00f3, ch\u00fang \u0111\u01b0\u1ee3c h\u00e0n ch\u1eafc ch\u1eafn v\u00e0o c\u1ea3 s\u00e0n tr\u00ean v\u00e0 s\u00e0n d\u01b0\u1edbi, t\u1ea1o th\u00e0nh m\u1ed9t k\u1ebft c\u1ea5u li\u00ean k\u1ebft b\u1ec1n v\u00e0 c\u1ee9ng v\u1eefng.\n                                    <\/p>\n                                <\/div>\n                            <\/div>\n                            <div class=\"accordionItem close-accordion\">\n                                <h3 class=\"accordionItemHeading\">4. T\u1ea5m g\u1eafn b\u00e1nh xe<\/h3>\n                                <div class=\"accordionItemContent\">\n                                    <p>\n                                        The wheel plate is a specialized plate or bracket designed to provide secure and stable mounting points for the wheels.<br\/>\n                                        <bold>Quy tr\u00ecnh s\u1ea3n xu\u1ea5t:<\/bold> The wheel plate is fabricated from flat steel sheets, which are cut and precisely shaped using laser cutting technology to achieve the desired dimensions. Subsequently, these shaped plates undergo bending and welding processes to form complete wheel rims.\n                                    <\/p>\n                                <\/div>\n                            <\/div>\n                        <\/div>\n                        <div class=\"product-note\">\n                            <p>\n                                <bold>***Sau khi ho\u00e0n th\u00e0nh vi\u1ec7c \u0111\u1ecbnh h\u00ecnh c\u1ee5 th\u1ec3, c\u00e1c b\u1ed9 ph\u1eadn ho\u1eb7c chi ti\u1ebft s\u1ebd \u0111\u01b0\u1ee3c chuy\u1ec3n sang d\u00e2y chuy\u1ec1n s\u01a1n t\u0129nh \u0111i\u1ec7n. Ch\u00fang t\u00f4i s\u1eed d\u1ee5ng h\u1ec7 th\u1ed1ng hi\u1ec7n \u0111\u1ea1i v\u00e0 quy tr\u00ecnh kh\u1eafc khe \u0111\u1ec3 t\u1ea1o ra m\u1ed9t l\u1edbp s\u01a1n \u0111\u1eb9p m\u1eaft, ch\u1eafc ch\u1eafn v\u00e0 b\u1ec1n b\u1ec9.<\/bold>\n                            <\/p>\n                            <p>\n                                <bold>Ngo\u00e0i ra, nhi\u1ec1u b\u1ed9 ph\u1eadn nh\u1ecf kh\u00e1c tr\u00ean xe \u0111\u1ea9y n\u00e0y c\u0169ng s\u1ebd \u0111\u01b0\u1ee3c gia c\u00f4ng v\u00e0 ho\u00e0n thi\u1ec7n m\u1ed9t c\u00e1ch ch\u00ednh x\u00e1c. H\u00e3y li\u00ean h\u1ec7 v\u1edbi ch\u00fang t\u00f4i ngay h\u00f4m nay \u0111\u1ec3 t\u00ecm hi\u1ec3u th\u00eam v\u1ec1 s\u1ea3n ph\u1ea9m v\u00e0 nh\u1eadn gi\u1ea3i ph\u00e1p ph\u00f9 h\u1ee3p v\u1edbi nhu c\u1ea7u c\u1ee7a b\u1ea1n.<\/bold>\n                            <\/p>\n                        <\/div>\n                        <div class=\"product-method\">\n                            <h3 class=\"method-title\">Ph\u01b0\u01a1ng ph\u00e1p s\u1ea3n xu\u1ea5t:<\/h3>\n                            <div class=\"product-method-tag\">\n                                <a class=\"method-tag\" href=\"https:\/\/liphoco.com\/vi\/machinery-laser-cutting-systems\/\" target=\"_blank\" rel=\"noopener\">C\u1eaeT LASER CNC<\/a>\n                                <a class=\"method-tag\" href=\"https:\/\/liphoco.com\/vi\/machinery-welding-systems\/\" target=\"_blank\" rel=\"noopener\">H\u00e0n<\/a>\n                                <a class=\"method-tag\" href=\"https:\/\/liphoco.com\/vi\/machinery-cutting-systems\/\" target=\"_blank\" rel=\"noopener\">C\u1eaft<\/a>\n                                <a class=\"method-tag\" href=\"https:\/\/liphoco.com\/vi\/machinery-bending-system\/\" target=\"_blank\" rel=\"noopener\">U\u1ed1n<\/a>\n                                <a class=\"method-tag\" href=\"https:\/\/liphoco.com\/vi\/machinery-pressing-systems\/\" target=\"_blank\" rel=\"noopener\">D\u1eadp<\/a>\n                                <a class=\"method-tag\" href=\"https:\/\/liphoco.com\/vi\/machinery-power-coating-systems\/\" target=\"_blank\" rel=\"noopener\">Phun s\u01a1n t\u0129nh \u0111i\u1ec7n<\/a>\n                            <\/div>\n                        <\/div>\n                    <\/div>\n                    <div class=\"button-contact\">\n                        <a href=\"#contact-form\" class=\"product-btn-contact\">\n                            NH\u1eacN B\u00c1O GI\u00c1\n                        <\/a>\n                    <\/div>\n                <\/div>\n            <\/div>\n            <div class=\"col-lg-12 col-md-12 col-sm-12\" id=\"contact-form\">\n                <div class=\"product-form-contact\">\n                    \n<div class=\"wpcf7 no-js\" id=\"wpcf7-f1501-o1\" lang=\"en-US\" dir=\"ltr\">\n<div class=\"screen-reader-response\"><p role=\"status\" aria-live=\"polite\" aria-atomic=\"true\"><\/p> <ul><\/ul><\/div>\n<form action=\"\/vi\/wp-json\/wp\/v2\/pages\/2010#wpcf7-f1501-o1\" method=\"post\" class=\"wpcf7-form init\" aria-label=\"Contact form\" novalidate=\"novalidate\" data-status=\"init\" data-trp-original-action=\"\/vi\/wp-json\/wp\/v2\/pages\/2010#wpcf7-f1501-o1\">\n<div style=\"display: none;\">\n<input type=\"hidden\" name=\"_wpcf7\" value=\"1501\" \/>\n<input type=\"hidden\" name=\"_wpcf7_version\" value=\"5.7.7\" \/>\n<input type=\"hidden\" name=\"_wpcf7_locale\" value=\"en_US\" \/>\n<input type=\"hidden\" name=\"_wpcf7_unit_tag\" value=\"wpcf7-f1501-o1\" \/>\n<input type=\"hidden\" name=\"_wpcf7_container_post\" value=\"0\" \/>\n<input type=\"hidden\" name=\"_wpcf7_posted_data_hash\" value=\"\" \/>\n<input type=\"hidden\" name=\"_wpcf7_recaptcha_response\" value=\"\" \/>\n<\/div>\n<h2>Nh\u1eadn b\u00e1o gi\u00e1 ngay\n<\/h2>\n<hr \/>\n<div clas=\"container\">\n\t<div class=\"row\">\n\t\t<div class=\"col-lg-6 col-md-6 col-sm-12\">\n\t\t\t<p><label> T\u00ean*<br \/>\n<span class=\"wpcf7-form-control-wrap\" data-name=\"your-name\"><input size=\"40\" class=\"wpcf7-form-control wpcf7-text wpcf7-validates-as-required\" autocomplete=\"name\" aria-required=\"true\" aria-invalid=\"false\" value=\"\" type=\"text\" name=\"your-name\" \/><\/span> <\/label>\n\t\t\t<\/p>\n\t\t\t<p><label> Email*<br \/>\n<span class=\"wpcf7-form-control-wrap\" data-name=\"your-email\"><input size=\"40\" class=\"wpcf7-form-control wpcf7-text wpcf7-email wpcf7-validates-as-required wpcf7-validates-as-email\" autocomplete=\"email\" aria-required=\"true\" aria-invalid=\"false\" value=\"\" type=\"email\" name=\"your-email\" \/><\/span> <\/label>\n\t\t\t<\/p>\n\t\t<\/div>\n\t\t<div class=\"col-lg-6 col-md-6 col-sm-12\">\n\t\t\t<p><label> S\u1ed1 \u0111i\u1ec7n tho\u1ea1i*<br \/>\n<span class=\"wpcf7-form-control-wrap\" data-name=\"your-tel\"><input size=\"40\" class=\"wpcf7-form-control wpcf7-text wpcf7-tel wpcf7-validates-as-tel\" autocomplete=\"phone\" aria-invalid=\"false\" value=\"\" type=\"tel\" name=\"your-tel\" \/><\/span> <\/label>\n\t\t\t<\/p>\n\t\t\t<p><label> C\u00f4ng ty (T\u00f9y ch\u1ecdn)<br \/>\n<span class=\"wpcf7-form-control-wrap\" data-name=\"your-company\"><input size=\"40\" class=\"wpcf7-form-control wpcf7-text\" aria-invalid=\"false\" value=\"\" type=\"text\" name=\"your-company\" \/><\/span> <\/label>\n\t\t\t<\/p>\n\t\t<\/div>\n\t\t<div class=\"col-lg-12 col-md-12 col-sm-12\">\n\t\t\t<p><label> L\u1eddi nh\u1eafn*<br \/>\n<span class=\"wpcf7-form-control-wrap\" data-name=\"your-message\"><textarea cols=\"40\" rows=\"10\" class=\"wpcf7-form-control wpcf7-textarea wpcf7-validates-as-required\" aria-required=\"true\" aria-invalid=\"false\" name=\"your-message\"><\/textarea><\/span> <\/label>\n\t\t\t<\/p>\n\t\t\t<p><input class=\"wpcf7-form-control has-spinner wpcf7-submit\" type=\"submit\" value=\"G\u1eedi\" \/>\n\t\t\t<\/p>\n\t\t<\/div>\n\t<\/div>\n<\/div><p style=\"display: none !important;\"><label>&#916;<textarea name=\"_wpcf7_ak_hp_textarea\" cols=\"45\" rows=\"8\" maxlength=\"100\"><\/textarea><\/label><input type=\"hidden\" id=\"ak_js_1\" name=\"_wpcf7_ak_js\" value=\"197\"\/><script>document.getElementById( \"ak_js_1\" ).setAttribute( \"value\", ( new Date() ).getTime() );<\/script><\/p><div class=\"wpcf7-response-output\" aria-hidden=\"true\"><\/div>\n<input type=\"hidden\" name=\"trp-form-language\" value=\"vi\"\/><\/form>\n<\/div>\n\n                <\/div>\n            <\/div>\n            <div class=\"col-lg-12 col-md-12 col-sm-12\">\n                <div class=\"product-related\">\n                    <h3 class=\"related-title\">S\u1ea3n ph\u1ea9m li\u00ean quan<\/h3>\n                    <div class=\"row\">\n                        <div class=\"col-lg-3 col-md-3 col-sm-6\">\n                            <a href=\"https:\/\/liphoco.com\/vi\/lumber-cart-product-page\/\" target=\"_blank\" class=\"see-detail-double product-grid-link\" rel=\"noopener\">\n                                <img decoding=\"async\" class=\"product-grid-img\" src=\"https:\/\/liphoco.com\/wp-content\/uploads\/2023\/03\/Steel-Deck-Lumber-Cart-1.jpg\" \/>\n                                <div class=\"product-grid-info\">\n                                    <h2 class=\"product-name\">Xe \u0111\u1ea9y v\u1eadt li\u1ec7u d\u1ea1ng t\u1ea5m<\/h2>\n                                    <div class=\"product-button\">\n                                        <span>Xem chi ti\u1ebft<\/span>\n                                    <\/div>\n                                <\/div>\n                            <\/a>\n                        <\/div>\n                        <div class=\"col-lg-3 col-md-3 col-sm-6\">\n                            <a href=\"https:\/\/liphoco.com\/vi\/three-tier-cart-product-page\/\" target=\"_blank\" class=\"see-detail-threetier product-grid-link\" rel=\"noopener\">\n                                <img decoding=\"async\" class=\"product-grid-img\" src=\"https:\/\/liphoco.com\/wp-content\/uploads\/2023\/03\/Three-Tier-Cart-1.jpg\" \/>\n                                <div class=\"product-grid-info\">\n                                    <h2 class=\"product-name\">Xe \u0111\u1ea9y 3 t\u1ea7ng<\/h2>\n                                    <div class=\"product-button\">\n                                        <span>Xem chi ti\u1ebft<\/span>\n                                    <\/div>\n                                <\/div>\n                            <\/a>\n                        <\/div>\n                        <div class=\"col-lg-3 col-md-3 col-sm-6\">\n                            <a href=\"https:\/\/liphoco.com\/vi\/paint-cart-product-page\/\" target=\"_blank\" class=\"see-detail-threetier product-grid-link\" rel=\"noopener\">\n                                <img decoding=\"async\" class=\"product-grid-img\" src=\"https:\/\/liphoco.com\/wp-content\/uploads\/2023\/03\/Paint-Cart-Orange-1.jpg\" \/>\n                                <div class=\"product-grid-info\">\n                                    <h2 class=\"product-name\">Xe \u0111\u1ea9y s\u01a1n<\/h2>\n                                    <div class=\"product-button\">\n                                        <span>Xem chi ti\u1ebft<\/span>\n                                    <\/div>\n                                <\/div>\n                            <\/a>\n                        <\/div>\n                        <div class=\"col-lg-3 col-md-3 col-sm-6\">\n                            <a href=\"https:\/\/liphoco.com\/vi\/flat-cart-product-page\/\" target=\"_blank\" class=\"see-detail-threetier product-grid-link\" rel=\"noopener\">\n                                <img decoding=\"async\" class=\"product-grid-img\" src=\"https:\/\/liphoco.com\/wp-content\/uploads\/2023\/03\/Flat-Cart-1.jpg\" \/>\n                                <div class=\"product-grid-info\">\n                                    <h2 class=\"product-name\">Xe \u0111\u1ea9y h\u00e0ng<\/h2>\n                                    <div class=\"product-button\">\n                                        <span>Xem chi ti\u1ebft<\/span>\n                                    <\/div>\n                                <\/div>\n                            <\/a>\n                        <\/div>\n                    <\/div>\n                <\/div>\n            <\/div>\n        <\/div>\n    <\/div>\n<\/section>\n<script>\n$('.large-image-thumb').slick({\n    slidesToShow: 1,\n    slidesToScroll: 1,\n    arrows: false,\n    fade: true,\n    asNavFor: '.product-gallery-slide'\n});\n$('.product-gallery-slide').slick({\n    slidesToShow: 4,\n    slidesToScroll: 1,\n    arrows: true,\n    asNavFor: '.large-image-thumb',\n    focusOnSelect: true\n });\n<\/script>\n<script>\n    var accItem = document.getElementsByClassName('accordionItem');\n        var accHD = document.getElementsByClassName('accordionItemHeading');\n             for (i = 0; i < accHD.length; i++) {\n              accHD[i].addEventListener('click', toggleItem, false);\n          }\n        function toggleItem() {\n            var itemClass = this.parentNode.className;\n              for (i = 0; i < accItem.length; i++) {\n                  accItem[i].className = 'accordionItem close-accordion';\n              }\n              if (itemClass == 'accordionItem close-accordion') {\n                  this.parentNode.className = 'accordionItem open';\n              }\n         }\n    <\/script>","protected":false},"excerpt":{"rendered":"<p>Double Platform Cart STRUCTURE AND MANUFACTURING PROCESS (1 + 2) Platform A platform is a surface on which material sheets such as gypsum boards or wooden panels are placed. *Manufacturing process: Both the upper and lower platforms are made of flat steel sheets with customized thickness according to the customer&#8217;s requirements. These steel sheets are [&hellip;]<\/p>","protected":false},"author":1,"featured_media":0,"parent":0,"menu_order":0,"comment_status":"closed","ping_status":"closed","template":"","meta":{"footnotes":""},"class_list":["post-2010","page","type-page","status-publish","hentry","entry","owp-thumbs-layout-horizontal","owp-btn-normal","owp-tabs-layout-horizontal","has-no-thumbnails","has-product-nav"],"_links":{"self":[{"href":"https:\/\/liphoco.com\/vi\/wp-json\/wp\/v2\/pages\/2010","targetHints":{"allow":["GET"]}}],"collection":[{"href":"https:\/\/liphoco.com\/vi\/wp-json\/wp\/v2\/pages"}],"about":[{"href":"https:\/\/liphoco.com\/vi\/wp-json\/wp\/v2\/types\/page"}],"author":[{"embeddable":true,"href":"https:\/\/liphoco.com\/vi\/wp-json\/wp\/v2\/users\/1"}],"replies":[{"embeddable":true,"href":"https:\/\/liphoco.com\/vi\/wp-json\/wp\/v2\/comments?post=2010"}],"version-history":[{"count":7,"href":"https:\/\/liphoco.com\/vi\/wp-json\/wp\/v2\/pages\/2010\/revisions"}],"predecessor-version":[{"id":3911,"href":"https:\/\/liphoco.com\/vi\/wp-json\/wp\/v2\/pages\/2010\/revisions\/3911"}],"wp:attachment":[{"href":"https:\/\/liphoco.com\/vi\/wp-json\/wp\/v2\/media?parent=2010"}],"curies":[{"name":"wp","href":"https:\/\/api.w.org\/{rel}","templated":true}]}}