{"id":2078,"date":"2023-05-18T07:33:57","date_gmt":"2023-05-18T07:33:57","guid":{"rendered":"https:\/\/liphoco.vn\/?page_id=2078"},"modified":"2023-06-05T03:33:52","modified_gmt":"2023-06-05T03:33:52","slug":"pram-handle-hand-truck-product-page","status":"publish","type":"page","link":"https:\/\/liphoco.com\/vi\/pram-handle-hand-truck-product-page\/","title":{"rendered":"Pram Handle Hand Truck &#8211; Product Page"},"content":{"rendered":"<script type=\"text\/javascript\" src=\"\/\/cdn.jsdelivr.net\/npm\/slick-carousel@1.8.1\/slick\/slick.min.js\"><\/script>\n<section class=\"product-page\">\n    <div class=\"container\">\n        <div class=\"row\">\n            <div class=\"col-lg-6 col-md-6 col-sm-12\">\n                <div class=\"product-gallery large-image-thumb\">\n                    <div class=\"product-thumb\">\n                        <img decoding=\"async\" src=\"https:\/\/liphoco.com\/wp-content\/uploads\/2023\/05\/Products-details-08.jpg\"  \/>\n                    <\/div>\n                    <div class=\"product-thumb\">\n                        <img decoding=\"async\" src=\"https:\/\/liphoco.com\/wp-content\/uploads\/2023\/04\/handtruck1.png\"  \/>\n                    <\/div>\n                <\/div>\n                <div class=\"product-gallery-slide\">\n                    <div class=\"gallery-slide-item\">\n                        <img decoding=\"async\" src=\"https:\/\/liphoco.com\/wp-content\/uploads\/2023\/05\/Products-details-08.jpg\" \/>\n                    <\/div>\n                    <div class=\"gallery-slide-item\">\n                        <img decoding=\"async\" src=\"https:\/\/liphoco.com\/wp-content\/uploads\/2023\/04\/handtruck1.png\" \/>\n                    <\/div>\n                <\/div>\n            <\/div>\n            <div class=\"col-lg-6 col-md-6 col-sm-12\">\n                <div class=\"product-details\">\n                    <h2 class=\"product-name-main\">Xe \u0111\u1ea9y tay n\u00f4i<\/h2>\n                    <div class=\"product-group\">\n                        <h2 class=\"product-group-title\">C\u1ea4U T\u1ea0O V\u00c0 QUY TR\u00ccNH S\u1ea2N XU\u1ea4T<\/h2>\n                        <div class=\"accordionWrapper\">\n                            <div class=\"accordionItem open\">\n                                <h3 class=\"accordionItemHeading\">Tay \u0111\u1ea9y<\/h3>\n                                <div class=\"accordionItemContent\">\n                                    <p>\n                                        Tay \u0111\u1ea9y \u0111\u01b0\u1ee3c thi\u1ebft k\u1ebf \u0111\u1ec3 \u0111\u1ea9y v\u00e0 k\u00e9o d\u1ec5 d\u00e0ng. Ngo\u00e0i ra, n\u00f3 \u0111\u01b0\u1ee3c xem nh\u01b0 m\u1ed9t ph\u1ea7n kh\u00f4ng th\u1ec3 t\u00e1ch r\u1eddi c\u1ee7a khung, \u0111\u01b0\u1ee3c k\u1ebft n\u1ed1i v\u1edbi tr\u1ee5c ch\u00ednh v\u00e0 ph\u1ea7n t\u1ef1a l\u01b0ng nh\u1eb1m t\u1ea1o n\u00ean k\u1ebft c\u1ea5u v\u1eefng ch\u1eafc v\u00e0 h\u1ed7 tr\u1ee3 l\u1ef1c n\u00e2ng cho xe \u0111\u1ea9y tay.<br\/>\n                                        <bold>Quy tr\u00ecnh s\u1ea3n xu\u1ea5t:<\/bold> \u1ed0ng th\u00e9p \u0111\u01b0\u1ee3c \u0111\u01b0a v\u00e0o m\u00e1y c\u1eaft \u1ed1ng t\u1ef1 \u0111\u1ed9ng \u0111\u1ec3 c\u1eaft th\u00e0nh c\u00e1c \u0111o\u1ea1n c\u00f3 k\u00edch th\u01b0\u1edbc ph\u00f9 h\u1ee3p. C\u00e1c \u0111o\u1ea1n \u1ed1ng n\u00e0y sau \u0111\u00f3 \u0111\u01b0\u1ee3c \u0111\u01b0a v\u00e0o m\u00e1y u\u1ed1n \u1ed1ng CNC \u0111\u1ec3 t\u1ea1o h\u00ecnh m\u1ed9t c\u00e1ch d\u1ec5 d\u00e0ng v\u00e0 hi\u1ec7u qu\u1ea3.\n                                    <\/p>\n                                <\/div>\n                            <\/div>\n                            <div class=\"accordionItem close-accordion\">\n                                <h3 class=\"accordionItemHeading\">2. Thanh tr\u1ee5 ch\u00ednh v\u00e0 khung \u0111\u1ee1 ph\u00eda sau<\/h3>\n                                <div class=\"accordionItemContent\">\n                                    <p>\n                                        Thanh tr\u1ee5 ch\u00ednh v\u00e0 khung \u0111\u1ee1 ph\u00eda sau l\u00e0 nh\u1eefng b\u1ed9 ph\u1eadn quan tr\u1ecdng, t\u1ea1o n\u00ean k\u1ebft c\u1ea5u v\u00e0 \u0111\u1ed9 \u1ed5n \u0111\u1ecbnh cho xe \u0111\u1ea9y tay. Ch\u00fang gi\u00fap n\u00e2ng \u0111\u1ee1 tay \u0111\u1ea9y \u0111\u1ec3 ch\u1ecbu t\u1ea3i tr\u1ecdng c\u1ee7a h\u00e0ng h\u00f3a, \u0111\u1ed3ng th\u1eddi \u0111\u1ea3m b\u1ea3o \u0111\u1ed9 b\u1ec1n v\u00e0 \u0111\u1ed9 c\u1ee9ng v\u1eefng cho to\u00e0n b\u1ed9 s\u1ea3n ph\u1ea9m.<br\/>\n                                        <bold>Quy tr\u00ecnh s\u1ea3n xu\u1ea5t:<\/bold> B\u1eaft \u0111\u1ea7u t\u1eeb nh\u1eefng t\u1ea5m th\u00e9p l\u1edbn, ch\u00fang \u0111\u01b0\u1ee3c c\u1eaft theo k\u00edch th\u01b0\u1edbc y\u00eau c\u1ea7u b\u1eb1ng c\u00f4ng ngh\u1ec7 laser. Sau \u0111\u00f3, c\u00e1c t\u1ea5m th\u00e9p \u0111\u01b0\u1ee3c t\u1ea1o h\u00ecnh th\u00f4ng qua qu\u00e1 tr\u00ecnh u\u1ed1n v\u00e0 h\u00e0n t\u1ef1 \u0111\u1ed9ng \u0111\u1ec3 ho\u00e0n thi\u1ec7n b\u1ed9 ph\u1eadn thanh tr\u1ee5 ch\u00ednh v\u00e0 khung \u0111\u1ee1 ph\u00eda sau.\n                                    <\/p>\n                                <\/div>\n                            <\/div>\n                            <div class=\"accordionItem close-accordion\">\n                                <h3 class=\"accordionItemHeading\">3. T\u1ea5m l\u01b0\u1ee1i<\/h3>\n                                <div class=\"accordionItemContent\">\n                                    <p>\n                                        The toe plate serves as the platform for loading and transporting goods on the hand truck. It is commonly made of sturdy materials such as steel to resist deformation or damage.<br\/>\n                                        <bold>Quy tr\u00ecnh s\u1ea3n xu\u1ea5t:<\/bold> Thick flat steel sheets are cut into the desired shape using laser cutting technology and then bent according to the required specifications.\n                                    <\/p>\n                                <\/div>\n                            <\/div>\n                        <\/div>\n                        <div class=\"product-note\">\n                            <p>\n                                <bold>Sau khi ho\u00e0n t\u1ea5t qu\u00e1 tr\u00ecnh t\u1ea1o h\u00ecnh, c\u00e1c b\u1ed9 ph\u1eadn s\u1ebd \u0111\u01b0\u1ee3c li\u00ean k\u1ebft ch\u1eafc ch\u1eafn v\u1edbi nh\u1eefng chi ti\u1ebft kh\u00e1c b\u1eb1ng ph\u01b0\u01a1ng ph\u00e1p h\u00e0n MIG, \u0111\u01b0\u1ee3c th\u1ef1c hi\u1ec7n b\u1eb1ng m\u00e1y h\u00e0n robot. Cu\u1ed1i c\u00f9ng, ch\u00fang \u0111\u01b0\u1ee3c chuy\u1ec3n \u0111\u1ebfn d\u00e2y chuy\u1ec1n s\u01a1n t\u0129nh \u0111i\u1ec7n. Ch\u00fang t\u00f4i s\u1eed d\u1ee5ng h\u1ec7 th\u1ed1ng hi\u1ec7n \u0111\u1ea1i v\u00e0 quy tr\u00ecnh ch\u00ednh x\u00e1c \u0111\u1ec3 t\u1ea1o ra l\u1edbp s\u01a1n \u0111\u1eb9p m\u1eaft, b\u1ec1n b\u1ec9 v\u00e0 c\u00f3 \u0111\u1ed9 c\u1ee9ng cao.<\/bold>\n                            <\/p>\n                            <p>\n                                <bold>Ngo\u00e0i ra, c\u00e1c chi ti\u1ebft nh\u1ecf kh\u00e1c c\u1ee7a xe \u0111\u1ea9y tay n\u00e0y c\u0169ng \u0111\u01b0\u1ee3c gia c\u00f4ng v\u00e0 ho\u00e0n thi\u1ec7n m\u1ed9t c\u00e1ch ch\u00ednh x\u00e1c. H\u00e3y li\u00ean h\u1ec7 v\u1edbi ch\u00fang t\u00f4i ngay h\u00f4m nay \u0111\u1ec3 t\u00ecm hi\u1ec3u th\u00eam v\u1ec1 s\u1ea3n ph\u1ea9m v\u00e0 nh\u1eadn c\u00e1c gi\u1ea3i ph\u00e1p ph\u00f9 h\u1ee3p v\u1edbi nhu c\u1ea7u c\u1ee7a b\u1ea1n.<\/bold>\n                            <\/p>\n                        <\/div>\n                        <div class=\"product-method\">\n                            <h3 class=\"method-title\">Ph\u01b0\u01a1ng ph\u00e1p s\u1ea3n xu\u1ea5t:<\/h3>\n                            <div class=\"product-method-tag\">\n                                <a class=\"method-tag\" href=\"https:\/\/liphoco.com\/vi\/machinery-laser-cutting-systems\/\" target=\"_blank\" rel=\"noopener\">C\u1eaeT LASER CNC<\/a>\n                                <a class=\"method-tag\" href=\"https:\/\/liphoco.com\/vi\/machinery-welding-systems\/\" target=\"_blank\" rel=\"noopener\">H\u00e0n<\/a>\n                                <a class=\"method-tag\" href=\"https:\/\/liphoco.com\/vi\/machinery-cutting-systems\/\" target=\"_blank\" rel=\"noopener\">C\u1eaft<\/a>\n                                <a class=\"method-tag\" href=\"https:\/\/liphoco.com\/vi\/machinery-bending-system\/\" target=\"_blank\" rel=\"noopener\">U\u1ed1n<\/a>\n                                <a class=\"method-tag\" href=\"https:\/\/liphoco.com\/vi\/machinery-pressing-systems\/\" target=\"_blank\" rel=\"noopener\">D\u1eadp<\/a>\n                                <a class=\"method-tag\" href=\"https:\/\/liphoco.com\/vi\/machinery-power-coating-systems\/\" target=\"_blank\" rel=\"noopener\">Phun s\u01a1n t\u0129nh \u0111i\u1ec7n<\/a>\n                            <\/div>\n                        <\/div>\n                    <\/div>\n                    <div class=\"button-contact\">\n                        <a href=\"#contact-form\" class=\"product-btn-contact\">\n                            NH\u1eacN B\u00c1O GI\u00c1\n                        <\/a>\n                    <\/div>\n                <\/div>\n            <\/div>\n            <div class=\"col-lg-12 col-md-12 col-sm-12\" id=\"contact-form\">\n                <div class=\"product-form-contact\">\n                    \n<div class=\"wpcf7 no-js\" id=\"wpcf7-f1517-o1\" lang=\"en-US\" dir=\"ltr\">\n<div class=\"screen-reader-response\"><p role=\"status\" aria-live=\"polite\" aria-atomic=\"true\"><\/p> <ul><\/ul><\/div>\n<form action=\"\/vi\/wp-json\/wp\/v2\/pages\/2078#wpcf7-f1517-o1\" method=\"post\" class=\"wpcf7-form init\" aria-label=\"Contact form\" novalidate=\"novalidate\" data-status=\"init\" data-trp-original-action=\"\/vi\/wp-json\/wp\/v2\/pages\/2078#wpcf7-f1517-o1\">\n<div style=\"display: none;\">\n<input type=\"hidden\" name=\"_wpcf7\" value=\"1517\" \/>\n<input type=\"hidden\" name=\"_wpcf7_version\" value=\"5.7.7\" \/>\n<input type=\"hidden\" name=\"_wpcf7_locale\" value=\"en_US\" \/>\n<input type=\"hidden\" name=\"_wpcf7_unit_tag\" value=\"wpcf7-f1517-o1\" \/>\n<input type=\"hidden\" name=\"_wpcf7_container_post\" value=\"0\" \/>\n<input type=\"hidden\" name=\"_wpcf7_posted_data_hash\" value=\"\" \/>\n<input type=\"hidden\" name=\"_wpcf7_recaptcha_response\" value=\"\" \/>\n<\/div>\n<h2>Nh\u1eadn b\u00e1o gi\u00e1 xe \u0111\u1ea9y tay n\u00f4i\n<\/h2>\n<hr \/>\n<div clas=\"container\">\n\t<div class=\"row\">\n\t\t<div class=\"col-lg-6 col-md-6 col-sm-12\">\n\t\t\t<p><label> T\u00ean*<br \/>\n<span class=\"wpcf7-form-control-wrap\" data-name=\"your-name\"><input size=\"40\" class=\"wpcf7-form-control wpcf7-text wpcf7-validates-as-required\" autocomplete=\"name\" aria-required=\"true\" aria-invalid=\"false\" value=\"\" type=\"text\" name=\"your-name\" \/><\/span> <\/label>\n\t\t\t<\/p>\n\t\t\t<p><label> Email*<br \/>\n<span class=\"wpcf7-form-control-wrap\" data-name=\"your-email\"><input size=\"40\" class=\"wpcf7-form-control wpcf7-text wpcf7-email wpcf7-validates-as-required wpcf7-validates-as-email\" autocomplete=\"email\" aria-required=\"true\" aria-invalid=\"false\" value=\"\" type=\"email\" name=\"your-email\" \/><\/span> <\/label>\n\t\t\t<\/p>\n\t\t<\/div>\n\t\t<div class=\"col-lg-6 col-md-6 col-sm-12\">\n\t\t\t<p><label> S\u1ed1 \u0111i\u1ec7n tho\u1ea1i*<br \/>\n<span class=\"wpcf7-form-control-wrap\" data-name=\"your-tel\"><input size=\"40\" class=\"wpcf7-form-control wpcf7-text wpcf7-tel wpcf7-validates-as-tel\" autocomplete=\"phone\" aria-invalid=\"false\" value=\"\" type=\"tel\" name=\"your-tel\" \/><\/span> <\/label>\n\t\t\t<\/p>\n\t\t\t<p><label> C\u00f4ng ty (T\u00f9y ch\u1ecdn)<br \/>\n<span class=\"wpcf7-form-control-wrap\" data-name=\"your-company\"><input size=\"40\" class=\"wpcf7-form-control wpcf7-text\" aria-invalid=\"false\" value=\"\" type=\"text\" name=\"your-company\" \/><\/span> <\/label>\n\t\t\t<\/p>\n\t\t<\/div>\n\t\t<div class=\"col-lg-12 col-md-12 col-sm-12\">\n\t\t\t<p><label> L\u1eddi nh\u1eafn*<br \/>\n<span class=\"wpcf7-form-control-wrap\" data-name=\"your-message\"><textarea cols=\"40\" rows=\"10\" class=\"wpcf7-form-control wpcf7-textarea wpcf7-validates-as-required\" aria-required=\"true\" aria-invalid=\"false\" name=\"your-message\"><\/textarea><\/span> <\/label>\n\t\t\t<\/p>\n\t\t\t<p><input class=\"wpcf7-form-control has-spinner wpcf7-submit\" type=\"submit\" value=\"G\u1eedi\" \/>\n\t\t\t<\/p>\n\t\t<\/div>\n\t<\/div>\n<\/div><p style=\"display: none !important;\"><label>&#916;<textarea name=\"_wpcf7_ak_hp_textarea\" cols=\"45\" rows=\"8\" maxlength=\"100\"><\/textarea><\/label><input type=\"hidden\" id=\"ak_js_1\" name=\"_wpcf7_ak_js\" value=\"192\"\/><script>document.getElementById( \"ak_js_1\" ).setAttribute( \"value\", ( new Date() ).getTime() );<\/script><\/p><div class=\"wpcf7-response-output\" aria-hidden=\"true\"><\/div>\n<input type=\"hidden\" name=\"trp-form-language\" value=\"vi\"\/><\/form>\n<\/div>\n\n                <\/div>\n            <\/div>\n            <div class=\"col-lg-12 col-md-12 col-sm-12\">\n                <div class=\"product-related\">\n                    <h3 class=\"related-title\">S\u1ea3n ph\u1ea9m li\u00ean quan<\/h3>\n                    <div class=\"row\">\n                        <div class=\"col-lg-3 col-md-3 col-sm-6\">\n                            <a href=\"https:\/\/liphoco.com\/vi\/general-purpose-hand-truck-product-page\/\" target=\"_blank\" class=\"see-detail-double product-grid-link\" rel=\"noopener\">\n                                <img decoding=\"async\" class=\"product-grid-img\" src=\"https:\/\/liphoco.com\/wp-content\/uploads\/2023\/04\/handtruck2.jpg\" \/>\n                                <div class=\"product-grid-info\">\n                                    <h2 class=\"product-name\">Xe \u0111\u1ea9y \u0111a n\u0103ng<\/h2>\n                                    <div class=\"product-button\">\n                                        <span>Xem chi ti\u1ebft<\/span>\n                                    <\/div>\n                                <\/div>\n                            <\/a>\n                        <\/div>\n                        <div class=\"col-lg-3 col-md-3 col-sm-6\">\n                            <a href=\"https:\/\/liphoco.com\/vi\/easy-tilt-hand-truck-product-page\/\" target=\"_blank\" class=\"see-detail-threetier product-grid-link\" rel=\"noopener\">\n                                <img decoding=\"async\" class=\"product-grid-img\" src=\"https:\/\/liphoco.com\/wp-content\/uploads\/2023\/04\/handtruck3.jpg\" \/>\n                                <div class=\"product-grid-info\">\n                                    <h2 class=\"product-name\">Xe \u0111\u1ea9y tay c\u00f3 \u0111\u1ed9 nghi\u00eang<\/h2>\n                                    <div class=\"product-button\">\n                                        <span>Xem chi ti\u1ebft<\/span>\n                                    <\/div>\n                                <\/div>\n                            <\/a>\n                        <\/div>\n                        <div class=\"col-lg-3 col-md-3 col-sm-6\">\n                            <a href=\"https:\/\/liphoco.com\/vi\/piano-dolly-product-page\/\" target=\"_blank\" class=\"see-detail-threetier product-grid-link\" rel=\"noopener\">\n                                <img decoding=\"async\" class=\"product-grid-img\" src=\"https:\/\/liphoco.com\/wp-content\/uploads\/2023\/04\/Piano-Dolly.jpg\" \/>\n                                <div class=\"product-grid-info\">\n                                    <h2 class=\"product-name\">Piano Dolly<\/h2>\n                                    <div class=\"product-button\">\n                                        <span>Xem chi ti\u1ebft<\/span>\n                                    <\/div>\n                                <\/div>\n                            <\/a>\n                        <\/div>\n                    <\/div>\n                <\/div>\n            <\/div>\n        <\/div>\n    <\/div>\n<\/section>\n<script>\n$('.large-image-thumb').slick({\n    slidesToShow: 1,\n    slidesToScroll: 1,\n    arrows: false,\n    fade: true,\n    asNavFor: '.product-gallery-slide'\n});\n$('.product-gallery-slide').slick({\n    slidesToShow: 4,\n    slidesToScroll: 1,\n    arrows: true,\n    asNavFor: '.large-image-thumb',\n    focusOnSelect: true\n });\n<\/script>\n<script>\n    var accItem = document.getElementsByClassName('accordionItem');\n        var accHD = document.getElementsByClassName('accordionItemHeading');\n             for (i = 0; i < accHD.length; i++) {\n              accHD[i].addEventListener('click', toggleItem, false);\n          }\n        function toggleItem() {\n            var itemClass = this.parentNode.className;\n              for (i = 0; i < accItem.length; i++) {\n                  accItem[i].className = 'accordionItem close-accordion';\n              }\n              if (itemClass == 'accordionItem close-accordion') {\n                  this.parentNode.className = 'accordionItem open';\n              }\n         }\n    <\/script>","protected":false},"excerpt":{"rendered":"<p>Pram Handle Hand Truck STRUCTURE AND MANUFACTURING PROCESS 1. Handle The handle is designed for easy pushing and pulling. Additionally, it is considered as an integral part of the frame, connected to the spine and back support to provide a sturdy structure and support the lifting force of the hand truck. *Manufacturing process: Steel tubes [&hellip;]<\/p>","protected":false},"author":1,"featured_media":0,"parent":0,"menu_order":0,"comment_status":"closed","ping_status":"closed","template":"","meta":{"footnotes":""},"class_list":["post-2078","page","type-page","status-publish","hentry","entry","owp-thumbs-layout-horizontal","owp-btn-normal","owp-tabs-layout-horizontal","has-no-thumbnails","has-product-nav"],"_links":{"self":[{"href":"https:\/\/liphoco.com\/vi\/wp-json\/wp\/v2\/pages\/2078","targetHints":{"allow":["GET"]}}],"collection":[{"href":"https:\/\/liphoco.com\/vi\/wp-json\/wp\/v2\/pages"}],"about":[{"href":"https:\/\/liphoco.com\/vi\/wp-json\/wp\/v2\/types\/page"}],"author":[{"embeddable":true,"href":"https:\/\/liphoco.com\/vi\/wp-json\/wp\/v2\/users\/1"}],"replies":[{"embeddable":true,"href":"https:\/\/liphoco.com\/vi\/wp-json\/wp\/v2\/comments?post=2078"}],"version-history":[{"count":3,"href":"https:\/\/liphoco.com\/vi\/wp-json\/wp\/v2\/pages\/2078\/revisions"}],"predecessor-version":[{"id":2642,"href":"https:\/\/liphoco.com\/vi\/wp-json\/wp\/v2\/pages\/2078\/revisions\/2642"}],"wp:attachment":[{"href":"https:\/\/liphoco.com\/vi\/wp-json\/wp\/v2\/media?parent=2078"}],"curies":[{"name":"wp","href":"https:\/\/api.w.org\/{rel}","templated":true}]}}