{"id":2098,"date":"2023-05-18T08:13:32","date_gmt":"2023-05-18T08:13:32","guid":{"rendered":"https:\/\/liphoco.vn\/?page_id=2098"},"modified":"2023-06-05T03:41:18","modified_gmt":"2023-06-05T03:41:18","slug":"rocking-stock-platform-trolley-product-page","status":"publish","type":"page","link":"https:\/\/liphoco.com\/vi\/rocking-stock-platform-trolley-product-page\/","title":{"rendered":"Rocking Stock Platform Trolley &#8211; Product Page"},"content":{"rendered":"<script type=\"text\/javascript\" src=\"\/\/cdn.jsdelivr.net\/npm\/slick-carousel@1.8.1\/slick\/slick.min.js\"><\/script>\n<section class=\"product-page\">\n    <div class=\"container\">\n        <div class=\"row\">\n            <div class=\"col-lg-6 col-md-6 col-sm-12\">\n                <div class=\"product-gallery large-image-thumb\">\n                    <div class=\"product-thumb\">\n                        <img decoding=\"async\" src=\"https:\/\/liphoco.com\/wp-content\/uploads\/2023\/05\/ROCKING-STOCK-PLATFORM-TROLLEYS.jpg\"  \/>\n                    <\/div>\n                    <div class=\"product-thumb\">\n                        <img decoding=\"async\" src=\"https:\/\/liphoco.com\/wp-content\/uploads\/2023\/04\/Rocking-Stock-Platform-Trolley.jpg\"  \/>\n                    <\/div>\n                    <div class=\"product-thumb\">\n                        <img decoding=\"async\" src=\"https:\/\/liphoco.com\/wp-content\/uploads\/2023\/05\/GALV_twin_platform.jpeg\"  \/>\n                    <\/div>\n                    <div class=\"product-thumb\">\n                        <img decoding=\"async\" src=\"https:\/\/liphoco.com\/wp-content\/uploads\/2023\/05\/GALV_twin_castors.jpeg\"  \/>\n                    <\/div>\n                    <div class=\"product-thumb\">\n                        <img decoding=\"async\" src=\"https:\/\/liphoco.com\/wp-content\/uploads\/2023\/05\/PGR201-Application-photo-Web-ready.jpeg\"  \/>\n                    <\/div>\n                <\/div>\n                <div class=\"product-gallery-slide\">\n                    <div class=\"gallery-slide-item\">\n                        <img decoding=\"async\" src=\"https:\/\/liphoco.com\/wp-content\/uploads\/2023\/05\/ROCKING-STOCK-PLATFORM-TROLLEYS.jpg\" \/>\n                    <\/div>\n                    <div class=\"gallery-slide-item\">\n                        <img decoding=\"async\" src=\"https:\/\/liphoco.com\/wp-content\/uploads\/2023\/04\/Rocking-Stock-Platform-Trolley.jpg\" \/>\n                    <\/div>\n                    <div class=\"gallery-slide-item\">\n                        <img decoding=\"async\" src=\"https:\/\/liphoco.com\/wp-content\/uploads\/2023\/05\/GALV_twin_platform.jpeg\" \/>\n                    <\/div>\n                    <div class=\"gallery-slide-item\">\n                        <img decoding=\"async\" src=\"https:\/\/liphoco.com\/wp-content\/uploads\/2023\/05\/GALV_twin_castors.jpeg\" \/>\n                    <\/div>\n                    <div class=\"gallery-slide-item\">\n                        <img decoding=\"async\" src=\"https:\/\/liphoco.com\/wp-content\/uploads\/2023\/05\/PGR201-Application-photo-Web-ready.jpeg\" \/>\n                    <\/div>\n                <\/div>\n            <\/div>\n            <div class=\"col-lg-6 col-md-6 col-sm-12\">\n                <div class=\"product-details\">\n                    <h2 class=\"product-name-main\">Rocking Stock Platform Trolley<\/h2>\n                    <div class=\"product-group\">\n                        <h2 class=\"product-group-title\">C\u1ea4U T\u1ea0O V\u00c0 QUY TR\u00ccNH S\u1ea2N XU\u1ea4T<\/h2>\n                        <div class=\"accordionWrapper\">\n                            <div class=\"accordionItem open\">\n                                <h3 class=\"accordionItemHeading\">Tay \u0111\u1ea9y<\/h3>\n                                <div class=\"accordionItemContent\">\n                                    <p>\n                                        The handle is designed for easy pushing and pulling of the trolley. It is typically made of durable and lightweight material, such as cold galvanized corrugated iron, securely attached to the trolley frame.<br\/>\n                                        <bold>Quy tr\u00ecnh s\u1ea3n xu\u1ea5t:<\/bold> Cold galvanized corrugated iron sheets are cut to the appropriate size using an automated cutting machine. Then, they are bent into shape using a CNC bending machine to form the handle quickly and accurately.\n                                    <\/p>\n                                <\/div>\n                            <\/div>\n                            <div class=\"accordionItem close-accordion\">\n                                <h3 class=\"accordionItemHeading\">2+3. Twin Platform (Top Plaform and Bottom Platform)<\/h3>\n                                <div class=\"accordionItemContent\">\n                                    <p>\n                                        The platform is a parallel surface to the main axis and handle, where goods or objects are placed.<br\/>\n                                        <bold>Quy tr\u00ecnh s\u1ea3n xu\u1ea5t:<\/bold> Both the upper and lower platforms are made of flat cold galvanized corrugated iron sheets, which can be customized in terms of thickness. The sheets are fed into a laser cutting machine to shape them to the desired dimensions. Next, they undergo edge folding to form the platform structure. Finally, an automated welding process using robots is employed to weld the corners and connect them to the frame and handle.\n                                    <\/p>\n                                <\/div>\n                            <\/div>\n                            <div class=\"accordionItem close-accordion\">\n                                <h3 class=\"accordionItemHeading\">2. Khung<\/h3>\n                                <div class=\"accordionItemContent\">\n                                    <p>\n                                        The frame serves as the main structure, providing stability and support. The frame is typically made of cold galvanized corrugated iron, which enhances its strength and durability.<br\/>\n                                        <bold>Quy tr\u00ecnh s\u1ea3n xu\u1ea5t:<\/bold> The frame of the trolley is constructed using square-shaped cold galvanized corrugated iron tubes, cut to the appropriate lengths and integrated with thicker cold galvanized corrugated iron bars. The crossbars and frame, or the frame and platform, are connected using robotic welding techniques.\n                                    <\/p>\n                                <\/div>\n                            <\/div>\n                        <\/div>\n                        <div class=\"product-note\">\n                            <p>\n                                <bold>Ngo\u00e0i ra, c\u00e1c chi ti\u1ebft nh\u1ecf kh\u00e1c c\u1ee7a xe \u0111\u1ea9y tay n\u00e0y c\u0169ng \u0111\u01b0\u1ee3c gia c\u00f4ng v\u00e0 ho\u00e0n thi\u1ec7n m\u1ed9t c\u00e1ch ch\u00ednh x\u00e1c. H\u00e3y li\u00ean h\u1ec7 v\u1edbi ch\u00fang t\u00f4i ngay h\u00f4m nay \u0111\u1ec3 t\u00ecm hi\u1ec3u th\u00eam v\u1ec1 s\u1ea3n ph\u1ea9m v\u00e0 nh\u1eadn c\u00e1c gi\u1ea3i ph\u00e1p ph\u00f9 h\u1ee3p v\u1edbi nhu c\u1ea7u c\u1ee7a b\u1ea1n.<\/bold>\n                            <\/p>\n                        <\/div>\n                        <div class=\"product-method\">\n                            <h3 class=\"method-title\">Ph\u01b0\u01a1ng ph\u00e1p s\u1ea3n xu\u1ea5t:<\/h3>\n                            <div class=\"product-method-tag\">\n                                <a class=\"method-tag\" href=\"https:\/\/liphoco.com\/vi\/machinery-welding-systems\/\" target=\"_blank\" rel=\"noopener\">H\u00e0n<\/a>\n                                <a class=\"method-tag\" href=\"https:\/\/liphoco.com\/vi\/machinery-cutting-systems\/\" target=\"_blank\" rel=\"noopener\">C\u1eaft<\/a>\n                                <a class=\"method-tag\" href=\"https:\/\/liphoco.com\/vi\/machinery-bending-system\/\" target=\"_blank\" rel=\"noopener\">U\u1ed1n<\/a>\n                                <a class=\"method-tag\" href=\"https:\/\/liphoco.com\/vi\/machinery-pressing-systems\/\" target=\"_blank\" rel=\"noopener\">D\u1eadp<\/a>\n                            <\/div>\n                        <\/div>\n                    <\/div>\n                    <div class=\"button-contact\">\n                        <a href=\"#contact-form\" class=\"product-btn-contact\">\n                            NH\u1eacN B\u00c1O GI\u00c1\n                        <\/a>\n                    <\/div>\n                <\/div>\n            <\/div>\n            <div class=\"col-lg-12 col-md-12 col-sm-12\" id=\"contact-form\">\n                <div class=\"product-form-contact\">\n                    \n<div class=\"wpcf7 no-js\" id=\"wpcf7-f1524-o1\" lang=\"en-US\" dir=\"ltr\">\n<div class=\"screen-reader-response\"><p role=\"status\" aria-live=\"polite\" aria-atomic=\"true\"><\/p> <ul><\/ul><\/div>\n<form action=\"\/vi\/wp-json\/wp\/v2\/pages\/2098#wpcf7-f1524-o1\" method=\"post\" class=\"wpcf7-form init\" aria-label=\"Contact form\" novalidate=\"novalidate\" data-status=\"init\" data-trp-original-action=\"\/vi\/wp-json\/wp\/v2\/pages\/2098#wpcf7-f1524-o1\">\n<div style=\"display: none;\">\n<input type=\"hidden\" name=\"_wpcf7\" value=\"1524\" \/>\n<input type=\"hidden\" name=\"_wpcf7_version\" value=\"5.7.7\" \/>\n<input type=\"hidden\" name=\"_wpcf7_locale\" value=\"en_US\" \/>\n<input type=\"hidden\" name=\"_wpcf7_unit_tag\" value=\"wpcf7-f1524-o1\" \/>\n<input type=\"hidden\" name=\"_wpcf7_container_post\" value=\"0\" \/>\n<input type=\"hidden\" name=\"_wpcf7_posted_data_hash\" value=\"\" \/>\n<input type=\"hidden\" name=\"_wpcf7_recaptcha_response\" value=\"\" \/>\n<\/div>\n<h2>Get a quote for Rocking Stock Platform Trolley\n<\/h2>\n<hr \/>\n<div clas=\"container\">\n\t<div class=\"row\">\n\t\t<div class=\"col-lg-6 col-md-6 col-sm-12\">\n\t\t\t<p><label> T\u00ean*<br \/>\n<span class=\"wpcf7-form-control-wrap\" data-name=\"your-name\"><input size=\"40\" class=\"wpcf7-form-control wpcf7-text wpcf7-validates-as-required\" autocomplete=\"name\" aria-required=\"true\" aria-invalid=\"false\" value=\"\" type=\"text\" name=\"your-name\" \/><\/span> <\/label>\n\t\t\t<\/p>\n\t\t\t<p><label> Email*<br \/>\n<span class=\"wpcf7-form-control-wrap\" data-name=\"your-email\"><input size=\"40\" class=\"wpcf7-form-control wpcf7-text wpcf7-email wpcf7-validates-as-required wpcf7-validates-as-email\" autocomplete=\"email\" aria-required=\"true\" aria-invalid=\"false\" value=\"\" type=\"email\" name=\"your-email\" \/><\/span> <\/label>\n\t\t\t<\/p>\n\t\t<\/div>\n\t\t<div class=\"col-lg-6 col-md-6 col-sm-12\">\n\t\t\t<p><label> S\u1ed1 \u0111i\u1ec7n tho\u1ea1i*<br \/>\n<span class=\"wpcf7-form-control-wrap\" data-name=\"your-tel\"><input size=\"40\" class=\"wpcf7-form-control wpcf7-text wpcf7-tel wpcf7-validates-as-tel\" autocomplete=\"phone\" aria-invalid=\"false\" value=\"\" type=\"tel\" name=\"your-tel\" \/><\/span> <\/label>\n\t\t\t<\/p>\n\t\t\t<p><label> C\u00f4ng ty (T\u00f9y ch\u1ecdn)<br \/>\n<span class=\"wpcf7-form-control-wrap\" data-name=\"your-company\"><input size=\"40\" class=\"wpcf7-form-control wpcf7-text\" aria-invalid=\"false\" value=\"\" type=\"text\" name=\"your-company\" \/><\/span> <\/label>\n\t\t\t<\/p>\n\t\t<\/div>\n\t\t<div class=\"col-lg-12 col-md-12 col-sm-12\">\n\t\t\t<p><label> L\u1eddi nh\u1eafn*<br \/>\n<span class=\"wpcf7-form-control-wrap\" data-name=\"your-message\"><textarea cols=\"40\" rows=\"10\" class=\"wpcf7-form-control wpcf7-textarea wpcf7-validates-as-required\" aria-required=\"true\" aria-invalid=\"false\" name=\"your-message\"><\/textarea><\/span> <\/label>\n\t\t\t<\/p>\n\t\t\t<p><input class=\"wpcf7-form-control has-spinner wpcf7-submit\" type=\"submit\" value=\"G\u1eedi\" \/>\n\t\t\t<\/p>\n\t\t<\/div>\n\t<\/div>\n<\/div><p style=\"display: none !important;\"><label>&#916;<textarea name=\"_wpcf7_ak_hp_textarea\" cols=\"45\" rows=\"8\" maxlength=\"100\"><\/textarea><\/label><input type=\"hidden\" id=\"ak_js_1\" name=\"_wpcf7_ak_js\" value=\"148\"\/><script>document.getElementById( \"ak_js_1\" ).setAttribute( \"value\", ( new Date() ).getTime() );<\/script><\/p><div class=\"wpcf7-response-output\" aria-hidden=\"true\"><\/div>\n<input type=\"hidden\" name=\"trp-form-language\" value=\"vi\"\/><\/form>\n<\/div>\n\n                <\/div>\n            <\/div>\n            <div class=\"col-lg-12 col-md-12 col-sm-12\">\n                <div class=\"product-related\">\n                    <h3 class=\"related-title\">S\u1ea3n ph\u1ea9m li\u00ean quan<\/h3>\n                    <div class=\"row\">\n                        <div class=\"col-lg-3 col-md-3 col-sm-6\">\n                            <a href=\"https:\/\/liphoco.com\/vi\/oder-pick-trolley-product-page\/\" target=\"_blank\" class=\"see-detail-double product-grid-link\" rel=\"noopener\">\n                                <img decoding=\"async\" class=\"product-grid-img\" src=\"https:\/\/liphoco.com\/wp-content\/uploads\/2023\/04\/pick-trolley.jpg\" \/>\n                                <div class=\"product-grid-info\">\n                                    <h2 class=\"product-name\">Oder Pick Trolley<\/h2>\n                                    <div class=\"product-button\">\n                                        <span>Xem chi ti\u1ebft<\/span>\n                                    <\/div>\n                                <\/div>\n                            <\/a>\n                        <\/div>\n                    <\/div>\n                <\/div>\n            <\/div>\n        <\/div>\n    <\/div>\n<\/section>\n<script>\n$('.large-image-thumb').slick({\n    slidesToShow: 1,\n    slidesToScroll: 1,\n    arrows: false,\n    fade: true,\n    asNavFor: '.product-gallery-slide'\n});\n$('.product-gallery-slide').slick({\n    slidesToShow: 4,\n    slidesToScroll: 1,\n    arrows: true,\n    asNavFor: '.large-image-thumb',\n    focusOnSelect: true\n });\n<\/script>\n<script>\n    var accItem = document.getElementsByClassName('accordionItem');\n        var accHD = document.getElementsByClassName('accordionItemHeading');\n             for (i = 0; i < accHD.length; i++) {\n              accHD[i].addEventListener('click', toggleItem, false);\n          }\n        function toggleItem() {\n            var itemClass = this.parentNode.className;\n              for (i = 0; i < accItem.length; i++) {\n                  accItem[i].className = 'accordionItem close-accordion';\n              }\n              if (itemClass == 'accordionItem close-accordion') {\n                  this.parentNode.className = 'accordionItem open';\n              }\n         }\n    <\/script>","protected":false},"excerpt":{"rendered":"<p>Rocking Stock Platform Trolley STRUCTURE AND MANUFACTURING PROCESS 1. Handle The handle is designed for easy pushing and pulling of the trolley. It is typically made of durable and lightweight material, such as cold galvanized corrugated iron, securely attached to the trolley frame. *Manufacturing process: Cold galvanized corrugated iron sheets are cut to the appropriate [&hellip;]<\/p>","protected":false},"author":1,"featured_media":0,"parent":0,"menu_order":0,"comment_status":"closed","ping_status":"closed","template":"","meta":{"footnotes":""},"class_list":["post-2098","page","type-page","status-publish","hentry","entry","owp-thumbs-layout-horizontal","owp-btn-normal","owp-tabs-layout-horizontal","has-no-thumbnails","has-product-nav"],"_links":{"self":[{"href":"https:\/\/liphoco.com\/vi\/wp-json\/wp\/v2\/pages\/2098","targetHints":{"allow":["GET"]}}],"collection":[{"href":"https:\/\/liphoco.com\/vi\/wp-json\/wp\/v2\/pages"}],"about":[{"href":"https:\/\/liphoco.com\/vi\/wp-json\/wp\/v2\/types\/page"}],"author":[{"embeddable":true,"href":"https:\/\/liphoco.com\/vi\/wp-json\/wp\/v2\/users\/1"}],"replies":[{"embeddable":true,"href":"https:\/\/liphoco.com\/vi\/wp-json\/wp\/v2\/comments?post=2098"}],"version-history":[{"count":3,"href":"https:\/\/liphoco.com\/vi\/wp-json\/wp\/v2\/pages\/2098\/revisions"}],"predecessor-version":[{"id":2651,"href":"https:\/\/liphoco.com\/vi\/wp-json\/wp\/v2\/pages\/2098\/revisions\/2651"}],"wp:attachment":[{"href":"https:\/\/liphoco.com\/vi\/wp-json\/wp\/v2\/media?parent=2098"}],"curies":[{"name":"wp","href":"https:\/\/api.w.org\/{rel}","templated":true}]}}