{"id":2231,"date":"2023-05-24T03:07:49","date_gmt":"2023-05-24T03:07:49","guid":{"rendered":"https:\/\/liphoco.com\/?page_id=2231"},"modified":"2023-05-25T09:38:04","modified_gmt":"2023-05-25T09:38:04","slug":"machinery-bending-system","status":"publish","type":"page","link":"https:\/\/liphoco.com\/vi\/machinery-bending-system\/","title":{"rendered":"Machinery &#8211; Bending System"},"content":{"rendered":"<script type=\"text\/javascript\" src=\"\/\/cdn.jsdelivr.net\/npm\/slick-carousel@1.8.1\/slick\/slick.min.js\"><\/script>\n<section class=\"page_machinery\">\n    <div class=\"size-large desktop\" style=\"text-align: center; width: 100vw;\">\n        <img decoding=\"async\" class=\"wp-image-213\" style=\"text-align: center; width: 100vw;\" src=\"https:\/\/liphoco.vn\/wp-content\/uploads\/2023\/05\/z4340330486810_e7fb800c599f1a85eeaf23c08ff1559e-1-scaled.jpg\" alt=\"\">\n    <\/div>\n    <div class=\"size-large mobile\" style=\"text-align: center; width: 100vw;\">\n        <img decoding=\"async\" class=\"wp-image-213\" style=\"text-align: center; width: 100vw;\"  src=\"https:\/\/liphoco.vn\/wp-content\/uploads\/2023\/05\/z4340330486810_e7fb800c599f1a85eeaf23c08ff1559e-1-scaled.jpg\" alt=\"\">\n    <\/div>\n    <div class=\"container over-padding\">\n        <div class=\"col-lg-12 col-md-12 col-sm-12 over-padding\">\n            <div class=\"mechanical_pro_titile\">\n                <h2 class=\"mechanical_title\"><span class=\"pro-title-bold\">CH\u1ea4T L\u01af\u1ee2NG V\u01af\u1ee2T TR\u1ed8I - T\u1ed0I \u01afU TH\u1edcI GIAN - GI\u00c1 C\u1ea0NH TRANH<\/h2>\n                <p class=\"mechanical_subtitle\">T\u1ea1i Liphoco, ch\u00fang t\u00f4i \u0111\u1eb7t s\u1ef1 \u01b0u ti\u00ean t\u1ed1i \u0111a v\u00e0o t\u1ed1c \u0111\u1ed9, ch\u00ednh x\u00e1c v\u00e0 hi\u1ec7u qu\u1ea3. Th\u00f4ng qua vi\u1ec7c s\u1eed d\u1ee5ng c\u00e1c thi\u1ebft b\u1ecb m\u00e1y m\u00f3c t\u1ed1c \u0111\u1ed9 cao v\u00e0 cam k\u1ebft kh\u00f4ng ng\u1eebng \u0111\u1ed5i m\u1edbi, ch\u00fang t\u00f4i li\u00ean t\u1ee5c t\u1ed1i \u01b0u h\u00f3a quy tr\u00ecnh s\u1ea3n xu\u1ea5t, d\u1eabn \u0111\u1ebfn th\u1eddi gian ch\u1edd ng\u1eafn h\u01a1n. B\u1eb1ng c\u00e1ch t\u1eadn d\u1ee5ng s\u1ee9c m\u1ea1nh c\u1ee7a c\u00f4ng ngh\u1ec7, ch\u00fang t\u00f4i c\u00f3 th\u1ec3 cung c\u1ea5p gi\u00e1 c\u1ea1nh tranh m\u00e0 v\u1eabn duy tr\u00ec c\u00e1c ti\u00eau chu\u1ea9n cao nh\u1ea5t v\u1ec1 ch\u1ea5t l\u01b0\u1ee3ng kh\u00f4ng \u0111 compromising trong l\u0129nh v\u1ef1c s\u1ea3n xu\u1ea5t c\u01a1 kh\u00ed.<\/p>\n            <\/div>\n        <\/div>\n    <\/div>\n    <div class=\"container section_machinery_content\">\n        <div class=\"col-lg-4 col-md-4 col-sm-12\">\n            <aside class=\"aside-item filter-product\">\n                <div class=\"aside-title\">\n                    H\u1ec7 th\u1ed1ng m\u00e1y m\u00f3c:\n                <\/div>\n                <div class=\"aside-content filter-group\">\n                    <ul class=\"filter-type\">\n                        <li class=\"filter-item\">\n                            <div class=\"filter-item-list\">\n                               <a href=\"https:\/\/liphoco.com\/vi\/machinery-laser-cutting-systems\/\" class=\"filter-item-link\">\n                                    <img decoding=\"async\" class=\"filter-item-img\" src=\"https:\/\/liphoco.com\/wp-content\/uploads\/2023\/05\/systems-20.png\" \/>\n                                <\/a>\n                            <\/div>\n                        <\/li>\n                        <li class=\"filter-item\">\n                            <div class=\"filter-item-list\">\n                               <a href=\"https:\/\/liphoco.com\/vi\/machinery-welding-systems\/\" class=\"filter-item-link\">\n                                    <img decoding=\"async\" class=\"filter-item-img\" src=\"https:\/\/liphoco.com\/wp-content\/uploads\/2023\/05\/systems-25.png\" \/>\n                                <\/a>\n                            <\/div>\n                        <\/li>\n                        <li class=\"filter-item\">\n                            <div class=\"filter-item-list\">\n                               <a href=\"https:\/\/liphoco.com\/vi\/machinery-bending-system\/\" class=\"filter-item-link\">\n                                    <img decoding=\"async\" class=\"filter-item-img\" src=\"https:\/\/liphoco.com\/wp-content\/uploads\/2023\/05\/systems-21.png\" \/>\n                                <\/a>\n                            <\/div>\n                        <\/li>\n                        <li class=\"filter-item\">\n                            <div class=\"filter-item-list\">\n                               <a href=\"https:\/\/liphoco.com\/vi\/machinery-pressing-systems\/\" class=\"filter-item-link\">\n                                    <img decoding=\"async\" class=\"filter-item-img\" src=\"https:\/\/liphoco.com\/wp-content\/uploads\/2023\/05\/systems-18.png\" \/>\n                                <\/a>\n                            <\/div>\n                        <\/li>\n                        <li class=\"filter-item\">\n                            <div class=\"filter-item-list\">\n                               <a href=\"https:\/\/liphoco.com\/vi\/machinery-cutting-systems\/\" class=\"filter-item-link\">\n                                    <img decoding=\"async\" class=\"filter-item-img\" src=\"https:\/\/liphoco.com\/wp-content\/uploads\/2023\/05\/systems-23.png\" \/>\n                                <\/a>\n                            <\/div>\n                        <\/li>\n                        <li class=\"filter-item\">\n                            <div class=\"filter-item-list\">\n                               <a href=\"https:\/\/liphoco.com\/vi\/machinery-punching-system\/\" class=\"filter-item-link\">\n                                    <img decoding=\"async\" class=\"filter-item-img\" src=\"https:\/\/liphoco.com\/wp-content\/uploads\/2023\/05\/systems-24-24.png\" \/>\n                                <\/a>\n                            <\/div>\n                        <\/li>\n                        <li class=\"filter-item\">\n                            <div class=\"filter-item-list\">\n                               <a href=\"https:\/\/liphoco.com\/vi\/machinery-milling-systems\/\" class=\"filter-item-link\">\n                                    <img decoding=\"async\" class=\"filter-item-img\" src=\"https:\/\/liphoco.com\/wp-content\/uploads\/2023\/05\/systems-22.png\" \/>\n                                <\/a>\n                            <\/div>\n                        <\/li>\n                        <li class=\"filter-item\">\n                            <div class=\"filter-item-list\">\n                               <a href=\"https:\/\/liphoco.com\/vi\/machinery-power-coating-systems\/\" class=\"filter-item-link\">\n                                    <img decoding=\"async\" class=\"filter-item-img\" src=\"https:\/\/liphoco.com\/wp-content\/uploads\/2023\/05\/systems-19.png\" \/>\n                                <\/a>\n                            <\/div>\n                        <\/li>\n                    <\/ul>\n                <\/div>\n            <\/aside>\n        <\/div>\n        <div class=\"col-lg-8 col-md-8 col-sm-12\">\n            <div class=\"machinery-tabs\">\n                <ul class=\"tabs tabs-title\">\t\n                    <li class=\"tab-link active\" data-tab=\"#tab-1\">\n                        <h3>M\u00e1y u\u1ed1n \u1ed1ng CNC<\/h3>\n                    <\/li>\n                <\/ul>\n                <div class=\"tab-float\">\n                    <div id=\"tab-1\" class=\"tab-content content_extab active\">\n                        <div class=\"machinery-gallery\">\n                            <div class=\"product-gallery large-image-thumb\">\n                                <div class=\"product-thumb\">\n                                    <img decoding=\"async\" src=\"https:\/\/liphoco.com\/wp-content\/uploads\/2023\/05\/CNC-PIPE-Benders-2.png\"  \/>\n                                <\/div>\n                                <div class=\"product-thumb\">\n                                    <img decoding=\"async\" src=\"https:\/\/liphoco.com\/wp-content\/uploads\/2023\/05\/CNC-PIPE-Benders-.png\"  \/>\n                                <\/div>\n                                <div class=\"product-thumb\">\n                                    <img decoding=\"async\" src=\"https:\/\/liphoco.com\/wp-content\/uploads\/2023\/05\/2-1.png\"  \/>\n                                <\/div>\n                                <div class=\"product-thumb\">\n                                    <img decoding=\"async\" src=\"https:\/\/liphoco.com\/wp-content\/uploads\/2023\/05\/Untitled-3-1.png\"  \/>\n                                <\/div>\n                            <\/div>\n                            <div class=\"product-gallery-slide\">\n                                <div class=\"gallery-slide-item\">\n                                    <img decoding=\"async\" src=\"https:\/\/liphoco.com\/wp-content\/uploads\/2023\/05\/CNC-PIPE-Benders-2.png\" \/>\n                                <\/div>\n                                <div class=\"gallery-slide-item\">\n                                    <img decoding=\"async\" src=\"https:\/\/liphoco.com\/wp-content\/uploads\/2023\/05\/CNC-PIPE-Benders-.png\" \/>\n                                <\/div>\n                                <div class=\"gallery-slide-item\">\n                                    <img decoding=\"async\" src=\"https:\/\/liphoco.com\/wp-content\/uploads\/2023\/05\/2-1.png\" \/>\n                                <\/div>\n                                <div class=\"gallery-slide-item\">\n                                    <img decoding=\"async\" src=\"https:\/\/liphoco.com\/wp-content\/uploads\/2023\/05\/Untitled-3-1.png\" \/>\n                                <\/div>\n                            <\/div>\n                        <\/div>\n                        <div class=\"machinery-system-info\">\n                            <div class=\"accordionWrapper\">\n                                <div class=\"accordionItem open\">\n                                    <h3 class=\"accordionItemHeading\">Th\u00f4ng s\u1ed1 k\u1ef9 thu\u1eadt<\/h3>\n                                    <div class=\"accordionItemContent\">\n                                        <ul>\n                                            <li><bold>S\u1ed1 l\u01b0\u1ee3ng: 4<\/bold><\/li>\n                                            <li>Steel pipe:  \u00d816 &#8211; 42&#215;3,5mm<\/li>\n                                            <li>Round Steel: Up to \u00d820mm<\/li>\n                                            <li>Tube: Up to 25x50x2mm<\/li>\n                                            <li>Accuracy of Repeatability:  +- 0.1  Degree, +- 0,5mm<\/li>\n                                            <li>Max Radius: 200mm<\/li>\n                                            <li>Pipe Effective Length: 4000 mm<\/li>\n                                        <\/ul>\n                                    <\/div>\n                                <\/div>\n                                <div class=\"accordionItem close-accordion\">\n                                    <h3 class=\"accordionItemHeading\">V\u1eadt Li\u1ec7u Th\u00edch H\u1ee3p<\/h3>\n                                    <div class=\"accordionItemContent\">\n                                        <ul>\n                                            <li>Carbon Steel<\/li>\n                                            <li>Aluminum<\/li>\n                                            <li>Stainless Steel<\/li>\n                                        <\/ul>\n                                    <\/div>\n                                <\/div>\n                            <\/div>\n                        <\/div>\n                    <\/div>\n                <\/div>\n            <\/div>\n            <div class=\"machinery-contact\">\n                \n<div class=\"wpcf7 no-js\" id=\"wpcf7-f881-o1\" lang=\"en-US\" dir=\"ltr\">\n<div class=\"screen-reader-response\"><p role=\"status\" aria-live=\"polite\" aria-atomic=\"true\"><\/p> <ul><\/ul><\/div>\n<form action=\"\/vi\/wp-json\/wp\/v2\/pages\/2231#wpcf7-f881-o1\" method=\"post\" class=\"wpcf7-form init\" aria-label=\"Contact form\" novalidate=\"novalidate\" data-status=\"init\" data-trp-original-action=\"\/vi\/wp-json\/wp\/v2\/pages\/2231#wpcf7-f881-o1\">\n<div style=\"display: none;\">\n<input type=\"hidden\" name=\"_wpcf7\" value=\"881\" \/>\n<input type=\"hidden\" name=\"_wpcf7_version\" value=\"5.7.7\" \/>\n<input type=\"hidden\" name=\"_wpcf7_locale\" value=\"en_US\" \/>\n<input type=\"hidden\" name=\"_wpcf7_unit_tag\" value=\"wpcf7-f881-o1\" \/>\n<input type=\"hidden\" name=\"_wpcf7_container_post\" value=\"0\" \/>\n<input type=\"hidden\" name=\"_wpcf7_posted_data_hash\" value=\"\" \/>\n<input type=\"hidden\" name=\"_wpcf7_recaptcha_response\" value=\"\" \/>\n<\/div>\n<hr \/>\n<div clas=\"container \">\n\t<div class=\"row\">\n\t\t<div class=\"col-lg-6 col-md-6 col-sm-12\">\n\t\t\t<p><label> T\u00ean*<br \/>\n<span class=\"wpcf7-form-control-wrap\" data-name=\"your-name\"><input size=\"40\" class=\"wpcf7-form-control wpcf7-text wpcf7-validates-as-required\" autocomplete=\"name\" aria-required=\"true\" aria-invalid=\"false\" value=\"\" type=\"text\" name=\"your-name\" \/><\/span> <\/label>\n\t\t\t<\/p>\n\t\t\t<p><label> Email*<br \/>\n<span class=\"wpcf7-form-control-wrap\" data-name=\"your-email\"><input size=\"40\" class=\"wpcf7-form-control wpcf7-text wpcf7-email wpcf7-validates-as-required wpcf7-validates-as-email\" autocomplete=\"email\" aria-required=\"true\" aria-invalid=\"false\" value=\"\" type=\"email\" name=\"your-email\" \/><\/span> <\/label>\n\t\t\t<\/p>\n\t\t<\/div>\n\t\t<div class=\"col-lg-6 col-md-6 col-sm-12\">\n\t\t\t<p><label> S\u1ed1 \u0111i\u1ec7n tho\u1ea1i*<br \/>\n<span class=\"wpcf7-form-control-wrap\" data-name=\"your-tel\"><input size=\"40\" class=\"wpcf7-form-control wpcf7-text wpcf7-tel wpcf7-validates-as-tel\" autocomplete=\"phone\" aria-invalid=\"false\" value=\"\" type=\"tel\" name=\"your-tel\" \/><\/span> <\/label>\n\t\t\t<\/p>\n\t\t\t<p><label> C\u00f4ng ty (T\u00f9y ch\u1ecdn)<br \/>\n<span class=\"wpcf7-form-control-wrap\" data-name=\"your-company\"><input size=\"40\" class=\"wpcf7-form-control wpcf7-text\" aria-invalid=\"false\" value=\"\" type=\"text\" name=\"your-company\" \/><\/span> <\/label>\n\t\t\t<\/p>\n\t\t<\/div>\n\t\t<div class=\"col-lg-12 col-md-12 col-sm-12\">\n\t\t\t<p><label> L\u1eddi nh\u1eafn*<br \/>\n<span class=\"wpcf7-form-control-wrap\" data-name=\"your-message\"><textarea cols=\"40\" rows=\"10\" class=\"wpcf7-form-control wpcf7-textarea wpcf7-validates-as-required\" aria-required=\"true\" aria-invalid=\"false\" name=\"your-message\"><\/textarea><\/span> <\/label>\n\t\t\t<\/p>\n\t\t\t<p><input class=\"wpcf7-form-control has-spinner wpcf7-submit\" type=\"submit\" value=\"G\u1eedi y\u00eau c\u1ea7u\" \/>\n\t\t\t<\/p>\n\t\t<\/div>\n\t<\/div>\n<\/div><p style=\"display: none !important;\"><label>&#916;<textarea name=\"_wpcf7_ak_hp_textarea\" cols=\"45\" rows=\"8\" maxlength=\"100\"><\/textarea><\/label><input type=\"hidden\" id=\"ak_js_1\" name=\"_wpcf7_ak_js\" value=\"153\"\/><script>document.getElementById( \"ak_js_1\" ).setAttribute( \"value\", ( new Date() ).getTime() );<\/script><\/p><div class=\"wpcf7-response-output\" aria-hidden=\"true\"><\/div>\n<input type=\"hidden\" name=\"trp-form-language\" value=\"vi\"\/><\/form>\n<\/div>\n\n            <\/div>\n        <\/div>\n    <\/div>\n<\/section>\n<script>\n    $('.large-image-thumb').slick({\n        slidesToShow: 1,\n        slidesToScroll: 1,\n        arrows: false,\n        fade: true,\n        asNavFor: '.product-gallery-slide'\n    });\n    $('.product-gallery-slide').slick({\n        slidesToShow: 4,\n        slidesToScroll: 1,\n        arrows: true,\n        infinite: false,\n        loop: false,\n        asNavFor: '.large-image-thumb',\n        focusOnSelect: true\n    });\n    $(function(){\n        var current = location.pathname;\n        $('.filter-item .filter-item-link').each(function(){\n            var $this = $(this);        \n            \/\/ if the current path is like this link, make it active\n            if($this.attr('href').indexOf(current) !== -1){\n                $this.addClass('active');\n            }\n        })\n    })\n    function activeTab(obj){\n\t\t$('.machinery-tabs ul li').removeClass('active');\n\t\t$(obj).addClass('active');\n\t\tvar id = $(obj).attr('data-tab');\n\t\t$('.tab-content').removeClass('active');\n\t\t$(id).addClass('active');\n\t}\n\n\n\t$('.machinery-tabs ul li').click(function(){\n\t\tactiveTab(this);\n\t\treturn false;\n\t});\n<\/script>\n<script>\n    var accItem = document.getElementsByClassName('accordionItem');\n    var accHD = document.getElementsByClassName('accordionItemHeading');\n        for (i = 0; i < accHD.length; i++) {\n        accHD[i].addEventListener('click', toggleItem, false);\n    }\n    function toggleItem() {\n        var itemClass = this.parentNode.className;\n        for (i = 0; i < accItem.length; i++) {\n             accItem[i].className = 'accordionItem close-accordion';\n        }\n        if (itemClass == 'accordionItem close-accordion') {\n            this.parentNode.className = 'accordionItem open';\n        }\n    }\n<\/script>","protected":false},"excerpt":{"rendered":"<p>EXPECTING QUALITY &#8211; OPTIMAL TIME &#8211; COMPETITIVE PRICING At Liphoco, we place utmost importance on speed, precision, and efficiency. Through the utilization of our high-speed machinery and unwavering commitment to innovation, we consistently optimize production processes, resulting in reduced lead times. By harnessing the power of technology, we are able to provide competitive pricing while [&hellip;]<\/p>","protected":false},"author":1,"featured_media":0,"parent":0,"menu_order":0,"comment_status":"closed","ping_status":"closed","template":"","meta":{"footnotes":""},"class_list":["post-2231","page","type-page","status-publish","hentry","entry","owp-thumbs-layout-horizontal","owp-btn-normal","owp-tabs-layout-horizontal","has-no-thumbnails","has-product-nav"],"_links":{"self":[{"href":"https:\/\/liphoco.com\/vi\/wp-json\/wp\/v2\/pages\/2231","targetHints":{"allow":["GET"]}}],"collection":[{"href":"https:\/\/liphoco.com\/vi\/wp-json\/wp\/v2\/pages"}],"about":[{"href":"https:\/\/liphoco.com\/vi\/wp-json\/wp\/v2\/types\/page"}],"author":[{"embeddable":true,"href":"https:\/\/liphoco.com\/vi\/wp-json\/wp\/v2\/users\/1"}],"replies":[{"embeddable":true,"href":"https:\/\/liphoco.com\/vi\/wp-json\/wp\/v2\/comments?post=2231"}],"version-history":[{"count":5,"href":"https:\/\/liphoco.com\/vi\/wp-json\/wp\/v2\/pages\/2231\/revisions"}],"predecessor-version":[{"id":2424,"href":"https:\/\/liphoco.com\/vi\/wp-json\/wp\/v2\/pages\/2231\/revisions\/2424"}],"wp:attachment":[{"href":"https:\/\/liphoco.com\/vi\/wp-json\/wp\/v2\/media?parent=2231"}],"curies":[{"name":"wp","href":"https:\/\/api.w.org\/{rel}","templated":true}]}}