{"id":2660,"date":"2023-06-06T06:25:12","date_gmt":"2023-06-06T06:25:12","guid":{"rendered":"https:\/\/liphoco.com\/?page_id=2660"},"modified":"2025-07-24T04:04:53","modified_gmt":"2025-07-24T04:04:53","slug":"our-services","status":"publish","type":"page","link":"https:\/\/liphoco.com\/vi\/our-services\/","title":{"rendered":"D\u1ecbch v\u1ee5"},"content":{"rendered":"<section class=\"page-service\">\n    <div class=\"service-wrapper first-content\">\n        <div class=\"service-content container\">\n            <div class=\"service-title\">\n                <div class=\"title-wrap\">\n                    <h1>D\u1ecbch V\u1ee5 Gia C\u00f4ng C\u01a1 Kh\u00ed<\/h1>\n                    <p>V\u1edbi d\u1ecbch v\u1ee5 to\u00e0n di\u1ec7n c\u1ee7a ch\u00fang t\u00f4i, ch\u00fang t\u00f4i ch\u0103m s\u00f3c m\u1ecdi b\u01b0\u1edbc, b\u1eaft \u0111\u1ea7u t\u1eeb y\u00eau c\u1ea7u ban \u0111\u1ea7u cho \u0111\u1ebfn vi\u1ec7c giao h\u00e0ng \u0111\u00fang h\u1eb9n, \u0111\u1ea3m b\u1ea3o m\u1ed9t quy tr\u00ecnh su\u00f4n s\u1ebb v\u00e0 hi\u1ec7u qu\u1ea3 cho d\u1ef1 \u00e1n thi\u1ebft k\u1ebf s\u1ea3n xu\u1ea5t c\u01a1 kh\u00ed c\u1ee7a b\u1ea1n<\/p>\n                <\/div>\n            <\/div>\n            <div class=\"service-icon\">\n                <div class=\"icon-flex\">\n                    <a href=\"#design\" class=\"service-icon-detail\">\n                        <img decoding=\"async\" src=\"https:\/\/liphoco.com\/wp-content\/uploads\/2023\/06\/id-design.png\" class=\"icon-img\" \/>\n                        <div class=\"icon-name\">THI\u1ebeT K\u1ebe &amp; K\u1ef8 THU\u1eacT<\/div>\n                    <\/a>\n                    <a href=\"#laser\" class=\"service-icon-detail\">\n                        <img decoding=\"async\" src=\"https:\/\/liphoco.com\/wp-content\/uploads\/2023\/06\/id-laser.png\" class=\"icon-img\" \/>\n                        <div class=\"icon-name\">C\u1eaeT LASER CNC<\/div>\n                    <\/a>\n                    <a href=\"#welding\" class=\"service-icon-detail\">\n                        <img decoding=\"async\" src=\"https:\/\/liphoco.com\/wp-content\/uploads\/2023\/06\/id-welding.png\" class=\"icon-img\" \/>\n                        <div class=\"icon-name\">H\u00c0N<\/div>\n                    <\/a>\n                    <a href=\"#punching\" class=\"service-icon-detail\">\n                        <img decoding=\"async\" src=\"https:\/\/liphoco.com\/wp-content\/uploads\/2023\/06\/id-pressing.png\" class=\"icon-img\" \/>\n                        <div class=\"icon-name\">\u0110\u1ed8T D\u1eacP CNC<\/div>\n                    <\/a>\n                    <a href=\"#pressing\" class=\"service-icon-detail\">\n                        <img decoding=\"async\" src=\"https:\/\/liphoco.com\/wp-content\/uploads\/2023\/06\/id-punching.png\" class=\"icon-img\" \/>\n                        <div class=\"icon-name\">D\u1eacP KIM LO\u1ea0I T\u1ea4M<\/div>\n                    <\/a>\n                    <a href=\"#bending\" class=\"service-icon-detail\">\n                        <img decoding=\"async\" src=\"https:\/\/liphoco.com\/wp-content\/uploads\/2023\/06\/id-bending.png\" class=\"icon-img\" \/>\n                        <div class=\"icon-name\">U\u1ed0N \u1ed0NG CNC<\/div>\n                    <\/a>\n                    <a href=\"#machining\" class=\"service-icon-detail\">\n                        <img decoding=\"async\" src=\"https:\/\/liphoco.com\/wp-content\/uploads\/2023\/06\/id-milling.png\" class=\"icon-img\" \/>\n                        <div class=\"icon-name\">KHOAN - PHAY - TI\u1ec6N CNC<\/div>\n                    <\/a>\n                    <a href=\"#cutting\" class=\"service-icon-detail\">\n                        <img decoding=\"async\" src=\"https:\/\/liphoco.com\/wp-content\/uploads\/2023\/06\/id-cutting.png\" class=\"icon-img\" \/>\n                        <div class=\"icon-name\">C\u1eaeT KIM LO\u1ea0I<\/div>\n                    <\/a>\n                    <a href=\"#power\" class=\"service-icon-detail\">\n                        <img decoding=\"async\" src=\"https:\/\/liphoco.com\/wp-content\/uploads\/2023\/06\/id-power.png\" class=\"icon-img\" \/>\n                        <div class=\"icon-name\">PHUN S\u01a0N T\u0128NH \u0110I\u1ec6N<\/div>\n                    <\/a>\n                <\/div>\n            <\/div>\n            <div class=\"row service-details\">\n                <div class=\"col-lg-6 col-md-6 col-sm-12\" id=\"design\">\n                    <div class=\"system-grid\">\n                        <div class=\"system-image\">\n                            <img decoding=\"async\" src=\"https:\/\/liphoco.com\/wp-content\/uploads\/2023\/06\/dessign-img1.jpg\" \/>\n                        <\/div>\n                        <div class=\"system-info\">\n                            <div class=\"system-title\">\n                                <img decoding=\"async\" class=\"system-title-icon\" src=\"https:\/\/liphoco.com\/wp-content\/uploads\/2023\/06\/title-design.png\" \/>\n                                <h2>THI\u1ebeT K\u1ebe V\u00c0 K\u1ef8 THU\u1eacT<\/h2>\n                            <\/div>\n                            <div class=\"system-subtitle\">\n                                <p> T\u1ea1i Liphoco, ch\u00fang t\u00f4i hi\u1ec3u r\u1eb1ng m\u1ed7i kh\u00e1ch h\u00e0ng \u0111\u1ec1u c\u00f3 nhu c\u1ea7u ri\u00eang v\u00e0 ch\u00fang t\u00f4i lu\u00f4n n\u1ed7 l\u1ef1c cung c\u1ea5p c\u00e1c gi\u1ea3i ph\u00e1p s\u00e1ng t\u1ea1o v\u00e0 t\u00f9y ch\u1ec9nh \u0111\u00e1p \u1ee9ng y\u00eau c\u1ea7u c\u1ee7a h\u1ecd.\n                                <\/p>\n                            <\/div>\n                            <a class=\"system-button\" href=\"https:\/\/liphoco.com\/vi\/services-design-engineering\/\" target=\"_blank\" rel=\"noopener\">Xem th\u00eam<br\/> THI\u1ebeT K\u1ebe &amp; K\u1ef8 THU\u1eacT<\/a>\n                        <\/div>\n                    <\/div>\n                <\/div>\n\n                <div class=\"col-lg-6 col-md-6 col-sm-12\" id=\"laser\">\n                    <div class=\"system-grid\">\n                        <div class=\"system-image\">\n                            <img decoding=\"async\" src=\"https:\/\/liphoco.com\/wp-content\/uploads\/2023\/06\/tube-laser-cutting-scaled.jpeg\" \/>\n                        <\/div>\n                        <div class=\"system-info\">\n                            <div class=\"system-title\">\n                                <img decoding=\"async\" class=\"system-title-icon\" src=\"https:\/\/liphoco.com\/wp-content\/uploads\/2023\/06\/title-laser.png\" \/>\n                                <h2>C\u1eaeT LASER CNC<\/h2>\n                            <\/div>\n                            <div class=\"system-subtitle\">\n                                <p> \n                                    D\u1ecbch v\u1ee5 c\u1eaft laser CNC cho kim lo\u1ea1I t\u1ea5m v\u00e0 kim lo\u1ea1I \u1ed1ng<br\/>\n                                    T\u1ea1i Liphoco, ch\u00fang t\u00f4i t\u1eadp trung v\u00e0o s\u1ea3n xu\u1ea5t kim lo\u1ea1i t\u1ea5m v\u00e0 \u1ed1ng v\u1edbi m\u1ee9c \u0111\u1ed9 chi ti\u1ebft v\u00e0 ch\u00ednh x\u00e1c cao.\n                                <\/p>\n                            <\/div>\n                            <a class=\"system-button\" href=\"https:\/\/liphoco.com\/vi\/services-laser-cutting\/\" target=\"_blank\" rel=\"noopener\">Xem th\u00eam<br\/> C\u1eaeT LASER CNC<\/a>\n                        <\/div>\n                    <\/div>\n                <\/div>\n\n                <div class=\"col-lg-6 col-md-6 col-sm-12\" id=\"welding\">\n                    <div class=\"system-grid\">\n                        <div class=\"system-image\">\n                            <img decoding=\"async\" src=\"https:\/\/liphoco.com\/wp-content\/uploads\/2023\/06\/wwelding-serr.jpg\" \/>\n                        <\/div>\n                        <div class=\"system-info\">\n                            <div class=\"system-title\">\n                                <img decoding=\"async\" class=\"system-title-icon\" src=\"https:\/\/liphoco.com\/wp-content\/uploads\/2023\/06\/title-welding.png\" \/>\n                                <h2>H\u00c0N<\/h2>\n                            <\/div>\n                            <div class=\"system-subtitle\">\n                                <p>\n                                    \u0110ang c\u1eadp nh\u1eadt\n                                <\/p>\n                            <\/div>\n                            <a class=\"system-button\" href=\"https:\/\/liphoco.com\/vi\/machinery-welding-systems\/\" target=\"_blank\" rel=\"noopener\">Xem th\u00eam<br\/> H\u00c0N<\/a>\n                        <\/div>\n                    <\/div>\n                <\/div>\n\n                <div class=\"col-lg-6 col-md-6 col-sm-12\" id=\"punching\">\n                    <div class=\"system-grid\">\n                        <div class=\"system-image\">\n                            <img decoding=\"async\" src=\"https:\/\/liphoco.com\/wp-content\/uploads\/2023\/06\/punching-service.jpg\" \/>\n                        <\/div>\n                        <div class=\"system-info\">\n                            <div class=\"system-title\">\n                                <img decoding=\"async\" class=\"system-title-icon\" src=\"https:\/\/liphoco.com\/wp-content\/uploads\/2023\/06\/title-pressing.png\" \/>\n                                <h2>\u0110\u1ed8T D\u1eacP CNC<\/h2>\n                            <\/div>\n                            <div class=\"system-subtitle\">\n                                <p>\n                                    \u0110ang c\u1eadp nh\u1eadt\n                                <\/p>\n                            <\/div>\n                            <a class=\"system-button\" href=\"https:\/\/liphoco.com\/vi\/machinery-punching-system\/\" target=\"_blank\" rel=\"noopener\">Xem th\u00eam<br\/> \u0110\u1ed8T D\u1eacP CNC<\/a>\n                        <\/div>\n                    <\/div>\n                <\/div>\n\n                <div class=\"col-lg-6 col-md-6 col-sm-12\" id=\"pressing\">\n                    <div class=\"system-grid\">\n                        <div class=\"system-image\">\n                            <img decoding=\"async\" src=\"https:\/\/liphoco.com\/wp-content\/uploads\/2023\/06\/pressing-service.jpg\" \/>\n                        <\/div>\n                        <div class=\"system-info\">\n                            <div class=\"system-title\">\n                                <img decoding=\"async\" class=\"system-title-icon\" src=\"https:\/\/liphoco.com\/wp-content\/uploads\/2023\/06\/title-punching.png\" \/>\n                                <h2>D\u1eacP KIM LO\u1ea0I T\u1ea4M<\/h2>\n                            <\/div>\n                            <div class=\"system-subtitle\">\n                                <p>\n                                    \u0110ang c\u1eadp nh\u1eadt\n                                <\/p>\n                            <\/div>\n                            <a class=\"system-button\" href=\"https:\/\/liphoco.com\/vi\/machinery-pressing-systems\/\" target=\"_blank\" rel=\"noopener\">Xem th\u00eam<br\/> D\u1eacP KIM LO\u1ea0I T\u1ea4M<\/a>\n                        <\/div>\n                    <\/div>\n                <\/div>\n\n                <div class=\"col-lg-6 col-md-6 col-sm-12\" id=\"bending\">\n                    <div class=\"system-grid\">\n                        <div class=\"system-image\">\n                            <img decoding=\"async\" src=\"https:\/\/liphoco.com\/wp-content\/uploads\/2023\/06\/bending-ser.png\" \/>\n                        <\/div>\n                        <div class=\"system-info\">\n                            <div class=\"system-title\">\n                                <img decoding=\"async\" class=\"system-title-icon\" src=\"https:\/\/liphoco.com\/wp-content\/uploads\/2023\/06\/title-bending.png\" \/>\n                                <h2>U\u1ed0N \u1ed0NG CNC<\/h2>\n                            <\/div>\n                            <div class=\"system-subtitle\">\n                                <p>\n                                    \u0110ang c\u1eadp nh\u1eadt\n                                <\/p>\n                            <\/div>\n                            <a class=\"system-button\" href=\"https:\/\/liphoco.com\/vi\/machinery-bending-systems\/\" target=\"_blank\" rel=\"noopener\">Xem th\u00eam<br\/> U\u1ed0N \u1ed0NG CNC<\/a>\n                        <\/div>\n                    <\/div>\n                <\/div>\n\n                <div class=\"col-lg-6 col-md-6 col-sm-12\" id=\"machining\">\n                    <div class=\"system-grid\">\n                        <div class=\"system-image\">\n                            <img decoding=\"async\" src=\"https:\/\/liphoco.com\/wp-content\/uploads\/2023\/06\/milliing-serr.png\" \/>\n                        <\/div>\n                        <div class=\"system-info\">\n                            <div class=\"system-title\">\n                                <img decoding=\"async\" class=\"system-title-icon\" src=\"https:\/\/liphoco.com\/wp-content\/uploads\/2023\/06\/title-milling.png\" \/>\n                                <h2>KHOAN - PHAY - TI\u1ec6N CNC<\/h2>\n                            <\/div>\n                            <div class=\"system-subtitle\">\n                                <p>\n                                    \u0110ang c\u1eadp nh\u1eadt\n                                <\/p>\n                            <\/div>\n                            <a class=\"system-button\" href=\"https:\/\/liphoco.com\/vi\/machinery-milling-systems\/\" target=\"_blank\" rel=\"noopener\">Xem th\u00eam<br\/> KHOAN - PHAY - TI\u1ec6N CNC<\/a>\n                        <\/div>\n                    <\/div>\n                <\/div>\n\n                <div class=\"col-lg-6 col-md-6 col-sm-12\" id=\"cutting\">\n                    <div class=\"system-grid\">\n                        <div class=\"system-image\">\n                            <img decoding=\"async\" src=\"https:\/\/liphoco.com\/wp-content\/uploads\/2023\/06\/cutting-serr.png\" \/>\n                        <\/div>\n                        <div class=\"system-info\">\n                            <div class=\"system-title\">\n                                <img decoding=\"async\" class=\"system-title-icon\" src=\"https:\/\/liphoco.com\/wp-content\/uploads\/2023\/06\/title-cutting.png\" \/>\n                                <h2>C\u1eaeT KIM LO\u1ea0I<\/h2>\n                            <\/div>\n                            <div class=\"system-subtitle\">\n                                <p>\n                                    \u0110ang c\u1eadp nh\u1eadt\n                                <\/p>\n                            <\/div>\n                            <a class=\"system-button\" href=\"https:\/\/liphoco.com\/vi\/machinery-cutting-systems\/\" target=\"_blank\" rel=\"noopener\">Xem th\u00eam<br\/> C\u1eaeT KIM LO\u1ea0I<\/a>\n                        <\/div>\n                    <\/div>\n                <\/div>\n\n                <div class=\"col-lg-6 col-md-6 col-sm-12\" id=\"power\">\n                    <div class=\"system-grid\">\n                        <div class=\"system-image\">\n                            <img decoding=\"async\" src=\"https:\/\/liphoco.com\/wp-content\/uploads\/2023\/06\/power-serr.png\" \/>\n                        <\/div>\n                        <div class=\"system-info\">\n                            <div class=\"system-title\">\n                                <img decoding=\"async\" class=\"system-title-icon\" src=\"https:\/\/liphoco.com\/wp-content\/uploads\/2023\/06\/title-power.png\" \/>\n                                <h2>PHUN S\u01a0N T\u0128NH \u0110I\u1ec6N<\/h2>\n                            <\/div>\n                            <div class=\"system-subtitle\">\n                                <p>\n                                    \u0110ang c\u1eadp nh\u1eadt\n                                <\/p>\n                            <\/div>\n                            <a class=\"system-button\" href=\"https:\/\/liphoco.com\/vi\/machinery-power-coating-systems\/\" target=\"_blank\" rel=\"noopener\">Xem th\u00eam<br\/> PHUN S\u01a0N T\u0128NH \u0110I\u1ec6N<\/a>\n                        <\/div>\n                    <\/div>\n                <\/div>\n            <\/div>\n        <\/div>\n    <\/div>\n    <!--\n    <div class=\"service-wrapper white-content\">\n        <div class=\"service-content container\">\n            <div class=\"trust-title\">\n                <h2>Why Liphoco?<\/h2>\n                <p>LIPHOCO is a Vietnam-based mechanical manufacturer that provides precision engineering and customized manufacturing solutions to various industries.<\/p>\n            <\/div>\n            <div class=\"trust-badge\">\n                <div class=\"badge-item\">\n                    <img decoding=\"async\" src=\"https:\/\/liphoco.com\/wp-content\/uploads\/2023\/06\/badge-edit-3.png\" alt=\"Trust Badge\">\n                    <p>30 years\u2019 experience<\/p>\n                <\/div>\n                <div class=\"badge-item\">\n                    <img decoding=\"async\" src=\"https:\/\/liphoco.com\/wp-content\/uploads\/2023\/06\/badge-edit-4.png\" alt=\"Trust Badge\">\n                    <p>End-to-end service<\/p>\n                <\/div>\n                <div class=\"badge-item\">\n                    <img decoding=\"async\" src=\"https:\/\/liphoco.com\/wp-content\/uploads\/2023\/06\/badge-edit-1.png\" alt=\"Trust Badge\">\n                    <p>Engineer or Reverse Engineer<\/p>\n                <\/div>\n                <div class=\"badge-item\">\n                    <img decoding=\"async\" src=\"https:\/\/liphoco.com\/wp-content\/uploads\/2023\/06\/badge-edit-2.png\" alt=\"Trust Badge\">\n                    <p>Technical Experts<\/p>\n                <\/div>\n            <\/div>\n        <\/div>\n    <\/div>\n    --->\n    <div class=\"service-wrapper contact-content\">\n        <div class=\"service-content container\">\n            <h2>Nh\u1eadn t\u01b0 v\u1ea5n t\u1eeb c\u00e1c chuy\u00ean gia<\/h2>\n            <a href=\"https:\/\/liphoco.com\/vi\/contact\/\" class=\"service-page-contact\">\n                <span>Li\u00ean h\u1ec7<\/span>\n            <\/a>\n        <\/div>\n    <\/div>\n<\/section>","protected":false},"excerpt":{"rendered":"<p>Fabrication Services With our end-to-end service, we take care of every step, starting from the initial brief all the way to the timely delivery, ensuring a smooth and efficient process for your mechanical manufacturing design project. DESIGN &#038; ENGINEERING LASER CUTTING WELDING PUNCHING PRESSING BENDING MACHINING CUTTING POWER COATING Design &#038; Engineering At Liphoco, we [&hellip;]<\/p>","protected":false},"author":1,"featured_media":0,"parent":0,"menu_order":0,"comment_status":"closed","ping_status":"closed","template":"","meta":{"footnotes":""},"class_list":["post-2660","page","type-page","status-publish","hentry","entry","owp-thumbs-layout-horizontal","owp-btn-normal","owp-tabs-layout-horizontal","has-no-thumbnails","has-product-nav"],"_links":{"self":[{"href":"https:\/\/liphoco.com\/vi\/wp-json\/wp\/v2\/pages\/2660","targetHints":{"allow":["GET"]}}],"collection":[{"href":"https:\/\/liphoco.com\/vi\/wp-json\/wp\/v2\/pages"}],"about":[{"href":"https:\/\/liphoco.com\/vi\/wp-json\/wp\/v2\/types\/page"}],"author":[{"embeddable":true,"href":"https:\/\/liphoco.com\/vi\/wp-json\/wp\/v2\/users\/1"}],"replies":[{"embeddable":true,"href":"https:\/\/liphoco.com\/vi\/wp-json\/wp\/v2\/comments?post=2660"}],"version-history":[{"count":26,"href":"https:\/\/liphoco.com\/vi\/wp-json\/wp\/v2\/pages\/2660\/revisions"}],"predecessor-version":[{"id":3699,"href":"https:\/\/liphoco.com\/vi\/wp-json\/wp\/v2\/pages\/2660\/revisions\/3699"}],"wp:attachment":[{"href":"https:\/\/liphoco.com\/vi\/wp-json\/wp\/v2\/media?parent=2660"}],"curies":[{"name":"wp","href":"https:\/\/api.w.org\/{rel}","templated":true}]}}