{"id":2882,"date":"2023-06-17T03:48:39","date_gmt":"2023-06-17T03:48:39","guid":{"rendered":"https:\/\/liphoco.com\/?page_id=2882"},"modified":"2023-06-17T04:42:15","modified_gmt":"2023-06-17T04:42:15","slug":"services-design-engineering","status":"publish","type":"page","link":"https:\/\/liphoco.com\/vi\/services-design-engineering\/","title":{"rendered":"Services &#8211; Design &#038; Engineering"},"content":{"rendered":"<section class=\"page-service-details\">\n    <div class=\"service-wrapper first-content\">\n        <div class=\"service-content container\">\n            <div class=\"service-title\">\n                <div class=\"title-wrap text-center\">\n                    <h1>THI\u1ebeT K\u1ebe V\u00c0 K\u1ef8 THU\u1eacT<\/h1>\n                    <p>V\u1edbi d\u1ecbch v\u1ee5 to\u00e0n di\u1ec7n c\u1ee7a ch\u00fang t\u00f4i, ch\u00fang t\u00f4i ch\u0103m s\u00f3c m\u1ecdi b\u01b0\u1edbc, b\u1eaft \u0111\u1ea7u t\u1eeb y\u00eau c\u1ea7u ban \u0111\u1ea7u cho \u0111\u1ebfn vi\u1ec7c giao h\u00e0ng \u0111\u00fang h\u1eb9n, \u0111\u1ea3m b\u1ea3o m\u1ed9t quy tr\u00ecnh su\u00f4n s\u1ebb v\u00e0 hi\u1ec7u qu\u1ea3 cho d\u1ef1 \u00e1n thi\u1ebft k\u1ebf s\u1ea3n xu\u1ea5t c\u01a1 kh\u00ed c\u1ee7a b\u1ea1n<\/p>\n                    <a href=\"#contact\" class=\"contact-header\">G\u1eedi y\u00eau c\u1ea7u <<<\/a>\n                <\/div>\n            <\/div>\n        <\/div>\n    <\/div>\n    <div class=\"service-wrapper second-wrapper\">\n        <div class=\"service-content container\">\n            <div class=\"service-details-content\">\n                <div class=\"col-lg-6 col-md-6 col-sm-12\">\n                    <img decoding=\"async\" src=\"https:\/\/liphoco.com\/wp-content\/uploads\/2023\/06\/design-ser3.jpg\" alt=\"Design Service\" class=\"service-details-img\"\/>\n                <\/div>\n                <div class=\"col-lg-6 col-md-6 col-sm-12\">\n                    <div class=\"service-details-text\">\n                        <p>T\u1ea1i Liphoco, ch\u00fang t\u00f4i hi\u1ec3u r\u1eb1ng m\u1ed7i kh\u00e1ch h\u00e0ng \u0111\u1ec1u c\u00f3 nhu c\u1ea7u ri\u00eang v\u00e0 ch\u00fang t\u00f4i lu\u00f4n n\u1ed7 l\u1ef1c cung c\u1ea5p c\u00e1c gi\u1ea3i ph\u00e1p s\u00e1ng t\u1ea1o v\u00e0 t\u00f9y ch\u1ec9nh \u0111\u00e1p \u1ee9ng y\u00eau c\u1ea7u c\u1ee7a h\u1ecd. \u0110\u1ed9i ng\u0169 k\u1ef9 s\u01b0 gi\u00e0u kinh nghi\u1ec7m c\u1ee7a ch\u00fang t\u00f4i s\u1eed d\u1ee5ng c\u00e1c k\u1ef9 thu\u1eadt thi\u1ebft k\u1ebf k\u1ef9 thu\u1eadt ch\u00ednh x\u00e1c, hi\u1ec7n \u0111\u1ea1i v\u00e0 c\u00f3 k\u1ef9 n\u0103ng \u0111\u1ec3 bi\u1ebfn \u00fd t\u01b0\u1edfng ho\u1eb7c kh\u00e1i ni\u1ec7m thi\u1ebft k\u1ebf c\u1ee7a kh\u00e1ch h\u00e0ng th\u00e0nh c\u00e1c b\u1ea3n v\u1ebd s\u1ea3n ph\u1ea9m to\u00e0n di\u1ec7n s\u1eb5n s\u00e0ng cho s\u1ea3n xu\u1ea5t v\u00e0 gia c\u00f4ng kim lo\u1ea1i.<\/p>\n                    <\/div>\n                <\/div>\n            <\/div>\n            <div class=\"service-details-content\">\n                <div class=\"col-lg-6 col-md-6 col-sm-12\">\n                    <div class=\"service-details-text\">\n                        <p>V\u1edbi s\u1ef1 h\u1ee3p t\u00e1c ch\u1eb7t ch\u1ebd v\u1edbi kh\u00e1ch h\u00e0ng, \u0111\u1ed9i ng\u0169 chuy\u00ean gia k\u1ef9 thu\u1eadt cao c\u1ea5p c\u1ee7a ch\u00fang t\u00f4i x\u00e1c \u0111\u1ecbnh c\u00e1c gi\u1ea3i ph\u00e1p t\u1ed1t nh\u1ea5t t\u1eeb \u200b\u200bthi\u1ebft k\u1ebf ban \u0111\u1ea7u \u0111\u1ebfn s\u1ea3n ph\u1ea9m ho\u00e0n thi\u1ec7n. Ch\u00fang t\u00f4i cam k\u1ebft cung c\u1ea5p giao h\u00e0ng nguy\u00ean m\u1eabu nhanh ch\u00f3ng v\u00e0 c\u00e1c s\u1ea3n ph\u1ea9m ch\u1ea5t l\u01b0\u1ee3ng cao \u0111\u00e1p \u1ee9ng ti\u00eau chu\u1ea9n c\u1ee7a kh\u00e1ch h\u00e0ng, v\u1edbi gi\u00e1 c\u1ea3 c\u1ea1nh tranh v\u00e0 ch\u00ednh s\u00e1ch \u01b0u \u0111\u00e3i. \u0110i\u1ec1u n\u00e0y mang l\u1ea1i gi\u00e1 tr\u1ecb gia t\u0103ng \u0111\u00e1ng k\u1ec3 v\u00e0 ti\u1ebft ki\u1ec7m chi ph\u00ed cho kh\u00e1ch h\u00e0ng c\u1ee7a ch\u00fang t\u00f4i.<\/p>\n                    <\/div>\n                <\/div>\n                <div class=\"col-lg-6 col-md-6 col-sm-12\">\n                    <img decoding=\"async\" src=\"https:\/\/liphoco.com\/wp-content\/uploads\/2023\/06\/design-ser2.jpg\" alt=\"Design Service\" class=\"service-details-img\"\/>\n                <\/div>\n            <\/div>\n            <div class=\"service-details-content\">\n                <div class=\"col-lg-6 col-md-6 col-sm-12\">\n                    <img decoding=\"async\" src=\"https:\/\/liphoco.com\/wp-content\/uploads\/2023\/06\/design-ser4.jpg\" alt=\"Design Service\" class=\"service-details-img\"\/>\n                <\/div>\n                <div class=\"col-lg-6 col-md-6 col-sm-12\">\n                    <div class=\"service-details-text\">\n                        <p>T\u1ea1i Liphoco, vi\u1ec7c s\u1ea3n xu\u1ea5t s\u1ea3n ph\u1ea9m kim lo\u1ea1i t\u1eadp trung m\u1ea1nh v\u00e0o ch\u1ea5t l\u01b0\u1ee3ng v\u00e0 s\u1ef1 h\u00e0i l\u00f2ng c\u1ee7a kh\u00e1ch h\u00e0ng. Ch\u00fang t\u00f4i kh\u00f4ng b\u1eaft \u0111\u1ea7u s\u1ea3n xu\u1ea5t b\u1ea5t k\u1ef3 s\u1ea3n ph\u1ea9m n\u00e0o cho \u0111\u1ebfn khi \u0111\u1ed9i ng\u0169 k\u1ef9 s\u01b0 c\u1ee7a ch\u00fang t\u00f4i \u0111\u1ea3m b\u1ea3o r\u1eb1ng n\u00f3 \u0111\u00e1p \u1ee9ng c\u00e1c th\u00f4ng s\u1ed1 k\u1ef9 thu\u1eadt c\u1ea7n thi\u1ebft c\u1ee7a kh\u00e1ch h\u00e0ng.<\/p>\n                    <\/div>\n                <\/div>\n            <\/div>\n            <div class=\"service-details-content\">\n                <div class=\"col-lg-6 col-md-6 col-sm-12\">\n                    <div class=\"service-details-text\">\n                        <p>Ki\u1ebfn th\u1ee9c s\u00e2u r\u1ed9ng v\u00e0 kinh nghi\u1ec7m phong ph\u00fa c\u1ee7a ch\u00fang t\u00f4i v\u1ec1 thi\u1ebft b\u1ecb k\u1ef9 thu\u1eadt ch\u00ednh x\u00e1c, quy tr\u00ecnh s\u1ea3n xu\u1ea5t hi\u1ec7n \u0111\u1ea1i v\u00e0 t\u1ed1i \u01b0u h\u00f3a cho ph\u00e9p ch\u00fang t\u00f4i cung c\u1ea5p d\u1ecbch v\u1ee5 thi\u1ebft k\u1ebf kim lo\u1ea1i cho nhi\u1ec1u ng\u00e0nh.<\/p>\n                    <\/div>\n                <\/div>\n                <div class=\"col-lg-6 col-md-6 col-sm-12\">\n                    <img decoding=\"async\" src=\"https:\/\/liphoco.com\/wp-content\/uploads\/2023\/06\/design-ser1.jpg\" alt=\"Design Service\" class=\"service-details-img\"\/>\n                <\/div>\n            <\/div>\n            <div class=\"service-details-content\">\n                <div class=\"col-lg-6 col-md-6 col-sm-12\">\n                    <img decoding=\"async\" src=\"https:\/\/liphoco.com\/wp-content\/uploads\/2023\/06\/design-ser2.jpg\" alt=\"Design Service\" class=\"service-details-img\"\/>\n                <\/div>\n                <div class=\"col-lg-6 col-md-6 col-sm-12\">\n                    <div class=\"service-details-text\">\n                        <p>Cho d\u00f9 \u0111\u00f3 l\u00e0 nh\u00f4m, \u0111\u1ed3ng, \u0111\u1ed3ng thau hay th\u00e9p kh\u00f4ng g\u1ec9, ch\u00fang t\u00f4i \u0111\u1ec1u cung c\u1ea5p thi\u1ebft k\u1ebf, k\u1ef9 thu\u1eadt v\u00e0 s\u1ea3n xu\u1ea5t cho c\u00e1c th\u00e0nh ph\u1ea7n ho\u1eb7c s\u1ea3n ph\u1ea9m kim lo\u1ea1i ho\u00e0n ch\u1ec9nh. \u0110\u00e2y l\u00e0 c\u00e1c gi\u1ea3i ph\u00e1p th\u1ef1c t\u1ebf v\u00e0 ti\u1ebft ki\u1ec7m chi ph\u00ed cho nhi\u1ec1u \u1ee9ng d\u1ee5ng.\n                            <\/p>\n                    <\/div>\n                <\/div>\n            <\/div>\n        <\/div>\n        <div class=\"service-wrapper first-content\">\n            <div class=\"service-content container\">\n                <div class=\"service-title text-center\">\n                    <div class=\"title-wrap\">\n                        <h1>D\u1ecbch v\u1ee5<\/h1>\n                        <p>V\u1edbi d\u1ecbch v\u1ee5 to\u00e0n di\u1ec7n c\u1ee7a ch\u00fang t\u00f4i, ch\u00fang t\u00f4i ch\u0103m s\u00f3c m\u1ecdi b\u01b0\u1edbc, b\u1eaft \u0111\u1ea7u t\u1eeb y\u00eau c\u1ea7u ban \u0111\u1ea7u cho \u0111\u1ebfn vi\u1ec7c giao h\u00e0ng \u0111\u00fang h\u1eb9n, \u0111\u1ea3m b\u1ea3o m\u1ed9t quy tr\u00ecnh su\u00f4n s\u1ebb v\u00e0 hi\u1ec7u qu\u1ea3 cho d\u1ef1 \u00e1n thi\u1ebft k\u1ebf s\u1ea3n xu\u1ea5t c\u01a1 kh\u00ed c\u1ee7a b\u1ea1n<\/p>\n                    <\/div>\n                <\/div>\n                <div class=\"service-icon\">\n                    <div class=\"icon-flex\">\n                        <a href=\"https:\/\/liphoco.com\/vi\/services-design-engineering\/\" class=\"service-icon-detail\">\n                            <img decoding=\"async\" src=\"https:\/\/liphoco.com\/wp-content\/uploads\/2023\/06\/id-design.png\" class=\"icon-img\" \/>\n                            <div class=\"icon-name\">THI\u1ebeT K\u1ebe &amp; K\u1ef8 THU\u1eacT<\/div>\n                        <\/a>\n                        <a href=\"https:\/\/liphoco.com\/vi\/services-laser-cutting\/\" class=\"service-icon-detail\">\n                            <img decoding=\"async\" src=\"https:\/\/liphoco.com\/wp-content\/uploads\/2023\/06\/id-laser.png\" class=\"icon-img\" \/>\n                            <div class=\"icon-name\">C\u1eaeT LASER CNC<\/div>\n                        <\/a>\n                        <a href=\"https:\/\/liphoco.com\/vi\/services-welding\/\" class=\"service-icon-detail\">\n                            <img decoding=\"async\" src=\"https:\/\/liphoco.com\/wp-content\/uploads\/2023\/06\/id-welding.png\" class=\"icon-img\" \/>\n                            <div class=\"icon-name\">H\u00c0N<\/div>\n                        <\/a>\n                        <a href=\"https:\/\/liphoco.com\/vi\/services-punching\/\" class=\"service-icon-detail\">\n                            <img decoding=\"async\" src=\"https:\/\/liphoco.com\/wp-content\/uploads\/2023\/06\/id-pressing.png\" class=\"icon-img\" \/>\n                            <div class=\"icon-name\">\u0110\u1ed8T D\u1eacP CNC<\/div>\n                        <\/a>\n                        <a href=\"https:\/\/liphoco.com\/vi\/services-pressing\/\" class=\"service-icon-detail\">\n                            <img decoding=\"async\" src=\"https:\/\/liphoco.com\/wp-content\/uploads\/2023\/06\/id-punching.png\" class=\"icon-img\" \/>\n                            <div class=\"icon-name\">D\u1eacP KIM LO\u1ea0I T\u1ea4M<\/div>\n                        <\/a>\n                        <a href=\"https:\/\/liphoco.com\/vi\/services-bending\/\" class=\"service-icon-detail\">\n                            <img decoding=\"async\" src=\"https:\/\/liphoco.com\/wp-content\/uploads\/2023\/06\/id-bending.png\" class=\"icon-img\" \/>\n                            <div class=\"icon-name\">U\u1ed0N \u1ed0NG CNC<\/div>\n                        <\/a>\n                        <a href=\"https:\/\/liphoco.com\/vi\/services-machining\/\" class=\"service-icon-detail\">\n                            <img decoding=\"async\" src=\"https:\/\/liphoco.com\/wp-content\/uploads\/2023\/06\/id-milling.png\" class=\"icon-img\" \/>\n                            <div class=\"icon-name\">KHOAN - PHAY - TI\u1ec6N CNC<\/div>\n                        <\/a>\n                        <a href=\"https:\/\/liphoco.com\/vi\/services-cutting\/\" class=\"service-icon-detail\">\n                            <img decoding=\"async\" src=\"https:\/\/liphoco.com\/wp-content\/uploads\/2023\/06\/id-cutting.png\" class=\"icon-img\" \/>\n                            <div class=\"icon-name\">C\u1eaeT KIM LO\u1ea0I<\/div>\n                        <\/a>\n                        <a href=\"https:\/\/liphoco.com\/vi\/services-power-coating\/\" class=\"service-icon-detail\">\n                            <img decoding=\"async\" src=\"https:\/\/liphoco.com\/wp-content\/uploads\/2023\/06\/id-power.png\" class=\"icon-img\" \/>\n                            <div class=\"icon-name\">PHUN S\u01a0N T\u0128NH \u0110I\u1ec6N<\/div>\n                        <\/a>\n                    <\/div>\n                <\/div>\n            <\/div>\n        <\/div>\n        <div class=\"service-wrapper contact-content\" id=\"contact\">\n            <div class=\"service-content container\">\n                <h2>Nh\u1eadn t\u01b0 v\u1ea5n t\u1eeb c\u00e1c chuy\u00ean gia<\/h2>\n                <a href=\"https:\/\/liphoco.com\/vi\/contact\/\" class=\"service-page-contact\">\n                    <span>Li\u00ean h\u1ec7<\/span>\n                <\/a>\n            <\/div>\n        <\/div>\n    <\/div>\n<\/section>","protected":false},"excerpt":{"rendered":"<p>Design &#038; Engineering With our end-to-end service, we take care of every step, starting from the initial brief all the way to the timely delivery, ensuring a smooth and efficient process for your mechanical manufacturing design project. >> Send Enquiry<\/p>","protected":false},"author":1,"featured_media":0,"parent":0,"menu_order":0,"comment_status":"closed","ping_status":"closed","template":"","meta":{"footnotes":""},"class_list":["post-2882","page","type-page","status-publish","hentry","entry","owp-thumbs-layout-horizontal","owp-btn-normal","owp-tabs-layout-horizontal","has-no-thumbnails","has-product-nav"],"_links":{"self":[{"href":"https:\/\/liphoco.com\/vi\/wp-json\/wp\/v2\/pages\/2882","targetHints":{"allow":["GET"]}}],"collection":[{"href":"https:\/\/liphoco.com\/vi\/wp-json\/wp\/v2\/pages"}],"about":[{"href":"https:\/\/liphoco.com\/vi\/wp-json\/wp\/v2\/types\/page"}],"author":[{"embeddable":true,"href":"https:\/\/liphoco.com\/vi\/wp-json\/wp\/v2\/users\/1"}],"replies":[{"embeddable":true,"href":"https:\/\/liphoco.com\/vi\/wp-json\/wp\/v2\/comments?post=2882"}],"version-history":[{"count":12,"href":"https:\/\/liphoco.com\/vi\/wp-json\/wp\/v2\/pages\/2882\/revisions"}],"predecessor-version":[{"id":2932,"href":"https:\/\/liphoco.com\/vi\/wp-json\/wp\/v2\/pages\/2882\/revisions\/2932"}],"wp:attachment":[{"href":"https:\/\/liphoco.com\/vi\/wp-json\/wp\/v2\/media?parent=2882"}],"curies":[{"name":"wp","href":"https:\/\/api.w.org\/{rel}","templated":true}]}}