{"id":2887,"date":"2023-06-17T03:52:04","date_gmt":"2023-06-17T03:52:04","guid":{"rendered":"https:\/\/liphoco.com\/?page_id=2887"},"modified":"2023-06-30T02:37:15","modified_gmt":"2023-06-30T02:37:15","slug":"services-laser-cutting","status":"publish","type":"page","link":"https:\/\/liphoco.com\/vi\/services-laser-cutting\/","title":{"rendered":"Services &#8211; Laser Cutting"},"content":{"rendered":"<section class=\"page-service-details\">\n    <div class=\"service-wrapper first-content\">\n        <div class=\"service-content container\">\n            <div class=\"service-title\">\n                <div class=\"title-wrap text-center\">\n                    <h1>C\u1eaeT LASER CNC<\/h1>\n                    <p>V\u1edbi d\u1ecbch v\u1ee5 to\u00e0n di\u1ec7n c\u1ee7a ch\u00fang t\u00f4i, ch\u00fang t\u00f4i ch\u0103m s\u00f3c m\u1ecdi b\u01b0\u1edbc, b\u1eaft \u0111\u1ea7u t\u1eeb y\u00eau c\u1ea7u ban \u0111\u1ea7u cho \u0111\u1ebfn vi\u1ec7c giao h\u00e0ng \u0111\u00fang h\u1eb9n, \u0111\u1ea3m b\u1ea3o m\u1ed9t quy tr\u00ecnh su\u00f4n s\u1ebb v\u00e0 hi\u1ec7u qu\u1ea3 cho d\u1ef1 \u00e1n thi\u1ebft k\u1ebf s\u1ea3n xu\u1ea5t c\u01a1 kh\u00ed c\u1ee7a b\u1ea1n<\/p>\n                    <a href=\"#contact\" class=\"contact-header\">G\u1eedi y\u00eau c\u1ea7u <<<\/a>\n                <\/div>\n            <\/div>\n        <\/div>\n    <\/div>\n    <div class=\"service-wrapper second-wrapper\">\n        <div class=\"service-content container\">\n            <div class=\"service-details-content\">\n                <div class=\"col-lg-12 col-md-12 col-sm-12\">\n                    <div class=\"title-wrap text-center\">\n                        <h2>D\u1ecaCH V\u1ee4 C\u1eaeT LASER CNC CHO KIM LO\u1ea0I T\u1ea4M V\u00c0 KIM LO\u1ea0I \u1ed0NG<\/h2>\n                    <\/div>\n                <\/div>\n            <\/div>\n            <div class=\"service-details-content\">\n                <div class=\"col-lg-6 col-md-6 col-sm-12\">\n                    <img decoding=\"async\" src=\"https:\/\/liphoco.com\/wp-content\/uploads\/2023\/06\/laser-ser-1.jpg\" alt=\"Design Service\" class=\"service-details-img\"\/>\n                <\/div>\n                <div class=\"col-lg-6 col-md-6 col-sm-12\">\n                    <div class=\"service-details-text\">\n                        <p>T\u1ea1i Liphoco, ch\u00fang t\u00f4i t\u1eadp trung v\u00e0o s\u1ea3n xu\u1ea5t kim lo\u1ea1i t\u1ea5m v\u00e0 \u1ed1ng v\u1edbi m\u1ee9c \u0111\u1ed9 chi ti\u1ebft v\u00e0 ch\u00ednh x\u00e1c cao. D\u1ecbch v\u1ee5 c\u1eaft laser \u0111\u1ea3m b\u1ea3o \u0111\u1ed9 ch\u00ednh x\u00e1c tuy\u1ec7t v\u1eddi. S\u1eed d\u1ee5ng c\u00f4ng ngh\u1ec7 ch\u00f9m tia laser t\u1eadp trung, c\u00f3 th\u1ec3 c\u1eaft hi\u1ec7u qu\u1ea3 nhi\u1ec1u lo\u1ea1i kim lo\u1ea1i, bao g\u1ed3m th\u00e9p kh\u00f4ng g\u1ec9, nh\u00f4m v\u00e0 th\u00e9p cacbon. Kh\u00f4ng gi\u1edbi h\u1ea1n h\u00ecnh d\u1ea1ng kim lo\u1ea1i t\u00f9y ch\u1ec9nh, \u0111\u00e1p \u1ee9ng ch\u00ednh x\u00e1c c\u00e1c th\u00f4ng s\u1ed1 k\u1ef9 thu\u1eadt.<\/p>\n                    <\/div>\n                <\/div>\n            <\/div>\n            <div class=\"service-details-content\">\n                <div class=\"col-lg-6 col-md-6 col-sm-12\">\n                    <div class=\"service-details-text\">\n                        <p>M\u00e1y c\u1eaft kim lo\u1ea1i hi\u1ec7n \u0111\u1ea1i bao g\u1ed3m c\u1ea3 m\u00e1y c\u1eaft nh\u00f4m v\u00e0 th\u00e9p kh\u00f4ng g\u1ec9, \u0111\u1ea3m b\u1ea3o tu\u00e2n th\u1ee7 h\u00ecnh d\u1ea1ng s\u1ea3n ph\u1ea9m \u0111\u01b0\u1ee3c ch\u1ec9 \u0111\u1ecbnh b\u1edfi kh\u00e1ch h\u00e0ng. Kh\u1ea3 n\u0103ng bao g\u1ed3m x\u1eed l\u00fd h\u00e0ng tr\u0103m t\u1ea5n v\u1eadt li\u1ec7u m\u1ed7i th\u00e1ng, chi\u1ec1u d\u00e0i t\u1ed1i \u0111a s\u00e1u m\u00e9t v\u00e0 \u0111\u1ed9 d\u00e0y l\u00ean \u0111\u1ebfn 25mm.<\/p>\n                    <\/div>\n                <\/div>\n                <div class=\"col-lg-6 col-md-6 col-sm-12\">\n                    <img decoding=\"async\" src=\"https:\/\/liphoco.com\/wp-content\/uploads\/2023\/06\/laser-ser-5.jpg\" alt=\"Design Service\" class=\"service-details-img\"\/>\n                <\/div>\n            <\/div>\n            <div class=\"service-details-content\">\n                <div class=\"col-lg-6 col-md-6 col-sm-12\">\n                    <img decoding=\"async\" src=\"https:\/\/liphoco.com\/wp-content\/uploads\/2023\/06\/laser-ser-4.jpg\" alt=\"Design Service\" class=\"service-details-img\"\/>\n                <\/div>\n                <div class=\"col-lg-6 col-md-6 col-sm-12\">\n                    <div class=\"service-details-text\">\n                        <p>S\u1eed d\u1ee5ng c\u00f4ng ngh\u1ec7 laser s\u1ee3i, c\u00e1p quang d\u1eabn h\u01b0\u1edbng \u0111\u1ed9 ch\u00ednh x\u00e1c c\u1ee7a tia laser. K\u1ef9 thu\u1eadt ti\u00ean ti\u1ebfn n\u00e0y \u0111em l\u1ea1i \u0111\u1ed9 ch\u00ednh x\u00e1c v\u01b0\u1ee3t tr\u1ed9i so v\u1edbi c\u1eaft plasma. V\u1edbi chi ph\u00ed b\u1ea3o tr\u00ec v\u00e0 v\u1eadn h\u00e0nh th\u1ea5p, c\u00f9ng hi\u1ec7u qu\u1ea3 \u0111i\u1ec7n tuy\u1ec7t v\u1eddi v\u00e0 \u0111\u1ed9 ch\u00ednh x\u00e1c, c\u00f4ng ngh\u1ec7 laser s\u1ee3i l\u00e0 l\u1ef1a ch\u1ecdn l\u00fd t\u01b0\u1edfng cho s\u1ea3n xu\u1ea5t kim lo\u1ea1i.<\/p>\n                    <\/div>\n                <\/div>\n            <\/div>\n            <div class=\"service-details-content\">\n                <div class=\"col-lg-6 col-md-6 col-sm-12\">\n                    <div class=\"service-details-text\">\n                        <p>Quy tr\u00ecnh c\u1eaft laser nhanh ch\u00f3ng v\u00e0 hi\u1ec7u qu\u1ea3, \u00edt thi\u1ebft l\u1eadp. Cho ph\u00e9p nhanh ch\u00f3ng s\u1ea3n xu\u1ea5t c\u00e1c s\u1ea3n ph\u1ea9m, b\u1ed9 ph\u1eadn ho\u1eb7c th\u00e0nh ph\u1ea7n th\u00e9p kh\u00f4ng g\u1ec9 ho\u1eb7c nh\u00f4m c\u1eaft laser. Qu\u00e1 tr\u00ecnh n\u00e0y \u0111\u01b0\u1ee3c h\u01b0\u1edbng d\u1eabn b\u1edfi c\u00e1c b\u1ea3n v\u1ebd ch\u1ee9a c\u00e1c \u0111\u01b0\u1eddng c\u1eaft, cho ph\u00e9p tia laser ho\u1ea1t \u0111\u1ed9ng v\u1edbi t\u1ed1c \u0111\u1ed9 cao.<\/p>\n                    <\/div>\n                <\/div>\n                <div class=\"col-lg-6 col-md-6 col-sm-12\">\n                    <img decoding=\"async\" src=\"https:\/\/liphoco.com\/wp-content\/uploads\/2023\/06\/laser-ser-3.jpg\" alt=\"Design Service\" class=\"service-details-img\"\/>\n                <\/div>\n            <\/div>\n            <div class=\"service-details-content\">\n                <div class=\"col-lg-6 col-md-6 col-sm-12\">\n                    <img decoding=\"async\" src=\"https:\/\/liphoco.com\/wp-content\/uploads\/2023\/06\/laser-ser-2.jpg\" alt=\"Design Service\" class=\"service-details-img\"\/>\n                <\/div>\n                <div class=\"col-lg-6 col-md-6 col-sm-12\">\n                    <div class=\"service-details-text\">\n                        <p>B\u1eb1ng c\u00e1ch th\u1ef1c hi\u1ec7n qu\u00e1 tr\u00ecnh c\u1eaft kim lo\u1ea1i tr\u01b0\u1edbc khi ti\u1ebfn h\u00e0nh c\u00e1c giai \u0111o\u1ea1n t\u1ea1o h\u00ecnh, gia c\u00f4ng, h\u00e0n v\u00e0 d\u1eadp kim lo\u1ea1i, ti\u1ebft ki\u1ec7m th\u1eddi gian v\u00e0 chi ph\u00ed s\u1ea3n xu\u1ea5t t\u1ed5ng th\u1ec3. C\u1eaft laser kim lo\u1ea1i t\u00f9y ch\u1ec9nh l\u00e0 m\u1ed9t th\u00e0nh ph\u1ea7n quan tr\u1ecdng trong quy tr\u00ecnh s\u1ea3n xu\u1ea5t kim lo\u1ea1i ch\u00ednh x\u00e1c t\u1ea1i Liphoco. Ho\u00e0n to\u00e0n ph\u00f9 h\u1ee3p v\u1edbi d\u1ecbch v\u1ee5 thi\u1ebft k\u1ebf kim lo\u1ea1i, d\u1eadp kim lo\u1ea1i CNC, t\u1ea1o h\u00ecnh, h\u00e0n, gia c\u00f4ng v\u00e0 ho\u00e0n thi\u1ec7n kim lo\u1ea1i.<\/p>\n                        <p>Cam k\u1ebft ti\u1ebfp t\u1ee5c \u0111\u1ea7u t\u01b0 v\u00e0 duy tr\u00ec c\u00e1c c\u01a1 s\u1edf s\u1ea3n xu\u1ea5t t\u1ea1i ch\u1ed7, \u0111\u1ea3m b\u1ea3o v\u1ecb tr\u00ed d\u1eabn \u0111\u1ea7u trong ng\u00e0nh c\u1eaft v\u00e0 gia c\u00f4ng kim lo\u1ea1i.\n                        <\/p>\n                    <\/div>\n                <\/div>\n            <\/div>\n            <div class=\"service-details-content\">\n                <div class=\"col-lg-12 col-md-12 col-sm-12\">\n                    <div class=\"service-details-shape\" >\n                        <img decoding=\"async\" src=\"https:\/\/liphoco.com\/wp-content\/uploads\/2023\/05\/Fiber-Laser-Cutting-Machine-HN-3015F-1.png\" class=\"shape-img\" \/>\n                        <div class=\"shape-link\">\n                            <h3 class=\"shape-title\">H\u1ec7 th\u1ed1ng Laser Cutting<\/h3>\n                            <a class=\"shope-button\" href=\"https:\/\/liphoco.com\/vi\/machinery-laser-cutting-systems\/\" target=\"_blank\" rel=\"noopener\">Xem th\u00eam &gt;&gt;<\/a>\n                        <\/div>\n                    <\/div>\n                <\/div>\n            <\/div>\n            <div class=\"section_product_carousel\">\n                <div class=\"container padding-medium\">\n                    <div class=\"row\">\n                        <div class=\"col-md-12\">\n                            <div class=\"brand-title\">\n                                <h3><span class=\"material-icons-outlined\">radio_button_checked<\/span>S\u1ea3n ph\u1ea9m n\u1ed5i b\u1eadt<\/h3>\n                            <\/div>\n                        <\/div>\n                        <div class=\"col-md-12\">\n                            <div class=\"homeproduct_carousel owl-carousel not-dqowl\">\n                                <div class=\"item-brands carousel\">\n                                    <div class=\"product-grid\"><a class=\"see-detail-gates product-grid-link no-lightbox\" href=\"https:\/\/liphoco.vn\/mechanical-product\/safety-equipments\/safety-barricade-gates\/\" target=\"_blank\" rel=\"noopener\"> <img decoding=\"async\" class=\"product-grid-img\"\n                                                src=\"https:\/\/liphoco.vn\/wp-content\/uploads\/2023\/03\/Safety-Barricade-Gate-1.jpg\" \/><\/a>\n                                        <div class=\"product-grid-info\">\n                                            <h2 class=\"product-name\">C\u1ed5ng h\u00e0ng r\u00e0o an to\u00e0n<\/h2>\n                                            <div class=\"product-button\">Xem chi ti\u1ebft<\/div>\n                                        <\/div>\n                                    <\/div>\n                                <\/div>\n                                <div class=\"item-brands carousel\">\n                                    <div class=\"product-grid\"><a class=\"see-detail-gates product-grid-link no-lightbox\" href=\"https:\/\/liphoco.vn\/mechanical-product\/safety-equipments\/ladder\/\" target=\"_blank\" rel=\"noopener\"> <img decoding=\"async\" class=\"product-grid-img\"\n                                                src=\"https:\/\/liphoco.vn\/wp-content\/uploads\/2023\/03\/Steel-Rolling-Ladder-1.jpg\" \/><\/a>\n                                        <div class=\"product-grid-info\">\n                                            <h2 class=\"product-name\">Thang di \u0111\u1ed9ng<\/h2>\n                                            <div class=\"product-button\">Xem chi ti\u1ebft<\/div>\n                                        <\/div>\n                                    <\/div>\n                                <\/div>\n                                <div class=\"item-brands carousel\">\n                                    <div class=\"product-grid\"><a class=\"see-detail-gates product-grid-link no-lightbox\" href=\"https:\/\/liphoco.vn\/mechanical-product\/material-handling\/cart\/\" target=\"_blank\" rel=\"noopener\"> <img decoding=\"async\" class=\"product-grid-img\"\n                                                src=\"https:\/\/liphoco.vn\/wp-content\/uploads\/2023\/03\/Steel-Deck-Lumber-Cart-1.jpg\" \/><\/a>\n                                        <div class=\"product-grid-info\">\n                                            <h2 class=\"product-name\">Xe \u0111\u1ea9y v\u1eadt li\u1ec7u d\u1ea1ng t\u1ea5m<\/h2>\n                                            <div class=\"product-button\">Xem chi ti\u1ebft<\/div>\n                                        <\/div>\n                                    <\/div>\n                                <\/div>\n                                <div class=\"item-brands carousel\">\n                                    <div class=\"product-grid\"><a class=\"see-detail-gates product-grid-link no-lightbox\" href=\"https:\/\/liphoco.vn\/mechanical-product\/material-handling\/cart\/\" target=\"_blank\" rel=\"noopener\"> <img decoding=\"async\" class=\"product-grid-img\"\n                                                src=\"https:\/\/liphoco.vn\/wp-content\/uploads\/2023\/03\/Lumber-Cart-1.jpg\" \/><\/a>\n                                        <div class=\"product-grid-info\">\n                                            <h2 class=\"product-name\">Xe \u0111\u1ea9y 2 t\u1ea7ng<\/h2>\n                                            <div class=\"product-button\">Xem chi ti\u1ebft<\/div>\n                                        <\/div>\n                                    <\/div>\n                                <\/div>\n                                <div class=\"item-brands carousel\">\n                                    <div class=\"product-grid\"><a class=\"see-detail-gates product-grid-link no-lightbox\" href=\"https:\/\/liphoco.vn\/mechanical-product\/material-handling\/cart\/\" target=\"_blank\" rel=\"noopener\"> <img decoding=\"async\" class=\"product-grid-img\"\n                                                src=\"https:\/\/liphoco.vn\/wp-content\/uploads\/2023\/03\/Three-Tier-Cart-1.jpg\" \/><\/a>\n                                        <div class=\"product-grid-info\">\n                                            <h2 class=\"product-name\">Xe \u0111\u1ea9y 3 t\u1ea7ng<\/h2>\n                                            <div class=\"product-button\">Xem chi ti\u1ebft<\/div>\n                                        <\/div>\n                                    <\/div>\n                                <\/div>\n                                <div class=\"item-brands carousel\">\n                                    <div class=\"product-grid\"><a class=\"see-detail-gates product-grid-link no-lightbox\" href=\"https:\/\/liphoco.vn\/mechanical-product\/safety-equipments\/steel-fencing\/\" target=\"_blank\" rel=\"noopener\"> <img decoding=\"async\" class=\"product-grid-img\"\n                                                src=\"https:\/\/liphoco.vn\/wp-content\/uploads\/2023\/04\/new-fencing-1.jpg\" \/><\/a>\n                                        <div class=\"product-grid-info\">\n                                            <h2 class=\"product-name\">Steel Fencing<\/h2>\n                                            <div class=\"product-button\">Xem chi ti\u1ebft<\/div>\n                                        <\/div>\n                                    <\/div>\n                                <\/div>\n                                <div class=\"item-brands carousel\">\n                                    <div class=\"product-grid\"><a class=\"see-detail-gates product-grid-link no-lightbox\" href=\"https:\/\/liphoco.com\/vi\/general-purpose-hand-truck-product-page\/\" target=\"_blank\" rel=\"noopener\"> <img decoding=\"async\" class=\"product-grid-img\"\n                                                src=\"https:\/\/liphoco.vn\/wp-content\/uploads\/2023\/04\/handtruck2.jpg\" \/><\/a>\n                                        <div class=\"product-grid-info\">\n                                            <h2 class=\"product-name\">Xe \u0111\u1ea9y \u0111a n\u0103ng<\/h2>\n                                            <div class=\"product-button\">Xem chi ti\u1ebft<\/div>\n                                        <\/div>\n                                    <\/div>\n                                <\/div>\n                                <div class=\"item-brands carousel\">\n                                    <div class=\"product-grid\"><a class=\"see-detail-gates product-grid-link no-lightbox\" href=\"https:\/\/liphoco.com\/vi\/easy-tilt-hand-truck-product-page\/\" target=\"_blank\" rel=\"noopener\"> <img decoding=\"async\" class=\"product-grid-img\"\n                                                src=\"https:\/\/liphoco.vn\/wp-content\/uploads\/2023\/04\/handtruck3.jpg\" \/><\/a>\n                                        <div class=\"product-grid-info\">\n                                            <h2 class=\"product-name\">Xe \u0111\u1ea9y tay c\u00f3 \u0111\u1ed9 nghi\u00eang<\/h2>\n                                            <div class=\"product-button\">Xem chi ti\u1ebft<\/div>\n                                        <\/div>\n                                    <\/div>\n                                <\/div>\n                                <div class=\"item-brands carousel\">\n                                    <div class=\"product-grid\"><a class=\"see-detail-gates product-grid-link no-lightbox\" href=\"https:\/\/liphoco.com\/vi\/aluminum-products-product-page\/\" target=\"_blank\" rel=\"noopener\"> <img decoding=\"async\" class=\"product-grid-img\"\n                                                src=\"https:\/\/liphoco.com\/wp-content\/uploads\/2023\/06\/alu-1.jpg\" \/><\/a>\n                                        <div class=\"product-grid-info\">\n                                            <h2 class=\"product-name\">C\u1ed5ng an to\u00e0n t\u1ef1 \u0111\u1ed9ng<\/h2>\n                                            <div class=\"product-button\">Xem chi ti\u1ebft<\/div>\n                                        <\/div>\n                                    <\/div>\n                                <\/div>\n                            <\/div>\n                        <\/div>\n                    <\/div>\n                <\/div>\n            <\/div>\n        <\/div>\n        <div class=\"service-wrapper first-content\">\n            <div class=\"service-content container\">\n                <div class=\"service-title text-center\">\n                    <div class=\"title-wrap\">\n                        <h1>D\u1ecbch v\u1ee5<\/h1>\n                        <p>V\u1edbi d\u1ecbch v\u1ee5 to\u00e0n di\u1ec7n c\u1ee7a ch\u00fang t\u00f4i, ch\u00fang t\u00f4i ch\u0103m s\u00f3c m\u1ecdi b\u01b0\u1edbc, b\u1eaft \u0111\u1ea7u t\u1eeb y\u00eau c\u1ea7u ban \u0111\u1ea7u cho \u0111\u1ebfn vi\u1ec7c giao h\u00e0ng \u0111\u00fang h\u1eb9n, \u0111\u1ea3m b\u1ea3o m\u1ed9t quy tr\u00ecnh su\u00f4n s\u1ebb v\u00e0 hi\u1ec7u qu\u1ea3 cho d\u1ef1 \u00e1n thi\u1ebft k\u1ebf s\u1ea3n xu\u1ea5t c\u01a1 kh\u00ed c\u1ee7a b\u1ea1n<\/p>\n                    <\/div>\n                <\/div>\n                <div class=\"service-icon\">\n                    <div class=\"icon-flex\">\n                        <a href=\"https:\/\/liphoco.com\/vi\/services-design-engineering\/\" class=\"service-icon-detail\">\n                            <img decoding=\"async\" src=\"https:\/\/liphoco.com\/wp-content\/uploads\/2023\/06\/id-design.png\" class=\"icon-img\" \/>\n                            <div class=\"icon-name\">THI\u1ebeT K\u1ebe &amp; K\u1ef8 THU\u1eacT<\/div>\n                        <\/a>\n                        <a href=\"https:\/\/liphoco.com\/vi\/services-laser-cutting\/\" class=\"service-icon-detail\">\n                            <img decoding=\"async\" src=\"https:\/\/liphoco.com\/wp-content\/uploads\/2023\/06\/id-laser.png\" class=\"icon-img\" \/>\n                            <div class=\"icon-name\">C\u1eaeT LASER CNC<\/div>\n                        <\/a>\n                        <a href=\"https:\/\/liphoco.com\/vi\/services-welding\/\" class=\"service-icon-detail\">\n                            <img decoding=\"async\" src=\"https:\/\/liphoco.com\/wp-content\/uploads\/2023\/06\/id-welding.png\" class=\"icon-img\" \/>\n                            <div class=\"icon-name\">H\u00c0N<\/div>\n                        <\/a>\n                        <a href=\"https:\/\/liphoco.com\/vi\/services-punching\/\" class=\"service-icon-detail\">\n                            <img decoding=\"async\" src=\"https:\/\/liphoco.com\/wp-content\/uploads\/2023\/06\/id-pressing.png\" class=\"icon-img\" \/>\n                            <div class=\"icon-name\">\u0110\u1ed8T D\u1eacP CNC<\/div>\n                        <\/a>\n                        <a href=\"https:\/\/liphoco.com\/vi\/services-pressing\/\" class=\"service-icon-detail\">\n                            <img decoding=\"async\" src=\"https:\/\/liphoco.com\/wp-content\/uploads\/2023\/06\/id-punching.png\" class=\"icon-img\" \/>\n                            <div class=\"icon-name\">D\u1eacP KIM LO\u1ea0I T\u1ea4M<\/div>\n                        <\/a>\n                        <a href=\"https:\/\/liphoco.com\/vi\/services-bending\/\" class=\"service-icon-detail\">\n                            <img decoding=\"async\" src=\"https:\/\/liphoco.com\/wp-content\/uploads\/2023\/06\/id-bending.png\" class=\"icon-img\" \/>\n                            <div class=\"icon-name\">U\u1ed0N \u1ed0NG CNC<\/div>\n                        <\/a>\n                        <a href=\"https:\/\/liphoco.com\/vi\/services-machining\/\" class=\"service-icon-detail\">\n                            <img decoding=\"async\" src=\"https:\/\/liphoco.com\/wp-content\/uploads\/2023\/06\/id-milling.png\" class=\"icon-img\" \/>\n                            <div class=\"icon-name\">KHOAN - PHAY - TI\u1ec6N CNC<\/div>\n                        <\/a>\n                        <a href=\"https:\/\/liphoco.com\/vi\/services-cutting\/\" class=\"service-icon-detail\">\n                            <img decoding=\"async\" src=\"https:\/\/liphoco.com\/wp-content\/uploads\/2023\/06\/id-cutting.png\" class=\"icon-img\" \/>\n                            <div class=\"icon-name\">C\u1eaeT KIM LO\u1ea0I<\/div>\n                        <\/a>\n                        <a href=\"https:\/\/liphoco.com\/vi\/services-power-coating\/\" class=\"service-icon-detail\">\n                            <img decoding=\"async\" src=\"https:\/\/liphoco.com\/wp-content\/uploads\/2023\/06\/id-power.png\" class=\"icon-img\" \/>\n                            <div class=\"icon-name\">PHUN S\u01a0N T\u0128NH \u0110I\u1ec6N<\/div>\n                        <\/a>\n                    <\/div>\n                <\/div>\n            <\/div>\n        <\/div>\n        <div class=\"service-wrapper contact-content\" id=\"contact\">\n            <div class=\"service-content container\">\n                <h2>Nh\u1eadn t\u01b0 v\u1ea5n t\u1eeb c\u00e1c chuy\u00ean gia<\/h2>\n                <a href=\"https:\/\/liphoco.com\/vi\/contact\/\" class=\"service-page-contact\">\n                    <span>Li\u00ean h\u1ec7<\/span>\n                <\/a>\n            <\/div>\n        <\/div>\n    <\/div>\n<\/section>\n<script>\n    $(document).ready(function () { \n        $('.homeproduct_carousel').owlCarousel({ \n            margin: 10, \n            loop: true, \n            nav: false, \n            autoplay: true, \n            autoplayTimeout: 3200, \n            responsive: { \n                0: { \n                    items: 2 \n                }, \n                991: { \n                    items: 4 \n                }, \n                992: { \n                    items: 4 \n                } \n            } \n        }) \n    }) \n<\/script>","protected":false},"excerpt":{"rendered":"<p>Laser Cutting With our end-to-end service, we take care of every step, starting from the initial brief all the way to the timely delivery, ensuring a smooth and efficient process for your mechanical manufacturing design project. >> Send Enquiry radio_button_checkedFeature Products Safety Barricade Gates View Products Steel Rolling Ladder View Products Lumber Cart View Products [&hellip;]<\/p>","protected":false},"author":1,"featured_media":0,"parent":0,"menu_order":0,"comment_status":"closed","ping_status":"closed","template":"","meta":{"footnotes":""},"class_list":["post-2887","page","type-page","status-publish","hentry","entry","owp-thumbs-layout-horizontal","owp-btn-normal","owp-tabs-layout-horizontal","has-no-thumbnails","has-product-nav"],"_links":{"self":[{"href":"https:\/\/liphoco.com\/vi\/wp-json\/wp\/v2\/pages\/2887","targetHints":{"allow":["GET"]}}],"collection":[{"href":"https:\/\/liphoco.com\/vi\/wp-json\/wp\/v2\/pages"}],"about":[{"href":"https:\/\/liphoco.com\/vi\/wp-json\/wp\/v2\/types\/page"}],"author":[{"embeddable":true,"href":"https:\/\/liphoco.com\/vi\/wp-json\/wp\/v2\/users\/1"}],"replies":[{"embeddable":true,"href":"https:\/\/liphoco.com\/vi\/wp-json\/wp\/v2\/comments?post=2887"}],"version-history":[{"count":12,"href":"https:\/\/liphoco.com\/vi\/wp-json\/wp\/v2\/pages\/2887\/revisions"}],"predecessor-version":[{"id":3021,"href":"https:\/\/liphoco.com\/vi\/wp-json\/wp\/v2\/pages\/2887\/revisions\/3021"}],"wp:attachment":[{"href":"https:\/\/liphoco.com\/vi\/wp-json\/wp\/v2\/media?parent=2887"}],"curies":[{"name":"wp","href":"https:\/\/api.w.org\/{rel}","templated":true}]}}