{"id":3777,"date":"2025-11-12T02:54:03","date_gmt":"2025-11-12T02:54:03","guid":{"rendered":"https:\/\/liphoco.com\/?page_id=3777"},"modified":"2026-02-13T02:03:02","modified_gmt":"2026-02-13T02:03:02","slug":"hanging-rack","status":"publish","type":"page","link":"https:\/\/liphoco.com\/vi\/oem-fabrication\/material-handling\/hanging-rack\/","title":{"rendered":"HANGING RACK &#8211; product page"},"content":{"rendered":"<!-- Hanging Rack Product Page Template -->\n<link rel=\"stylesheet\" type=\"text\/css\" href=\"\/\/cdn.jsdelivr.net\/npm\/slick-carousel@1.8.1\/slick\/slick.css\"\/>\n<script type=\"text\/javascript\" src=\"\/\/cdn.jsdelivr.net\/npm\/slick-carousel@1.8.1\/slick\/slick.min.js\"><\/script>\n\n<section class=\"product-page\">\n  <div class=\"container\">\n    <div class=\"row\">\n\n      <!-- LEFT: GALLERY -->\n      <div class=\"col-lg-6 col-md-6 col-sm-12\">\n        <div class=\"product-gallery large-image-thumb\">\n          <!-- MAIN VIDEO -->\n          <div class=\"product-thumb\">\n            <iframe loading=\"lazy\" width=\"100%\" height=\"450\" src=\"https:\/\/www.youtube.com\/embed\/DR8smcvNVxM\" frameborder=\"0\" allow=\"accelerometer; autoplay; clipboard-write; encrypted-media; gyroscope; picture-in-picture\" allowfullscreen><\/iframe>\n          <\/div>\n          <!-- IMAGE 1 -->\n          <div class=\"product-thumb\">\n            <img decoding=\"async\" src=\"https:\/\/liphoco.com\/wp-content\/uploads\/2025\/11\/IMG_2743-scaled.jpg\" \/>\n          <\/div>\n          <!-- IMAGE 2 -->\n          <div class=\"product-thumb\">\n            <img decoding=\"async\" src=\"https:\/\/liphoco.com\/wp-content\/uploads\/2025\/12\/Tam-thep-1.jpg\" \/>\n          <\/div>\n          <!-- IMAGE 3 -->\n          <div class=\"product-thumb\">\n            <img decoding=\"async\" src=\"https:\/\/liphoco.com\/wp-content\/uploads\/2025\/12\/z7246790136981_58597626f62845c05a880c364d38e9b0.jpg\" \/>\n          <\/div>\n        <\/div>\n\n        <div class=\"product-gallery-slide\">\n          <div class=\"gallery-slide-item\">\n            <img decoding=\"async\" src=\"https:\/\/img.youtube.com\/vi\/DR8smcvNVxM\/hqdefault.jpg\" \/>\n          <\/div>\n          <div class=\"gallery-slide-item\">\n            <img decoding=\"async\" src=\"https:\/\/liphoco.com\/wp-content\/uploads\/2025\/11\/IMG_2743-scaled.jpg\" \/>\n          <\/div>\n          <div class=\"gallery-slide-item\">\n            <img decoding=\"async\" src=\"https:\/\/liphoco.com\/wp-content\/uploads\/2025\/12\/Tam-thep-1.jpg\" \/>\n          <\/div>\n          <div class=\"gallery-slide-item\">\n            <img decoding=\"async\" src=\"https:\/\/liphoco.com\/wp-content\/uploads\/2025\/12\/z7246790136981_58597626f62845c05a880c364d38e9b0.jpg\" \/>\n          <\/div>\n        <\/div>\n      <\/div>\n\n      <!-- RIGHT: PRODUCT DETAILS -->\n      <div class=\"col-lg-6 col-md-6 col-sm-12\">\n        <div class=\"product-details\">\n          <h2 class=\"product-name-main\">Gi\u00e1 treo t\u00fai<\/h2>\n\n          <div class=\"product-short-description\">\n            <p>B\u1ea1n \u0111ang t\u00ecm m\u1ed9t s\u1ea3n ph\u1ea9m tr\u01b0ng b\u00e0y b\u1ec1n b\u1ec9, \u0111\u1eb9p m\u1eaft v\u00e0 ti\u1ebft ki\u1ec7m kh\u00f4ng gian, ph\u00f9 h\u1ee3p cho v\u00f4 s\u1ed1 ng\u00e0nh h\u00e0ng? Hanging Rack c\u1ee7a LIPHOCO \u0111\u01b0\u1ee3c thi\u1ebft k\u1ebf ch\u00ednh x\u00e1c cho m\u1ee5c \u0111\u00edch \u0111\u00f3 \u2014 gi\u00fap n\u00e2ng t\u1ea7m s\u1ea3n ph\u1ea9m v\u00e0 t\u1ed1i \u01b0u ho\u00e1 kh\u00f4ng gian c\u1ee7a b\u1ea1n.<\/p>\n          <\/div>\n\n          <div class=\"accordionWrapper\">\n            <div class=\"accordionItem open\">\n              <h3 class=\"accordionItemHeading\">Quy tr\u00ecnh s\u1ea3n xu\u1ea5t<\/h3>\n              <div class=\"accordionItemContent\">\n                <p>\u0110\u01b0\u1ee3c s\u1ea3n xu\u1ea5t tr\u1ef1c ti\u1ebfp t\u1ea1i nh\u00e0 m\u00e1y c\u1ee7a LIPHOCO b\u1eb1ng c\u00e1c quy tr\u00ecnh c\u1eaft laser, ch\u1ea5n CNC, h\u00e0n ch\u00ednh x\u00e1c v\u00e0 s\u01a1n t\u0129nh \u0111i\u1ec7n cao c\u1ea5p, m\u1ed7i chi\u1ebfc rack \u0111\u1ec1u \u0111\u1ea3m b\u1ea3o ch\u1ea5t l\u01b0\u1ee3ng \u0111\u1ed3ng nh\u1ea5t, \u0111\u1ea1t ti\u00eau chu\u1ea9n xu\u1ea5t kh\u1ea9u sang M\u1ef9, EU v\u00e0 Nh\u1eadt B\u1ea3n.<\/p>\n              <\/div>\n            <\/div>\n\n            <div class=\"accordionItem close-accordion\">\n              <h3 class=\"accordionItemHeading\">\u0110\u1ed9 b\u1ec1n &amp; Thi\u1ebft k\u1ebf<\/h3>\n              <div class=\"accordionItemContent\">\n                <p>\u0110\u01b0\u1ee3c l\u00e0m t\u1eeb th\u00e9p ch\u1ea5t l\u01b0\u1ee3ng cao v\u1edbi m\u1ed1i h\u00e0n ch\u1eafc ch\u1eafn v\u00e0 l\u1edbp s\u01a1n t\u0129nh \u0111i\u1ec7n ch\u1ed1ng g\u1ec9, nh\u1eefng chi\u1ebfc gi\u00e1 treo n\u00e0y ho\u1ea1t \u0111\u1ed9ng b\u1ec1n b\u1ec9 trong m\u1ecdi m\u00f4i tr\u01b0\u1eddng \u2014 t\u1eeb c\u00e1c c\u1eeda h\u00e0ng nh\u1ecf, c\u1eeda h\u00e0ng l\u01b0u ni\u1ec7m, tr\u01b0ng b\u00e0y \u0111\u1ebfn c\u00e1c kho h\u00e0ng c\u00f3 l\u01b0u l\u01b0\u1ee3ng l\u1edbn.<\/p>\n              <\/div>\n            <\/div>\n\n            <div class=\"accordionItem close-accordion\">\n              <h3 class=\"accordionItemHeading\">T\u00f9y ch\u1ec9nh y\u00eau c\u1ea7u<\/h3>\n              <div class=\"accordionItemContent\">\n                <p>K\u00edch th\u01b0\u1edbc, \u0111\u1ed9 d\u00e0y, m\u00e0u s\u1eafc, c\u1ea5u tr\u00fac \u2014 t\u1ea5t c\u1ea3 \u0111\u1ec1u c\u00f3 th\u1ec3 \u0111\u01b0\u1ee3c t\u00f9y ch\u1ec9nh theo y\u00eau c\u1ea7u th\u1ecb tr\u01b0\u1eddng ho\u1eb7c th\u01b0\u01a1ng hi\u1ec7u c\u1ee7a b\u1ea1n.<\/p>\n              <\/div>\n            <\/div>\n          <\/div>\n\n          <div class=\"product-specifications\">\n            <h3>Th\u00f4ng s\u1ed1 k\u1ef9 thu\u1eadt<\/h3>\n            <ul>\n              <li>K\u00edch th\u01b0\u1edbc (DxRxC): 380 \u00d7 450 \u00d7 1600 mm<\/li>\n              <li>Packing size (L\u00d7W\u00d7H): 1620 \u00d7 470 \u00d7 120 mm<\/li>\n              <li>C\u00e2n n\u1eb7ng: 12.3 kg<\/li>\n              <li>M\u00f3c: 5\u201310 c\u00e1i ho\u1eb7c t\u00f9y ch\u1ec9nh<\/li>\n              <li>Wheels: 4 <\/li>\n              <li>M\u00e0u s\u1eafc: \u0110en ho\u1eb7c t\u00f9y ch\u1ec9nh<\/li>\n            <\/ul>\n          <\/div>\n\n          <div class=\"product-advantages\">\n            <h3>V\u00ec sao c\u00e1c doanh nghi\u1ec7p ch\u1ecdn Hanging Rack c\u1ee7a LIPHOCO<\/h3>\n            <ul>\n              <li>T\u1ed1i \u0111a h\u00f3a hi\u1ec7u qu\u1ea3 tr\u01b0ng b\u00e0y \u2013 Gi\u00fap s\u1ea3n ph\u1ea9m n\u1ed5i b\u1eadt<\/li>\n              <li>Thi\u1ebft k\u1ebf \u0111\u1ea3m b\u1ea3o \u0111\u1ed9 b\u1ec1n l\u00e2u d\u00e0i<\/li>\n              <li>T\u00f9y ch\u1ec9nh OEM to\u00e0n di\u1ec7n<\/li>\n              <li>Gi\u00e1 c\u1ea1nh tranh \u2013 S\u1ea3n xu\u1ea5t t\u1ea1i Vi\u1ec7t Nam<\/li>\n            <\/ul>\n          <\/div>\n\n          <div class=\"product-application\">\n            <h3>\u1ee8ng d\u1ee5ng r\u1ed9ng r\u00e3i<\/h3>\n            <ul>\n              <li>C\u1eeda h\u00e0ng th\u1eddi trang<\/li>\n              <li>Si\u00eau th\u1ecb &amp; minimart<\/li>\n              <li>Showroom ph\u1ee5 ki\u1ec7n<\/li>\n              <li>Kho h\u00e0ng &amp; trung t\u00e2m fulfillment<\/li>\n              <li>Khu v\u1ef1c \u0111\u00f3ng g\u00f3i &amp; ph\u00e2n lo\u1ea1i<\/li>\n            <\/ul>\n          <\/div>\n\n          <div class=\"button-contact\">\n            <a href=\"#contact-form\" class=\"product-btn-contact\">NH\u1eacN B\u00c1O GI\u00c1<\/a>\n          <\/div>\n        <\/div>\n      <\/div>\n\n      <!-- CONTACT FORM -->\n      <div class=\"col-lg-12 col-md-12 col-sm-12\" id=\"contact-form\">\n        <div class=\"product-form-contact\">\n          \n<div class=\"wpcf7 no-js\" id=\"wpcf7-f3945-o1\" lang=\"en-US\" dir=\"ltr\">\n<div class=\"screen-reader-response\"><p role=\"status\" aria-live=\"polite\" aria-atomic=\"true\"><\/p> <ul><\/ul><\/div>\n<form action=\"\/vi\/wp-json\/wp\/v2\/pages\/3777#wpcf7-f3945-o1\" method=\"post\" class=\"wpcf7-form init\" aria-label=\"Contact form\" novalidate=\"novalidate\" data-status=\"init\" data-trp-original-action=\"\/vi\/wp-json\/wp\/v2\/pages\/3777#wpcf7-f3945-o1\">\n<div style=\"display: none;\">\n<input type=\"hidden\" name=\"_wpcf7\" value=\"3945\" \/>\n<input type=\"hidden\" name=\"_wpcf7_version\" value=\"5.7.7\" \/>\n<input type=\"hidden\" name=\"_wpcf7_locale\" value=\"en_US\" \/>\n<input type=\"hidden\" name=\"_wpcf7_unit_tag\" value=\"wpcf7-f3945-o1\" \/>\n<input type=\"hidden\" name=\"_wpcf7_container_post\" value=\"0\" \/>\n<input type=\"hidden\" name=\"_wpcf7_posted_data_hash\" value=\"\" \/>\n<input type=\"hidden\" name=\"_wpcf7_recaptcha_response\" value=\"\" \/>\n<\/div>\n<h2>Get a quote for Hanging rack\n<\/h2>\n<hr \/>\n<div class=\"container\">\n\t<div class=\"row\">\n\t\t<div class=\"col-lg-6 col-md-6 col-sm-12\">\n\t\t\t<p><label><br \/>\nT\u00ean*<br \/>\n<span class=\"wpcf7-form-control-wrap\" data-name=\"your-name\"><input size=\"40\" class=\"wpcf7-form-control wpcf7-text wpcf7-validates-as-required\" autocomplete=\"name\" aria-required=\"true\" aria-invalid=\"false\" value=\"\" type=\"text\" name=\"your-name\" \/><\/span><br \/>\n<\/label>\n\t\t\t<\/p>\n\t\t\t<p><label><br \/>\nEmail*<br \/>\n<span class=\"wpcf7-form-control-wrap\" data-name=\"your-email\"><input size=\"40\" class=\"wpcf7-form-control wpcf7-text wpcf7-email wpcf7-validates-as-required wpcf7-validates-as-email\" autocomplete=\"email\" aria-required=\"true\" aria-invalid=\"false\" value=\"\" type=\"email\" name=\"your-email\" \/><\/span><br \/>\n<\/label>\n\t\t\t<\/p>\n\t\t<\/div>\n\t\t<div class=\"col-lg-6 col-md-6 col-sm-12\">\n\t\t\t<p><label><br \/>\nS\u1ed1 \u0111i\u1ec7n tho\u1ea1i*<br \/>\n<span class=\"wpcf7-form-control-wrap\" data-name=\"your-tel\"><input size=\"40\" class=\"wpcf7-form-control wpcf7-text wpcf7-tel wpcf7-validates-as-tel\" autocomplete=\"tel\" aria-invalid=\"false\" value=\"\" type=\"tel\" name=\"your-tel\" \/><\/span><br \/>\n<\/label>\n\t\t\t<\/p>\n\t\t\t<p><label><br \/>\nC\u00f4ng ty (T\u00f9y ch\u1ecdn)<br \/>\n<span class=\"wpcf7-form-control-wrap\" data-name=\"your-company\"><input size=\"40\" class=\"wpcf7-form-control wpcf7-text\" aria-invalid=\"false\" value=\"\" type=\"text\" name=\"your-company\" \/><\/span><br \/>\n<\/label>\n\t\t\t<\/p>\n\t\t<\/div>\n\t\t<div class=\"col-lg-12 col-md-12 col-sm-12\">\n\t\t\t<p><label><br \/>\nL\u1eddi nh\u1eafn*<br \/>\n<span class=\"wpcf7-form-control-wrap\" data-name=\"your-message\"><textarea cols=\"40\" rows=\"10\" class=\"wpcf7-form-control wpcf7-textarea wpcf7-validates-as-required\" aria-required=\"true\" aria-invalid=\"false\" name=\"your-message\"><\/textarea><\/span><br \/>\n<\/label>\n\t\t\t<\/p>\n\t\t\t<p><input class=\"wpcf7-form-control has-spinner wpcf7-submit\" type=\"submit\" value=\"G\u1eedi\" \/>\n\t\t\t<\/p>\n\t\t<\/div>\n\t<\/div>\n<\/div><p style=\"display: none !important;\"><label>&#916;<textarea name=\"_wpcf7_ak_hp_textarea\" cols=\"45\" rows=\"8\" maxlength=\"100\"><\/textarea><\/label><input type=\"hidden\" id=\"ak_js_1\" name=\"_wpcf7_ak_js\" value=\"32\"\/><script>document.getElementById( \"ak_js_1\" ).setAttribute( \"value\", ( new Date() ).getTime() );<\/script><\/p><div class=\"wpcf7-response-output\" aria-hidden=\"true\"><\/div>\n<input type=\"hidden\" name=\"trp-form-language\" value=\"vi\"\/><\/form>\n<\/div>\n\n        <\/div>\n      <\/div>\n    <\/div>\n  <\/div>\n<\/section>\n\n<!-- JS FOR SLIDER & ACCORDION -->\n<script>\n$('.large-image-thumb').slick({slidesToShow:1,slidesToScroll:1,arrows:false,fade:true,asNavFor:'.product-gallery-slide'});\n$('.product-gallery-slide').slick({slidesToShow:4,slidesToScroll:1,arrows:true,asNavFor:'.large-image-thumb',focusOnSelect:true});\n<\/script>\n\n<script>\nvar accItem=document.getElementsByClassName('accordionItem');\nvar accHD=document.getElementsByClassName('accordionItemHeading');\nfor(i=0;i<accHD.length;i++){accHD[i].addEventListener('click',toggleItem,false);} \nfunction toggleItem(){var itemClass=this.parentNode.className;\n  for(i=0;i<accItem.length;i++){accItem[i].className='accordionItem close-accordion';}\n  if(itemClass=='accordionItem close-accordion'){this.parentNode.className='accordionItem open';}}\n<\/script>\n\n\n\n<p><\/p>","protected":false},"excerpt":{"rendered":"<p>Hanging Rack Looking for a durable, stylish, space-saving display system that works across countless industries? LIPHOCO\u2019s Hanging Rack is engineered exactly for that \u2014 built to elevate your products and optimize your space. Manufacturing Process Manufactured directly at LIPHOCO\u2019s facility using laser cutting, CNC bending, precision welding, and premium powder coating, each rack delivers consistent [&hellip;]<\/p>","protected":false},"author":1,"featured_media":3827,"parent":1161,"menu_order":0,"comment_status":"closed","ping_status":"closed","template":"","meta":{"footnotes":""},"class_list":["post-3777","page","type-page","status-publish","has-post-thumbnail","hentry","entry","has-media","owp-thumbs-layout-horizontal","owp-btn-normal","owp-tabs-layout-horizontal","has-no-thumbnails","has-product-nav"],"_links":{"self":[{"href":"https:\/\/liphoco.com\/vi\/wp-json\/wp\/v2\/pages\/3777","targetHints":{"allow":["GET"]}}],"collection":[{"href":"https:\/\/liphoco.com\/vi\/wp-json\/wp\/v2\/pages"}],"about":[{"href":"https:\/\/liphoco.com\/vi\/wp-json\/wp\/v2\/types\/page"}],"author":[{"embeddable":true,"href":"https:\/\/liphoco.com\/vi\/wp-json\/wp\/v2\/users\/1"}],"replies":[{"embeddable":true,"href":"https:\/\/liphoco.com\/vi\/wp-json\/wp\/v2\/comments?post=3777"}],"version-history":[{"count":25,"href":"https:\/\/liphoco.com\/vi\/wp-json\/wp\/v2\/pages\/3777\/revisions"}],"predecessor-version":[{"id":4485,"href":"https:\/\/liphoco.com\/vi\/wp-json\/wp\/v2\/pages\/3777\/revisions\/4485"}],"up":[{"embeddable":true,"href":"https:\/\/liphoco.com\/vi\/wp-json\/wp\/v2\/pages\/1161"}],"wp:featuredmedia":[{"embeddable":true,"href":"https:\/\/liphoco.com\/vi\/wp-json\/wp\/v2\/media\/3827"}],"wp:attachment":[{"href":"https:\/\/liphoco.com\/vi\/wp-json\/wp\/v2\/media?parent=3777"}],"curies":[{"name":"wp","href":"https:\/\/api.w.org\/{rel}","templated":true}]}}