{"id":4022,"date":"2026-01-10T09:12:09","date_gmt":"2026-01-10T09:12:09","guid":{"rendered":"https:\/\/liphoco.com\/?page_id=4022"},"modified":"2026-01-10T09:19:54","modified_gmt":"2026-01-10T09:19:54","slug":"wedge-binding-scaffolding","status":"publish","type":"page","link":"https:\/\/liphoco.com\/vi\/scaffolding\/wedge-binding-scaffolding\/","title":{"rendered":"Gi\u00e0n gi\u00e1o n\u00eam"},"content":{"rendered":"","protected":false},"excerpt":{"rendered":"","protected":false},"author":1,"featured_media":0,"parent":28,"menu_order":0,"comment_status":"closed","ping_status":"closed","template":"","meta":{"footnotes":""},"class_list":["post-4022","page","type-page","status-publish","hentry","entry","owp-thumbs-layout-horizontal","owp-btn-normal","owp-tabs-layout-horizontal","has-no-thumbnails","has-product-nav"],"_links":{"self":[{"href":"https:\/\/liphoco.com\/vi\/wp-json\/wp\/v2\/pages\/4022","targetHints":{"allow":["GET"]}}],"collection":[{"href":"https:\/\/liphoco.com\/vi\/wp-json\/wp\/v2\/pages"}],"about":[{"href":"https:\/\/liphoco.com\/vi\/wp-json\/wp\/v2\/types\/page"}],"author":[{"embeddable":true,"href":"https:\/\/liphoco.com\/vi\/wp-json\/wp\/v2\/users\/1"}],"replies":[{"embeddable":true,"href":"https:\/\/liphoco.com\/vi\/wp-json\/wp\/v2\/comments?post=4022"}],"version-history":[{"count":1,"href":"https:\/\/liphoco.com\/vi\/wp-json\/wp\/v2\/pages\/4022\/revisions"}],"predecessor-version":[{"id":4023,"href":"https:\/\/liphoco.com\/vi\/wp-json\/wp\/v2\/pages\/4022\/revisions\/4023"}],"up":[{"embeddable":true,"href":"https:\/\/liphoco.com\/vi\/wp-json\/wp\/v2\/pages\/28"}],"wp:attachment":[{"href":"https:\/\/liphoco.com\/vi\/wp-json\/wp\/v2\/media?parent=4022"}],"curies":[{"name":"wp","href":"https:\/\/api.w.org\/{rel}","templated":true}]}}