{"id":876,"date":"2023-03-27T03:42:33","date_gmt":"2023-03-27T03:42:33","guid":{"rendered":"https:\/\/liphoco.vn\/?page_id=876"},"modified":"2025-08-19T04:43:27","modified_gmt":"2025-08-19T04:43:27","slug":"oem-fabrication","status":"publish","type":"page","link":"https:\/\/liphoco.com\/vi\/oem-fabrication\/","title":{"rendered":"C\u01a1 kh\u00ed ch\u00ednh x\u00e1c"},"content":{"rendered":"<section class=\"page_mechanical_product\" data-aos=\"fade-up\">\n    <div class=\"wp-block-image size-large desktop\" style=\"text-align: center; width: 100vw;\"><img decoding=\"async\" class=\"wp-image-213\" style=\"text-align: center; width: 100vw;\" src=\"https:\/\/liphoco.com\/wp-content\/uploads\/2025\/08\/EOM-banner-comp1.png\" alt=\"\" \/><\/div>\n    <div class=\"wp-block-image size-large mobile\" style=\"text-align: center; width: 100vw;\"><img decoding=\"async\" class=\"wp-image-213\" style=\"text-align: center; width: 100vw;\" src=\"https:\/\/liphoco.com\/wp-content\/uploads\/2025\/08\/EOM-banner-mobile1.png\" alt=\"\" \/><\/div>\n    <div class=\"section_mechanical_product container\" data-aos=\"fade-down\">\n    <div class=\"row\">\n    <div class=\"mechanical_pro_titile\">\n    <h2 class=\"mechanical_title\"><span class=\"pro-title-bold\">GIA C\u00d4NG C\u01a0 KH\u00cd THEO Y\u00caU C\u1ea6U<\/span><br \/>\u0110\u1ea3m b\u1ea3o Ch\u1ea5t l\u01b0\u1ee3ng v\u00e0 Gi\u00e1 c\u1ea3 C\u1ea1nh tranh<\/h2>\n    <p class=\"mechanical_subtitle\">T\u1ea1i Liphoco, ch\u00fang t\u00f4i hi\u1ec3u r\u1eb1ng m\u1ed7i kh\u00e1ch h\u00e0ng c\u00f3 nh\u1eefng y\u00eau c\u1ea7u ri\u00eang bi\u1ec7t khi n\u00f3i \u0111\u1ebfn s\u1ea3n xu\u1ea5t c\u01a1 kh\u00ed.  H\u00e3y kh\u00e1m ph\u00e1 c\u00e1c danh m\u1ee5c s\u1ea3n ph\u1ea9m c\u1ee7a ch\u00fang t\u00f4i \u0111\u1ec3 th\u1ea5y c\u00e1c v\u00ed d\u1ee5 v\u1ec1 c\u00e1c gi\u1ea3i ph\u00e1p c\u01a1 kh\u00ed t\u00f9y ch\u1ec9nh c\u1ee7a ch\u00fang t\u00f4i.H\u00e3y \u0111\u1ec3 ch\u00fang t\u00f4i thi\u1ebft k\u1ebf m\u1ed9t gi\u1ea3i ph\u00e1p ho\u00e0n h\u1ea3o cho nhu c\u1ea7u c\u1ee5 th\u1ec3 c\u1ee7a b\u1ea1n.<\/p>\n    <\/div>\n    <hr \/>\n    <div class=\"row product-content-left-filter\">\n    <div class=\"col-lg-9 col-md-9 col-sm-12\">\n    <div class=\"product-grid\">\n    <h2 class=\"product-group-name\">Example Products<\/h2>\n    <div class=\"row\">\n    <div class=\"col-lg-4 col-md-4 col-sm-12\"><a class=\"product-grid-link\" href=\"https:\/\/liphoco.com\/vi\/mechanical-product\/material-handling\/\"><br \/><img decoding=\"async\" class=\"product-grid-img\" src=\"https:\/\/liphoco.com\/wp-content\/uploads\/2023\/04\/Material-Handling-grp.jpg\" \/><\/a>\n    <div class=\"product-grid-info\">\n    <h2 class=\"product-name\">S\u1ea3n ph\u1ea9m v\u1eadn chuy\u1ec3n<\/h2>\n    <div class=\"product-button\">Xem chi ti\u1ebft<\/div>\n    <\/div>\n    <\/div>\n    <div class=\"col-lg-4 col-md-4 col-sm-12\"><a class=\"product-grid-link\" href=\"https:\/\/liphoco.com\/vi\/mechanical-product\/safety-equipments\/\"><br \/><img decoding=\"async\" class=\"product-grid-img\" src=\"https:\/\/liphoco.com\/wp-content\/uploads\/2023\/04\/avarar-satefy.jpg\" \/><\/a>\n    <div class=\"product-grid-info\">\n    <h2 class=\"product-name\">Safety Equipment<\/h2>\n    <div class=\"product-button\">Xem chi ti\u1ebft<\/div>\n    <\/div>\n    <\/div>\n    <div class=\"col-lg-4 col-md-4 col-sm-12\"><a class=\"product-grid-link\" href=\"https:\/\/liphoco.com\/vi\/mechanical-product\/oem-mechanical-parts\/\"><br \/><img decoding=\"async\" class=\"product-grid-img\" src=\"https:\/\/liphoco.com\/wp-content\/uploads\/2023\/04\/avarar-oem.jpg\" \/><\/a>\n    <div class=\"product-grid-info\">\n    <h2 class=\"product-name\">S\u1ea3n ph\u1ea9m c\u01a1 kh\u00ed OEM<\/h2>\n    <div class=\"product-button\">Xem chi ti\u1ebft<\/div>\n    <\/div>\n    <\/div>\n    <\/div>\n    <\/div>\n    <div class=\"product-contact\">\n    <div class=\"accordionWrapper\">\n    <div class=\"accordionItem close-accordion\">\n    <div class=\"form-contact-machinery accordionItemHeading\">\n    <h2 class=\"form-contact-machinery-title\">In Need Of Our Products?<\/h2>\n    <h3 class=\"form-contact-machinery-subtitle\">H\u00e3y \u0111i\u1ec1n th\u00f4ng tin v\u00e0o m\u1eabu b\u00ean d\u01b0\u1edbi <span class=\"material-icons-outlined\">expand_more<\/span><\/h3>\n    <\/div>\n    <div class=\"accordionItemContent\">\n<div class=\"wpcf7 no-js\" id=\"wpcf7-f881-o1\" lang=\"en-US\" dir=\"ltr\">\n<div class=\"screen-reader-response\"><p role=\"status\" aria-live=\"polite\" aria-atomic=\"true\"><\/p> <ul><\/ul><\/div>\n<form action=\"\/vi\/wp-json\/wp\/v2\/pages\/876#wpcf7-f881-o1\" method=\"post\" class=\"wpcf7-form init\" aria-label=\"Contact form\" novalidate=\"novalidate\" data-status=\"init\" data-trp-original-action=\"\/vi\/wp-json\/wp\/v2\/pages\/876#wpcf7-f881-o1\">\n<div style=\"display: none;\">\n<input type=\"hidden\" name=\"_wpcf7\" value=\"881\" \/>\n<input type=\"hidden\" name=\"_wpcf7_version\" value=\"5.7.7\" \/>\n<input type=\"hidden\" name=\"_wpcf7_locale\" value=\"en_US\" \/>\n<input type=\"hidden\" name=\"_wpcf7_unit_tag\" value=\"wpcf7-f881-o1\" \/>\n<input type=\"hidden\" name=\"_wpcf7_container_post\" value=\"0\" \/>\n<input type=\"hidden\" name=\"_wpcf7_posted_data_hash\" value=\"\" \/>\n<input type=\"hidden\" name=\"_wpcf7_recaptcha_response\" value=\"\" \/>\n<\/div>\n<hr \/>\n<div clas=\"container \">\n\t<div class=\"row\">\n\t\t<div class=\"col-lg-6 col-md-6 col-sm-12\">\n\t\t\t<p><label> T\u00ean*<br \/>\n<span class=\"wpcf7-form-control-wrap\" data-name=\"your-name\"><input size=\"40\" class=\"wpcf7-form-control wpcf7-text wpcf7-validates-as-required\" autocomplete=\"name\" aria-required=\"true\" aria-invalid=\"false\" value=\"\" type=\"text\" name=\"your-name\" \/><\/span> <\/label>\n\t\t\t<\/p>\n\t\t\t<p><label> Email*<br \/>\n<span class=\"wpcf7-form-control-wrap\" data-name=\"your-email\"><input size=\"40\" class=\"wpcf7-form-control wpcf7-text wpcf7-email wpcf7-validates-as-required wpcf7-validates-as-email\" autocomplete=\"email\" aria-required=\"true\" aria-invalid=\"false\" value=\"\" type=\"email\" name=\"your-email\" \/><\/span> <\/label>\n\t\t\t<\/p>\n\t\t<\/div>\n\t\t<div class=\"col-lg-6 col-md-6 col-sm-12\">\n\t\t\t<p><label> S\u1ed1 \u0111i\u1ec7n tho\u1ea1i*<br \/>\n<span class=\"wpcf7-form-control-wrap\" data-name=\"your-tel\"><input size=\"40\" class=\"wpcf7-form-control wpcf7-text wpcf7-tel wpcf7-validates-as-tel\" autocomplete=\"phone\" aria-invalid=\"false\" value=\"\" type=\"tel\" name=\"your-tel\" \/><\/span> <\/label>\n\t\t\t<\/p>\n\t\t\t<p><label> C\u00f4ng ty (T\u00f9y ch\u1ecdn)<br \/>\n<span class=\"wpcf7-form-control-wrap\" data-name=\"your-company\"><input size=\"40\" class=\"wpcf7-form-control wpcf7-text\" aria-invalid=\"false\" value=\"\" type=\"text\" name=\"your-company\" \/><\/span> <\/label>\n\t\t\t<\/p>\n\t\t<\/div>\n\t\t<div class=\"col-lg-12 col-md-12 col-sm-12\">\n\t\t\t<p><label> L\u1eddi nh\u1eafn*<br \/>\n<span class=\"wpcf7-form-control-wrap\" data-name=\"your-message\"><textarea cols=\"40\" rows=\"10\" class=\"wpcf7-form-control wpcf7-textarea wpcf7-validates-as-required\" aria-required=\"true\" aria-invalid=\"false\" name=\"your-message\"><\/textarea><\/span> <\/label>\n\t\t\t<\/p>\n\t\t\t<p><input class=\"wpcf7-form-control has-spinner wpcf7-submit\" type=\"submit\" value=\"G\u1eedi y\u00eau c\u1ea7u\" \/>\n\t\t\t<\/p>\n\t\t<\/div>\n\t<\/div>\n<\/div><p style=\"display: none !important;\"><label>&#916;<textarea name=\"_wpcf7_ak_hp_textarea\" cols=\"45\" rows=\"8\" maxlength=\"100\"><\/textarea><\/label><input type=\"hidden\" id=\"ak_js_1\" name=\"_wpcf7_ak_js\" value=\"73\"\/><script>document.getElementById( \"ak_js_1\" ).setAttribute( \"value\", ( new Date() ).getTime() );<\/script><\/p><div class=\"wpcf7-response-output\" aria-hidden=\"true\"><\/div>\n<input type=\"hidden\" name=\"trp-form-language\" value=\"vi\"\/><\/form>\n<\/div>\n<\/div>\n    <\/div>\n    <\/div>\n    <\/div>\n    <\/div>\n    <div class=\"col-lg-3 col-md-3 col-sm-12\">\n    <aside class=\"aside-item filter-product\">\n    <div class=\"aside-title\">S\u1ea3n ph\u1ea9m<\/div>\n    <div class=\"aside-content filter-group\">\n    <ul class=\"filter-type\">\n    <li class=\"filter-item\">\n    <div class=\"filter-item-list\"><a class=\"filter-item-link\" href=\"https:\/\/liphoco.com\/vi\/mechanical-product\/material-handling\/\">S\u1ea3n ph\u1ea9m v\u1eadn chuy\u1ec3n <\/a><\/div>\n    <\/li>\n    <li class=\"filter-item\">\n    <div class=\"filter-item-list\"><a class=\"filter-item-link\" href=\"https:\/\/liphoco.com\/vi\/mechanical-product\/safety-equipments\/\">Thi\u1ebft b\u1ecb an to\u00e0n <\/a><\/div>\n    <\/li>\n    <li class=\"filter-item\">\n    <div class=\"filter-item-list\"><a class=\"filter-item-link\" href=\"https:\/\/liphoco.com\/vi\/aluminum-product\/\">S\u1ea3n ph\u1ea9m nh\u00f4m<\/a><\/div>\n    <\/li>\n    <li class=\"filter-item\">\n    <div class=\"filter-item-list\"><a class=\"filter-item-link\" href=\"https:\/\/liphoco.com\/vi\/mechanical-product\/oem-mechanical-parts\/\">S\u1ea3n ph\u1ea9m c\u01a1 kh\u00ed OEM <\/a><\/div>\n    <\/li>\n    <\/ul>\n    <\/div>\n    <\/aside>\n    <\/div>\n    <\/div>\n    <\/div>\n    <\/div>\n    <\/section>\n    <script>\n                AOS.init({\n                    duration: 2000,\n                    once: true,\n                });\n                var accItem = document.getElementsByClassName('accordionItem');\n                var accHD = document.getElementsByClassName('accordionItemHeading');\n                    for (i = 0; i < accHD.length; i++) {\n                    accHD[i].addEventListener('click', toggleItem, false);\n                }\n                function toggleItem() {\n                    var itemClass = this.parentNode.className;\n                    for (i = 0; i < accItem.length; i++) {\n                         accItem[i].className = 'accordionItem close-accordion';\n                    }\n                    if (itemClass == 'accordionItem close-accordion') {\n                        this.parentNode.className = 'accordionItem open';\n                    }\n                }\n            <\/script>","protected":false},"excerpt":{"rendered":"<p>MECHANICAL PROCESSING AS REQUIREDQuality Assurance And Competitive Pricing At Liphoco, we understand that each client has unique needs when it comes to mechanical manufacturing. Explore our product categories to see examples of our customized mechanical solutions. Let us engineer the perfect solution for your specific needs. Example Products Material Handling View Products Safety Equipment View [&hellip;]<\/p>","protected":false},"author":1,"featured_media":0,"parent":0,"menu_order":0,"comment_status":"closed","ping_status":"closed","template":"","meta":{"footnotes":""},"class_list":["post-876","page","type-page","status-publish","hentry","entry","owp-thumbs-layout-horizontal","owp-btn-normal","owp-tabs-layout-horizontal","has-no-thumbnails","has-product-nav"],"_links":{"self":[{"href":"https:\/\/liphoco.com\/vi\/wp-json\/wp\/v2\/pages\/876","targetHints":{"allow":["GET"]}}],"collection":[{"href":"https:\/\/liphoco.com\/vi\/wp-json\/wp\/v2\/pages"}],"about":[{"href":"https:\/\/liphoco.com\/vi\/wp-json\/wp\/v2\/types\/page"}],"author":[{"embeddable":true,"href":"https:\/\/liphoco.com\/vi\/wp-json\/wp\/v2\/users\/1"}],"replies":[{"embeddable":true,"href":"https:\/\/liphoco.com\/vi\/wp-json\/wp\/v2\/comments?post=876"}],"version-history":[{"count":99,"href":"https:\/\/liphoco.com\/vi\/wp-json\/wp\/v2\/pages\/876\/revisions"}],"predecessor-version":[{"id":3731,"href":"https:\/\/liphoco.com\/vi\/wp-json\/wp\/v2\/pages\/876\/revisions\/3731"}],"wp:attachment":[{"href":"https:\/\/liphoco.com\/vi\/wp-json\/wp\/v2\/media?parent=876"}],"curies":[{"name":"wp","href":"https:\/\/api.w.org\/{rel}","templated":true}]}}