{"id":4187,"date":"2026-01-31T03:04:13","date_gmt":"2026-01-31T03:04:13","guid":{"rendered":"https:\/\/liphoco.com\/?post_type=product&#038;p=4187"},"modified":"2026-02-26T03:08:56","modified_gmt":"2026-02-26T03:08:56","slug":"ringlock-scaffolding-standard","status":"publish","type":"product","link":"https:\/\/liphoco.com\/vi\/scaffolding\/ringlock-system\/ringlock-standard\/","title":{"rendered":"Tr\u1ee5 \u0111\u1ee9ng Ringlock"},"content":{"rendered":"<p>C\u1ed9t \u0111\u1ee9ng Ringlock c\u1ee7a LIPHOCO l\u00e0 b\u1ed9 ph\u1eadn ch\u1ecbu t\u1ea3i\ntheo ph\u01b0\u01a1ng th\u1eb3ng \u0111\u1ee9ng trong h\u1ec7 gi\u00e0n gi\u00e1o Ringlock,\nmang l\u1ea1i s\u1ef1 \u1ed5n \u0111\u1ecbnh v\u00e0 \u0111\u1ed9 tin c\u1eady cao.\n\nC\u00e1c \u0111\u0129a kh\u00f3a (rosette) \u0111\u01b0\u1ee3c b\u1ed1 tr\u00ed c\u00e1ch nhau 500 mm,\ncho ph\u00e9p k\u1ebft n\u1ed1i ch\u1eafc ch\u1eafn v\u1edbi thanh ngang v\u00e0\nthanh gi\u1eb1ng ch\u00e9o, gi\u00fap vi\u1ec7c l\u1eafp r\u00e1p nhanh ch\u00f3ng\nv\u00e0 k\u1ebft c\u1ea5u v\u1eefng ch\u1eafc.\n\n\u0110\u01b0\u1ee3c s\u1ea3n xu\u1ea5t t\u1eeb th\u00e9p ch\u1ea5t l\u01b0\u1ee3ng cao,\ns\u1ea3n ph\u1ea9m n\u00e2ng cao hi\u1ec7u qu\u1ea3 thi c\u00f4ng\nv\u00e0 \u0111\u00e1p \u1ee9ng c\u00e1c ti\u00eau chu\u1ea9n an to\u00e0n qu\u1ed1c t\u1ebf.<\/p>","protected":false},"excerpt":{"rendered":"<p><b>LIPHOCO <\/b><b>Ringlock<\/b><b> Standards<\/b> L\u00e0 b\u1ed9 ph\u1eadn ch\u1ecbu t\u1ea3i theo ph\u01b0\u01a1ng th\u1eb3ng \u0111\u1ee9ng,\n\u0111\u01b0\u1ee3c thi\u1ebft k\u1ebf \u0111\u1ec3 cung c\u1ea5p s\u1ef1 h\u1ed7 tr\u1ee3 \u1ed5n \u0111\u1ecbnh\nv\u00e0 \u0111\u00e1ng tin c\u1eady trong h\u1ec7 gi\u00e0n gi\u00e1o Ringlock.<\/p>\n<p><a id=\"see-more-btn\" href=\"#\">Xem th\u00eam<\/a><\/p>","protected":false},"featured_media":4522,"comment_status":"closed","ping_status":"closed","template":"","meta":[],"product_cat":[31],"product_tag":[],"class_list":{"0":"post-4187","1":"product","2":"type-product","3":"status-publish","4":"has-post-thumbnail","5":"hentry","6":"product_cat-ringlock-system","8":"entry","9":"has-media","10":"owp-thumbs-layout-horizontal","11":"owp-btn-normal","12":"owp-tabs-layout-horizontal","13":"has-product-nav"},"_links":{"self":[{"href":"https:\/\/liphoco.com\/vi\/wp-json\/wp\/v2\/product\/4187","targetHints":{"allow":["GET"]}}],"collection":[{"href":"https:\/\/liphoco.com\/vi\/wp-json\/wp\/v2\/product"}],"about":[{"href":"https:\/\/liphoco.com\/vi\/wp-json\/wp\/v2\/types\/product"}],"replies":[{"embeddable":true,"href":"https:\/\/liphoco.com\/vi\/wp-json\/wp\/v2\/comments?post=4187"}],"wp:featuredmedia":[{"embeddable":true,"href":"https:\/\/liphoco.com\/vi\/wp-json\/wp\/v2\/media\/4522"}],"wp:attachment":[{"href":"https:\/\/liphoco.com\/vi\/wp-json\/wp\/v2\/media?parent=4187"}],"wp:term":[{"taxonomy":"product_cat","embeddable":true,"href":"https:\/\/liphoco.com\/vi\/wp-json\/wp\/v2\/product_cat?post=4187"},{"taxonomy":"product_tag","embeddable":true,"href":"https:\/\/liphoco.com\/vi\/wp-json\/wp\/v2\/product_tag?post=4187"}],"curies":[{"name":"wp","href":"https:\/\/api.w.org\/{rel}","templated":true}]}}