{"id":4234,"date":"2026-02-02T08:54:55","date_gmt":"2026-02-02T08:54:55","guid":{"rendered":"https:\/\/liphoco.com\/?post_type=product&#038;p=4234"},"modified":"2026-02-25T02:09:45","modified_gmt":"2026-02-25T02:09:45","slug":"ringlock-ledger","status":"publish","type":"product","link":"https:\/\/liphoco.com\/vi\/scaffolding\/ringlock-system\/ringlock-ledger-2\/","title":{"rendered":"Thanh ngang Ringlock"},"content":{"rendered":"<p><strong>Ringlock Ledgers<\/strong> Thanh ngang Ringlock l\u00e0 b\u1ed9 ph\u1eadn n\u1eb1m ngang\nk\u1ebft n\u1ed1i c\u00e1c c\u1ed9t \u0111\u1ee9ng trong h\u1ec7 gi\u00e0n gi\u00e1o Ringlock.\n\nCh\u00fang t\u1ea1o n\u00ean k\u1ebft c\u1ea5u khung v\u1eefng ch\u1eafc,\n\u0111\u1ed3ng th\u1eddi h\u1ed7 tr\u1ee3 s\u00e0n v\u00e0 m\u00e2m gi\u00e0n gi\u00e1o\n\u0111\u1ec3 h\u00ecnh th\u00e0nh c\u00e1c s\u00e0n l\u00e0m vi\u1ec7c an to\u00e0n.\n\nNh\u1edd c\u01a1 ch\u1ebf kh\u00f3a n\u00eam tr\u1ef1c ti\u1ebfp v\u00e0o \u0111\u0129a rosette,\nthanh ngang gi\u00fap vi\u1ec7c l\u1eafp \u0111\u1eb7t nhanh ch\u00f3ng,\nli\u00ean k\u1ebft ch\u1eafc ch\u1eafn v\u00e0 \u0111\u1ea3m b\u1ea3o\n\u0111\u1ed9 \u1ed5n \u0111\u1ecbnh k\u1ebft c\u1ea5u l\u00e2u d\u00e0i.<br \/>\nNgo\u00e0i ch\u1ee9c n\u0103ng ph\u00e2n b\u1ed5 t\u1ea3i tr\u1ecdng, thanh gi\u1eb1ng Ringlock c\u00f2n c\u00f3 th\u1ec3 ho\u1ea1t \u0111\u1ed9ng nh\u01b0 thanh ray gi\u1eefa ho\u1eb7c thanh ch\u1eafn tr\u00ean, t\u0103ng c\u01b0\u1eddng an to\u00e0n t\u1ea1i c\u00f4ng tr\u01b0\u1eddng. \u0110\u1ed1i v\u1edbi c\u00e1c \u1ee9ng d\u1ee5ng y\u00eau c\u1ea7u kh\u1ea3 n\u0103ng ch\u1ecbu t\u1ea3i cao h\u01a1n, thanh gi\u1eb1ng \u0111\u00f4i (Double Ledgers) l\u00e0 gi\u1ea3i ph\u00e1p ch\u1ecbu t\u1ea3i n\u1eb7ng, c\u00f3 kh\u1ea3 n\u0103ng ch\u1ecbu \u0111\u01b0\u1ee3c t\u1ea3i tr\u1ecdng th\u1eb3ng \u0111\u1ee9ng l\u1edbn h\u01a1n, ch\u1eb3ng h\u1ea1n nh\u01b0 d\u1ea7m \u0111\u01b0\u1eddng ray v\u00e0 h\u1ec7 th\u1ed1ng m\u00e1i t\u1ea1m th\u1eddi.<\/p>","protected":false},"excerpt":{"rendered":"<p><strong>Ringlock Ledgers<\/strong> L\u00e0 b\u1ed9 ph\u1eadn n\u1eb1m ngang d\u00f9ng \u0111\u1ec3 k\u1ebft n\u1ed1i\nc\u00e1c c\u1ed9t \u0111\u1ee9ng trong h\u1ec7 gi\u00e0n gi\u00e1o Ringlock.<\/p>\n<p><a id=\"see-more-btn\" href=\"#\">Xem th\u00eam<\/a><\/p>","protected":false},"featured_media":4525,"comment_status":"closed","ping_status":"closed","template":"","meta":[],"product_cat":[31],"product_tag":[],"class_list":{"0":"post-4234","1":"product","2":"type-product","3":"status-publish","4":"has-post-thumbnail","5":"hentry","6":"product_cat-ringlock-system","8":"entry","9":"has-media","10":"owp-thumbs-layout-horizontal","11":"owp-btn-normal","12":"owp-tabs-layout-horizontal","13":"has-product-nav"},"_links":{"self":[{"href":"https:\/\/liphoco.com\/vi\/wp-json\/wp\/v2\/product\/4234","targetHints":{"allow":["GET"]}}],"collection":[{"href":"https:\/\/liphoco.com\/vi\/wp-json\/wp\/v2\/product"}],"about":[{"href":"https:\/\/liphoco.com\/vi\/wp-json\/wp\/v2\/types\/product"}],"replies":[{"embeddable":true,"href":"https:\/\/liphoco.com\/vi\/wp-json\/wp\/v2\/comments?post=4234"}],"wp:featuredmedia":[{"embeddable":true,"href":"https:\/\/liphoco.com\/vi\/wp-json\/wp\/v2\/media\/4525"}],"wp:attachment":[{"href":"https:\/\/liphoco.com\/vi\/wp-json\/wp\/v2\/media?parent=4234"}],"wp:term":[{"taxonomy":"product_cat","embeddable":true,"href":"https:\/\/liphoco.com\/vi\/wp-json\/wp\/v2\/product_cat?post=4234"},{"taxonomy":"product_tag","embeddable":true,"href":"https:\/\/liphoco.com\/vi\/wp-json\/wp\/v2\/product_tag?post=4234"}],"curies":[{"name":"wp","href":"https:\/\/api.w.org\/{rel}","templated":true}]}}