{"id":4240,"date":"2026-02-03T03:37:32","date_gmt":"2026-02-03T03:37:32","guid":{"rendered":"https:\/\/liphoco.com\/?post_type=product&#038;p=4240"},"modified":"2026-02-26T03:10:33","modified_gmt":"2026-02-26T03:10:33","slug":"ringlock-diagonal-brace","status":"publish","type":"product","link":"https:\/\/liphoco.com\/vi\/scaffolding\/ringlock-system\/diagonal-brace\/","title":{"rendered":"Thanh gi\u1eb1ng ch\u00e9o"},"content":{"rendered":"","protected":false},"excerpt":{"rendered":"<p>Thanh gi\u1eb1ng ch\u00e9o Ringlock c\u1ee7a LIPHOCO\n\u0111\u01b0\u1ee3c thi\u1ebft k\u1ebf \u0111\u1ec3 gia c\u01b0\u1eddng c\u00e1c khoang gi\u00e0n gi\u00e1o\nv\u00e0 t\u0103ng c\u01b0\u1eddng \u0111\u1ed9 \u1ed5n \u0111\u1ecbnh ngang c\u1ee7a k\u1ebft c\u1ea5u.\n\n\u0110\u01b0\u1ee3c ch\u1ebf t\u1ea1o t\u1eeb th\u00e9p m\u1ea1 k\u1ebdm c\u01b0\u1eddng \u0111\u1ed9 cao,\ns\u1ea3n ph\u1ea9m \u0111\u1ea3m b\u1ea3o \u0111\u1ed9 c\u1ee9ng v\u1eefng,\nl\u1eafp \u0111\u1eb7t nhanh ch\u00f3ng v\u00e0 hi\u1ec7u su\u1ea5t \u0111\u00e1ng tin c\u1eady\ntrong c\u00e1c \u0111i\u1ec1u ki\u1ec7n c\u00f4ng tr\u01b0\u1eddng kh\u1eafc nghi\u1ec7t.<\/p>","protected":false},"featured_media":4528,"comment_status":"closed","ping_status":"closed","template":"","meta":[],"product_cat":[31],"product_tag":[],"class_list":{"0":"post-4240","1":"product","2":"type-product","3":"status-publish","4":"has-post-thumbnail","5":"hentry","6":"product_cat-ringlock-system","8":"entry","9":"has-media","10":"owp-thumbs-layout-horizontal","11":"owp-btn-normal","12":"owp-tabs-layout-horizontal","13":"has-product-nav"},"_links":{"self":[{"href":"https:\/\/liphoco.com\/vi\/wp-json\/wp\/v2\/product\/4240","targetHints":{"allow":["GET"]}}],"collection":[{"href":"https:\/\/liphoco.com\/vi\/wp-json\/wp\/v2\/product"}],"about":[{"href":"https:\/\/liphoco.com\/vi\/wp-json\/wp\/v2\/types\/product"}],"replies":[{"embeddable":true,"href":"https:\/\/liphoco.com\/vi\/wp-json\/wp\/v2\/comments?post=4240"}],"wp:featuredmedia":[{"embeddable":true,"href":"https:\/\/liphoco.com\/vi\/wp-json\/wp\/v2\/media\/4528"}],"wp:attachment":[{"href":"https:\/\/liphoco.com\/vi\/wp-json\/wp\/v2\/media?parent=4240"}],"wp:term":[{"taxonomy":"product_cat","embeddable":true,"href":"https:\/\/liphoco.com\/vi\/wp-json\/wp\/v2\/product_cat?post=4240"},{"taxonomy":"product_tag","embeddable":true,"href":"https:\/\/liphoco.com\/vi\/wp-json\/wp\/v2\/product_tag?post=4240"}],"curies":[{"name":"wp","href":"https:\/\/api.w.org\/{rel}","templated":true}]}}