{"id":4249,"date":"2026-02-03T04:12:30","date_gmt":"2026-02-03T04:12:30","guid":{"rendered":"https:\/\/liphoco.com\/?post_type=product&#038;p=4249"},"modified":"2026-02-26T02:17:53","modified_gmt":"2026-02-26T02:17:53","slug":"low-profile-steel-scaffolding-plank","status":"publish","type":"product","link":"https:\/\/liphoco.com\/vi\/scaffolding\/ringlock-system\/low-profile-steel-scaffolding-plank\/","title":{"rendered":"M\u00e2m gi\u00e0n gi\u00e1o th\u00e9p th\u1ea5p"},"content":{"rendered":"","protected":false},"excerpt":{"rendered":"<p>S\u00e0n th\u00e9p Low Profile c\u1ee7a LIPHOCO\n\u0111\u01b0\u1ee3c thi\u1ebft k\u1ebf v\u1edbi kh\u1ea3 n\u0103ng ch\u1ecbu t\u1ea3i cao\nnh\u01b0ng tr\u1ecdng l\u01b0\u1ee3ng nh\u1eb9 h\u01a1n,\ngi\u00fap vi\u1ec7c v\u1eadn chuy\u1ec3n v\u00e0 l\u1eafp \u0111\u1eb7t d\u1ec5 d\u00e0ng\nm\u00e0 v\u1eabn \u0111\u1ea3m b\u1ea3o an to\u00e0n.\n\nThi\u1ebft k\u1ebf m\u1ecfng t\u1ed1i \u01b0u h\u00f3a kh\u00f4ng gian di chuy\u1ec3n,\ntrong khi k\u1ebft c\u1ea5u th\u00e9p m\u1ea1 k\u1ebdm\n\u0111\u1ea3m b\u1ea3o \u0111\u1ed9 b\u1ec1n v\u00e0 kh\u1ea3 n\u0103ng ch\u1ed1ng \u0103n m\u00f2n\ntrong c\u00e1c \u0111i\u1ec1u ki\u1ec7n c\u00f4ng tr\u01b0\u1eddng kh\u1eafc nghi\u1ec7t.<\/p>","protected":false},"featured_media":4534,"comment_status":"closed","ping_status":"closed","template":"","meta":[],"product_cat":[31],"product_tag":[],"class_list":{"0":"post-4249","1":"product","2":"type-product","3":"status-publish","4":"has-post-thumbnail","5":"hentry","6":"product_cat-ringlock-system","8":"entry","9":"has-media","10":"owp-thumbs-layout-horizontal","11":"owp-btn-normal","12":"owp-tabs-layout-horizontal","13":"has-no-thumbnails","14":"has-product-nav"},"_links":{"self":[{"href":"https:\/\/liphoco.com\/vi\/wp-json\/wp\/v2\/product\/4249","targetHints":{"allow":["GET"]}}],"collection":[{"href":"https:\/\/liphoco.com\/vi\/wp-json\/wp\/v2\/product"}],"about":[{"href":"https:\/\/liphoco.com\/vi\/wp-json\/wp\/v2\/types\/product"}],"replies":[{"embeddable":true,"href":"https:\/\/liphoco.com\/vi\/wp-json\/wp\/v2\/comments?post=4249"}],"wp:featuredmedia":[{"embeddable":true,"href":"https:\/\/liphoco.com\/vi\/wp-json\/wp\/v2\/media\/4534"}],"wp:attachment":[{"href":"https:\/\/liphoco.com\/vi\/wp-json\/wp\/v2\/media?parent=4249"}],"wp:term":[{"taxonomy":"product_cat","embeddable":true,"href":"https:\/\/liphoco.com\/vi\/wp-json\/wp\/v2\/product_cat?post=4249"},{"taxonomy":"product_tag","embeddable":true,"href":"https:\/\/liphoco.com\/vi\/wp-json\/wp\/v2\/product_tag?post=4249"}],"curies":[{"name":"wp","href":"https:\/\/api.w.org\/{rel}","templated":true}]}}