{"id":4255,"date":"2026-02-03T07:49:12","date_gmt":"2026-02-03T07:49:12","guid":{"rendered":"https:\/\/liphoco.com\/?post_type=product&#038;p=4255"},"modified":"2026-02-26T03:03:56","modified_gmt":"2026-02-26T03:03:56","slug":"start-collar","status":"publish","type":"product","link":"https:\/\/liphoco.com\/vi\/scaffolding\/ringlock-system\/base-collar\/","title":{"rendered":"C\u1ed5 ch\u00e2n \u0111\u1ebf"},"content":{"rendered":"<p><b>The LIPHOCO Base Collar<\/b> l\u00e0 m\u1ed9t b\u1ed9 ph\u1eadn \u0111\u1ebf quan tr\u1ecdng c\u1ee7a h\u1ec7 gi\u00e0n gi\u00e1o Ringlock, \u0111\u01b0\u1ee3c thi\u1ebft k\u1ebf \u0111\u1ec3 k\u1ebft n\u1ed1i ch\u1eafc ch\u1eafn c\u00e1c c\u1ed9t \u0111\u1ee9ng v\u1edbi k\u00edch ch\u00e2n \u0111\u1ebf ho\u1eb7c b\u00e1nh xe, \u0111\u1ea3m b\u1ea3o s\u1ef1 c\u0103n ch\u1ec9nh ch\u00ednh x\u00e1c v\u00e0 truy\u1ec1n t\u1ea3i tr\u1ecdng \u0111\u00e1ng tin c\u1eady. \u0110\u01b0\u1ee3c s\u1ea3n xu\u1ea5t t\u1eeb th\u00e9p m\u1ea1 k\u1ebdm c\u01b0\u1eddng \u0111\u1ed9 cao, s\u1ea3n ph\u1ea9m mang l\u1ea1i \u0111\u1ed9 b\u1ec1n v\u01b0\u1ee3t tr\u1ed9i v\u00e0 kh\u1ea3 n\u0103ng ch\u1ed1ng \u0103n m\u00f2n trong c\u00e1c \u0111i\u1ec1u ki\u1ec7n c\u00f4ng tr\u01b0\u1eddng kh\u1eafc nghi\u1ec7t. V\u1edbi thi\u1ebft k\u1ebf l\u1eafp \u0111\u1eb7t \u0111\u01a1n gi\u1ea3n v\u00e0 hi\u1ec7u qu\u1ea3, Starter Collar c\u1ee7a LIPHOCO cho ph\u00e9p thi c\u00f4ng gi\u00e0n gi\u00e1o nhanh ch\u00f3ng, an to\u00e0n v\u00e0 ch\u00ednh x\u00e1c, t\u1ea1o n\u00ean n\u1ec1n t\u1ea3ng v\u1eefng ch\u1eafc cho to\u00e0n b\u1ed9 k\u1ebft c\u1ea5u.<\/p>","protected":false},"excerpt":{"rendered":"<p><b>The LIPHOCO Base Collar<\/b> L\u00e0 b\u1ed9 ph\u1eadn \u0111\u1ebf quan tr\u1ecdng\nc\u1ee7a h\u1ec7 gi\u00e0n gi\u00e1o Ringlock,\n\n\u0111\u01b0\u1ee3c thi\u1ebft k\u1ebf \u0111\u1ec3 k\u1ebft n\u1ed1i ch\u1eafc ch\u1eafn\nc\u00e1c c\u1ed9t \u0111\u1ee9ng v\u1edbi k\u00edch ch\u00e2n \u0111\u1ebf\nho\u1eb7c b\u00e1nh xe di chuy\u1ec3n.\n\nGi\u1ea3i ph\u00e1p n\u00e0y gi\u00fap \u0111\u1ea3m b\u1ea3o\ns\u1ef1 c\u0103n ch\u1ec9nh ch\u00ednh x\u00e1c\nv\u00e0 truy\u1ec1n t\u1ea3i tr\u1ecdng \u1ed5n \u0111\u1ecbnh\ntrong to\u00e0n b\u1ed9 k\u1ebft c\u1ea5u gi\u00e0n gi\u00e1o.<\/p>\n<p><a id=\"see-more-btn\" href=\"#\">Xem th\u00eam<\/a><\/p>","protected":false},"featured_media":4542,"comment_status":"closed","ping_status":"closed","template":"","meta":[],"product_cat":[31],"product_tag":[],"class_list":{"0":"post-4255","1":"product","2":"type-product","3":"status-publish","4":"has-post-thumbnail","5":"hentry","6":"product_cat-ringlock-system","8":"entry","9":"has-media","10":"owp-thumbs-layout-horizontal","11":"owp-btn-normal","12":"owp-tabs-layout-horizontal","13":"has-no-thumbnails","14":"has-product-nav"},"_links":{"self":[{"href":"https:\/\/liphoco.com\/vi\/wp-json\/wp\/v2\/product\/4255","targetHints":{"allow":["GET"]}}],"collection":[{"href":"https:\/\/liphoco.com\/vi\/wp-json\/wp\/v2\/product"}],"about":[{"href":"https:\/\/liphoco.com\/vi\/wp-json\/wp\/v2\/types\/product"}],"replies":[{"embeddable":true,"href":"https:\/\/liphoco.com\/vi\/wp-json\/wp\/v2\/comments?post=4255"}],"wp:featuredmedia":[{"embeddable":true,"href":"https:\/\/liphoco.com\/vi\/wp-json\/wp\/v2\/media\/4542"}],"wp:attachment":[{"href":"https:\/\/liphoco.com\/vi\/wp-json\/wp\/v2\/media?parent=4255"}],"wp:term":[{"taxonomy":"product_cat","embeddable":true,"href":"https:\/\/liphoco.com\/vi\/wp-json\/wp\/v2\/product_cat?post=4255"},{"taxonomy":"product_tag","embeddable":true,"href":"https:\/\/liphoco.com\/vi\/wp-json\/wp\/v2\/product_tag?post=4255"}],"curies":[{"name":"wp","href":"https:\/\/api.w.org\/{rel}","templated":true}]}}