{"id":4267,"date":"2026-02-03T08:24:30","date_gmt":"2026-02-03T08:24:30","guid":{"rendered":"https:\/\/liphoco.com\/?post_type=product&#038;p=4267"},"modified":"2026-02-26T03:37:37","modified_gmt":"2026-02-26T03:37:37","slug":"swivel-base-jack","status":"publish","type":"product","link":"https:\/\/liphoco.com\/vi\/scaffolding\/ringlock-system\/swivel-base-jack\/","title":{"rendered":"K\u00edch t\u0103ng xoay"},"content":{"rendered":"<p><b>LIPHOCO Swivel Base Jacks<\/b> \u0110\u01b0\u1ee3c thi\u1ebft k\u1ebf \u0111\u1ec3 t\u1ea1o n\u1ec1n t\u1ea3ng\n\u1ed5n \u0111\u1ecbnh v\u00e0 ch\u1eafc ch\u1eafn\ncho h\u1ec7 gi\u00e0n gi\u00e1o Ringlock\nv\u00e0 c\u00e1c h\u1ec7 gi\u00e0n gi\u00e1o m\u00f4-\u0111un\n\ntr\u00ean nh\u1eefng b\u1ec1 m\u1eb7t\nkh\u00f4ng b\u1eb1ng ph\u1eb3ng\nho\u1eb7c nghi\u00eang.\n\nV\u1edbi tr\u1ee5c ren \u0111i\u1ec1u ch\u1ec9nh\nk\u1ebft h\u1ee3p c\u00f9ng b\u1ea3n \u0111\u1ebf xoay\nch\u1ecbu l\u1ef1c cao,\n\ns\u1ea3n ph\u1ea9m cho ph\u00e9p\n\u0111i\u1ec1u ch\u1ec9nh chi\u1ec1u cao ch\u00ednh x\u00e1c,\nc\u00e2n b\u1eb1ng hi\u1ec7u qu\u1ea3\nv\u00e0 duy tr\u00ec k\u1ebft n\u1ed1i ch\u1eafc ch\u1eafn\nv\u1edbi c\u00e1c c\u1ed9t \u0111\u1ee9ng c\u1ee7a gi\u00e0n gi\u00e1o.<\/p>\n<p>\u0110\u01b0\u1ee3c s\u1ea3n xu\u1ea5t t\u1eeb\nth\u00e9p m\u1ea1 k\u1ebdm c\u01b0\u1eddng \u0111\u1ed9 cao,\n\nk\u00edch ch\u00e2n \u0111\u1ebf xoay LIPHOCO\nmang l\u1ea1i \u0111\u1ed9 b\u1ec1n v\u01b0\u1ee3t tr\u1ed9i,\nkh\u1ea3 n\u0103ng ch\u1ed1ng \u0103n m\u00f2n\nv\u00e0 hi\u1ec7u su\u1ea5t s\u1eed d\u1ee5ng l\u00e2u d\u00e0i\n\ntrong c\u00e1c m\u00f4i tr\u01b0\u1eddng\nx\u00e2y d\u1ef1ng v\u00e0 c\u00f4ng nghi\u1ec7p\nkh\u1eafc nghi\u1ec7t.\n\nThi\u1ebft k\u1ebf b\u1ea3n \u0111\u1ebf xoay\ngi\u00fap s\u1ea3n ph\u1ea9m th\u00edch \u1ee9ng\nv\u1edbi nhi\u1ec1u \u0111i\u1ec1u ki\u1ec7n\nm\u1eb7t n\u1ec1n kh\u00e1c nhau,\n\n\u0111\u1ed3ng th\u1eddi gi\u1eef cho\nk\u1ebft c\u1ea5u gi\u00e0n gi\u00e1o\nlu\u00f4n \u0111\u01b0\u1ee3c c\u0103n ch\u1ec9nh ch\u00ednh x\u00e1c,\nc\u00e2n b\u1eb1ng v\u00e0 an to\u00e0n\ntrong su\u1ed1t qu\u00e1 tr\u00ecnh s\u1eed d\u1ee5ng.<\/p>","protected":false},"excerpt":{"rendered":"<p><b>LIPHOCO Swivel Base Jacks<\/b> \u0110\u01b0\u1ee3c thi\u1ebft k\u1ebf \u0111\u1ec3 t\u1ea1o n\u1ec1n t\u1ea3ng\n\u1ed5n \u0111\u1ecbnh v\u00e0 ch\u1eafc ch\u1eafn\ncho c\u00e1c h\u1ec7 gi\u00e0n gi\u00e1o\nRinglock v\u00e0 gi\u00e0n gi\u00e1o m\u00f4-\u0111un,\n\nngay c\u1ea3 tr\u00ean c\u00e1c b\u1ec1 m\u1eb7t\nkh\u00f4ng b\u1eb1ng ph\u1eb3ng\nho\u1eb7c nghi\u00eang.<\/p>\n<p><a id=\"see-more-btn\" href=\"#\">Xem th\u00eam<\/a><\/p>","protected":false},"featured_media":4548,"comment_status":"closed","ping_status":"closed","template":"","meta":[],"product_cat":[31],"product_tag":[],"class_list":{"0":"post-4267","1":"product","2":"type-product","3":"status-publish","4":"has-post-thumbnail","5":"hentry","6":"product_cat-ringlock-system","8":"entry","9":"has-media","10":"owp-thumbs-layout-horizontal","11":"owp-btn-normal","12":"owp-tabs-layout-horizontal","13":"has-no-thumbnails","14":"has-product-nav"},"_links":{"self":[{"href":"https:\/\/liphoco.com\/vi\/wp-json\/wp\/v2\/product\/4267","targetHints":{"allow":["GET"]}}],"collection":[{"href":"https:\/\/liphoco.com\/vi\/wp-json\/wp\/v2\/product"}],"about":[{"href":"https:\/\/liphoco.com\/vi\/wp-json\/wp\/v2\/types\/product"}],"replies":[{"embeddable":true,"href":"https:\/\/liphoco.com\/vi\/wp-json\/wp\/v2\/comments?post=4267"}],"wp:featuredmedia":[{"embeddable":true,"href":"https:\/\/liphoco.com\/vi\/wp-json\/wp\/v2\/media\/4548"}],"wp:attachment":[{"href":"https:\/\/liphoco.com\/vi\/wp-json\/wp\/v2\/media?parent=4267"}],"wp:term":[{"taxonomy":"product_cat","embeddable":true,"href":"https:\/\/liphoco.com\/vi\/wp-json\/wp\/v2\/product_cat?post=4267"},{"taxonomy":"product_tag","embeddable":true,"href":"https:\/\/liphoco.com\/vi\/wp-json\/wp\/v2\/product_tag?post=4267"}],"curies":[{"name":"wp","href":"https:\/\/api.w.org\/{rel}","templated":true}]}}