{"id":4285,"date":"2026-02-03T08:47:03","date_gmt":"2026-02-03T08:47:03","guid":{"rendered":"https:\/\/liphoco.com\/?post_type=product&#038;p=4285"},"modified":"2026-02-26T04:05:09","modified_gmt":"2026-02-26T04:05:09","slug":"ringlock-ladder-and-ladder-bracket","status":"publish","type":"product","link":"https:\/\/liphoco.com\/vi\/scaffolding\/ringlock-system\/steel-ladder-and-ladder-bracket\/","title":{"rendered":"Thang v\u00e0 gi\u00e1 \u0111\u1ee1 thang"},"content":{"rendered":"<p><b>The LIPHOCO Steel<\/b><b>\u00a0Ladder<\/b> \u0110\u01b0\u1ee3c thi\u1ebft k\u1ebf \u0111\u1ec3 cung c\u1ea5p\nl\u1ed1i ti\u1ebfp c\u1eadn th\u1eb3ng \u0111\u1ee9ng\nan to\u00e0n v\u00e0 thu\u1eadn ti\u1ec7n\n\ngi\u1eefa c\u00e1c t\u1ea7ng gi\u00e0n gi\u00e1o.\n\n\u0110\u01b0\u1ee3c s\u1ea3n xu\u1ea5t t\u1eeb\nth\u00e9p m\u1ea1 k\u1ebdm\nch\u1ea5t l\u01b0\u1ee3ng cao,\n\ns\u1ea3n ph\u1ea9m k\u1ebft h\u1ee3p\n\u0111\u1ed9 b\u1ec1n ch\u1eafc\nv\u1edbi thi\u1ebft k\u1ebf nh\u1eb9,\n\n\u0111\u1ea3m b\u1ea3o\nkh\u1ea3 n\u0103ng ch\u1ed1ng \u0103n m\u00f2n,\ntu\u1ed5i th\u1ecd l\u00e2u d\u00e0i\nv\u00e0 hi\u1ec7u su\u1ea5t \u0111\u00e1ng tin c\u1eady\n\ntrong c\u00e1c \u0111i\u1ec1u ki\u1ec7n\nc\u00f4ng tr\u01b0\u1eddng kh\u1eafc nghi\u1ec7t.<\/p>\n<p><strong>The LIPHOCO Ladder Bracket<\/strong> Gi\u1eef c\u1ed1 \u0111\u1ecbnh\nthang v\u00e0o h\u1ec7\ngi\u00e0n gi\u00e1o Ringlock\nm\u1ed9t c\u00e1ch ch\u1eafc ch\u1eafn,\n\n\u0111\u1ea3m b\u1ea3o l\u1ed1i ti\u1ebfp c\u1eadn\n\u1ed5n \u0111\u1ecbnh v\u00e0 an to\u00e0n\ntrong qu\u00e1 tr\u00ecnh s\u1eed d\u1ee5ng.\n\n\u0110\u01b0\u1ee3c s\u1ea3n xu\u1ea5t t\u1eeb\nth\u00e9p m\u1ea1 k\u1ebdm\nc\u01b0\u1eddng \u0111\u1ed9 cao,\n\ns\u1ea3n ph\u1ea9m mang l\u1ea1i\n\u0111\u1ed9 b\u1ec1n v\u01b0\u1ee3t tr\u1ed9i\nv\u00e0 kh\u1ea3 n\u0103ng\nch\u1ed1ng \u0103n m\u00f2n hi\u1ec7u qu\u1ea3.\n\nThi\u1ebft k\u1ebf \u0111\u01a1n gi\u1ea3n\ngi\u00fap l\u1eafp \u0111\u1eb7t\nnhanh ch\u00f3ng\nv\u00e0 ch\u1eafc ch\u1eafn\nt\u1ea1i c\u00f4ng tr\u01b0\u1eddng.<\/p>","protected":false},"excerpt":{"rendered":"<p><b>The LIPHOCO Steel<\/b><b>\u00a0Ladder<\/b> \u0110\u01b0\u1ee3c thi\u1ebft k\u1ebf \u0111\u1ec3 cung c\u1ea5p\nl\u1ed1i ti\u1ebfp c\u1eadn th\u1eb3ng \u0111\u1ee9ng\nan to\u00e0n v\u00e0 thu\u1eadn ti\u1ec7n\n\ngi\u1eefa c\u00e1c t\u1ea7ng gi\u00e0n gi\u00e1o.\n\n\u0110\u01b0\u1ee3c s\u1ea3n xu\u1ea5t t\u1eeb\nth\u00e9p m\u1ea1 k\u1ebdm\nch\u1ea5t l\u01b0\u1ee3ng cao,\n\ns\u1ea3n ph\u1ea9m k\u1ebft h\u1ee3p\n\u0111\u1ed9 b\u1ec1n ch\u1eafc\nv\u1edbi thi\u1ebft k\u1ebf nh\u1eb9,\n\n\u0111\u1ea3m b\u1ea3o\nkh\u1ea3 n\u0103ng ch\u1ed1ng \u0103n m\u00f2n,\ntu\u1ed5i th\u1ecd l\u00e2u d\u00e0i\nv\u00e0 hi\u1ec7u su\u1ea5t \u0111\u00e1ng tin c\u1eady\n\ntrong c\u00e1c \u0111i\u1ec1u ki\u1ec7n\nc\u00f4ng tr\u01b0\u1eddng kh\u1eafc nghi\u1ec7t.<\/p>\n<p><a id=\"see-more-btn\" href=\"#\">Xem th\u00eam<\/a><\/p>","protected":false},"featured_media":4554,"comment_status":"closed","ping_status":"closed","template":"","meta":[],"product_cat":[31],"product_tag":[],"class_list":{"0":"post-4285","1":"product","2":"type-product","3":"status-publish","4":"has-post-thumbnail","5":"hentry","6":"product_cat-ringlock-system","8":"entry","9":"has-media","10":"owp-thumbs-layout-horizontal","11":"owp-btn-normal","12":"owp-tabs-layout-horizontal","13":"has-product-nav"},"_links":{"self":[{"href":"https:\/\/liphoco.com\/vi\/wp-json\/wp\/v2\/product\/4285","targetHints":{"allow":["GET"]}}],"collection":[{"href":"https:\/\/liphoco.com\/vi\/wp-json\/wp\/v2\/product"}],"about":[{"href":"https:\/\/liphoco.com\/vi\/wp-json\/wp\/v2\/types\/product"}],"replies":[{"embeddable":true,"href":"https:\/\/liphoco.com\/vi\/wp-json\/wp\/v2\/comments?post=4285"}],"wp:featuredmedia":[{"embeddable":true,"href":"https:\/\/liphoco.com\/vi\/wp-json\/wp\/v2\/media\/4554"}],"wp:attachment":[{"href":"https:\/\/liphoco.com\/vi\/wp-json\/wp\/v2\/media?parent=4285"}],"wp:term":[{"taxonomy":"product_cat","embeddable":true,"href":"https:\/\/liphoco.com\/vi\/wp-json\/wp\/v2\/product_cat?post=4285"},{"taxonomy":"product_tag","embeddable":true,"href":"https:\/\/liphoco.com\/vi\/wp-json\/wp\/v2\/product_tag?post=4285"}],"curies":[{"name":"wp","href":"https:\/\/api.w.org\/{rel}","templated":true}]}}