{"id":4298,"date":"2026-02-03T08:57:21","date_gmt":"2026-02-03T08:57:21","guid":{"rendered":"https:\/\/liphoco.com\/?post_type=product&#038;p=4298"},"modified":"2026-02-27T02:08:49","modified_gmt":"2026-02-27T02:08:49","slug":"1-5m-ringlock-guardrail-post-crazy-leg","status":"publish","type":"product","link":"https:\/\/liphoco.com\/vi\/scaffolding\/ringloc-system\/1-5m-ringlock-guardrail-post-hot-dip-galvanized\/","title":{"rendered":"C\u1ed9t lan can Ringlock 1.5m \u2013 M\u1ea1 k\u1ebdm nh\u00fang n\u00f3ng"},"content":{"rendered":"<div id=\"22fmq_9saut\" data-component=\"rtf-block\"><strong><span id=\"22fmq_9saut_f1c3i\" class=\"\" data-text=\"true\" data-z-element-type=\"rtf-text\" data-is-whitespace=\"false\">C\u1ed9t lan can Ringlock 1.5m \u2013 M\u1ea1 k\u1ebdm nh\u00fang n\u00f3ng<\/span><\/strong><span id=\"22fmq_9saut_b3umv\" class=\"\" data-text=\"true\" data-z-element-type=\"rtf-text\" data-is-whitespace=\"false\"> \u0110\u01b0\u1ee3c thi\u1ebft k\u1ebf \u0111\u1ec3 cung c\u1ea5p\nkh\u1ea3 n\u0103ng b\u1ea3o v\u1ec7\nm\u00e9p s\u00e0n \u0111\u00e1ng tin c\u1eady\n\nv\u00e0 c\u1ed1 \u0111\u1ecbnh\nlan can an to\u00e0n\n\ntrong h\u1ec7\ngi\u00e0n gi\u00e1o Ringlock.\n\nThi\u1ebft k\u1ebf\nch\u00e2n l\u1ec7ch\n(crazy leg)\n\ncho ph\u00e9p l\u1eafp \u0111\u1eb7t\nlinh ho\u1ea1t t\u1ea1i\n\nc\u00e1c g\u00f3c,\nkhu v\u1ef1c l\u1ed1i ra v\u00e0o\nv\u00e0 nh\u1eefng b\u1ed1 tr\u00ed\ngi\u00e0n gi\u00e1o ph\u1ee9c t\u1ea1p.<\/span><\/div>\n<div id=\"22fmq_86gmn\" data-component=\"rtf-block\"><span id=\"22fmq_86gmn_d859l\" class=\"\" data-text=\"true\" data-z-element-type=\"rtf-text\" data-is-whitespace=\"true\">\u00a0<\/span><\/div>\n<div id=\"22fmq_4jgbb\" data-component=\"rtf-block\"><span id=\"22fmq_4jgbb_40aug\" class=\"\" data-text=\"true\" data-z-element-type=\"rtf-text\" data-is-whitespace=\"false\">\u0110\u01b0\u1ee3c s\u1ea3n xu\u1ea5t t\u1eeb\nth\u00e9p m\u1ea1 k\u1ebdm\nc\u01b0\u1eddng \u0111\u1ed9 cao,\n\ns\u1ea3n ph\u1ea9m mang l\u1ea1i\n\u0111\u1ed9 b\u1ec1n v\u01b0\u1ee3t tr\u1ed9i,\nkh\u1ea3 n\u0103ng ch\u1ed1ng \u0103n m\u00f2n\nv\u00e0 hi\u1ec7u su\u1ea5t\nl\u00e2u d\u00e0i.\n\nQu\u00e1 tr\u00ecnh ch\u1ebf t\u1ea1o\nch\u00ednh x\u00e1c gi\u00fap\n\nl\u1eafp \u0111\u1eb7t nhanh ch\u00f3ng,\nk\u1ebft n\u1ed1i ch\u1eafc ch\u1eafn,\n\nv\u00e0 \u0111\u1ea3m b\u1ea3o\nan to\u00e0n \u1ed5n \u0111\u1ecbnh\nt\u1ea1i c\u00f4ng tr\u01b0\u1eddng.<\/span><\/div>","protected":false},"excerpt":{"rendered":"<p><strong><span id=\"22fmq_9saut_f1c3i\" class=\"\" data-text=\"true\" data-z-element-type=\"rtf-text\" data-is-whitespace=\"false\">C\u1ed9t lan can Ringlock 1.5m \u2013 M\u1ea1 k\u1ebdm nh\u00fang n\u00f3ng<\/span><\/strong><span id=\"22fmq_9saut_b3umv\" class=\"\" data-text=\"true\" data-z-element-type=\"rtf-text\" data-is-whitespace=\"false\"> \u0110\u01b0\u1ee3c thi\u1ebft k\u1ebf \u0111\u1ec3 cung c\u1ea5p\nkh\u1ea3 n\u0103ng b\u1ea3o v\u1ec7\nm\u00e9p s\u00e0n \u0111\u00e1ng tin c\u1eady,\n\n\u0111\u1ed3ng th\u1eddi c\u1ed1 \u0111\u1ecbnh\nlan can m\u1ed9t c\u00e1ch\nan to\u00e0n\n\ntrong h\u1ec7\ngi\u00e0n gi\u00e1o Ringlock.<\/span>&#8230;<\/p>\n<p><a id=\"see-more-btn\" href=\"#\">Xem th\u00eam<\/a><\/p>","protected":false},"featured_media":4556,"comment_status":"closed","ping_status":"closed","template":"","meta":[],"product_cat":[31],"product_tag":[],"class_list":{"0":"post-4298","1":"product","2":"type-product","3":"status-publish","4":"has-post-thumbnail","5":"hentry","6":"product_cat-ringlock-system","8":"entry","9":"has-media","10":"owp-thumbs-layout-horizontal","11":"owp-btn-normal","12":"owp-tabs-layout-horizontal","13":"has-product-nav"},"_links":{"self":[{"href":"https:\/\/liphoco.com\/vi\/wp-json\/wp\/v2\/product\/4298","targetHints":{"allow":["GET"]}}],"collection":[{"href":"https:\/\/liphoco.com\/vi\/wp-json\/wp\/v2\/product"}],"about":[{"href":"https:\/\/liphoco.com\/vi\/wp-json\/wp\/v2\/types\/product"}],"replies":[{"embeddable":true,"href":"https:\/\/liphoco.com\/vi\/wp-json\/wp\/v2\/comments?post=4298"}],"wp:featuredmedia":[{"embeddable":true,"href":"https:\/\/liphoco.com\/vi\/wp-json\/wp\/v2\/media\/4556"}],"wp:attachment":[{"href":"https:\/\/liphoco.com\/vi\/wp-json\/wp\/v2\/media?parent=4298"}],"wp:term":[{"taxonomy":"product_cat","embeddable":true,"href":"https:\/\/liphoco.com\/vi\/wp-json\/wp\/v2\/product_cat?post=4298"},{"taxonomy":"product_tag","embeddable":true,"href":"https:\/\/liphoco.com\/vi\/wp-json\/wp\/v2\/product_tag?post=4298"}],"curies":[{"name":"wp","href":"https:\/\/api.w.org\/{rel}","templated":true}]}}