{"id":4317,"date":"2026-02-04T04:11:24","date_gmt":"2026-02-04T04:11:24","guid":{"rendered":"https:\/\/liphoco.com\/?post_type=product&#038;p=4317"},"modified":"2026-02-27T01:55:05","modified_gmt":"2026-02-27T01:55:05","slug":"adustable-caster-adapter","status":"publish","type":"product","link":"https:\/\/liphoco.com\/vi\/scaffolding\/ringlock-system\/adjustable-caster-adapter\/","title":{"rendered":"B\u1ed9 chuy\u1ec3n b\u00e1nh xe \u0111i\u1ec1u ch\u1ec9nh"},"content":{"rendered":"<p><b>LIPHOCO Adjustable Caster Adapters<\/b> \u0110\u01b0\u1ee3c thi\u1ebft k\u1ebf \u0111\u1ec3 \u0111\u1ea3m b\u1ea3o\nk\u1ebft n\u1ed1i ch\u1eafc ch\u1eafn\ngi\u1eefa c\u00e1c c\u1ed9t \u0111\u1ee9ng gi\u00e0n gi\u00e1o\nv\u00e0 b\u00e1nh xe caster,\n\ns\u1ea3n ph\u1ea9m cho ph\u00e9p\n\u0111i\u1ec1u ch\u1ec9nh chi\u1ec1u cao\n\u0111\u1ec3 c\u00e2n b\u1eb1ng ch\u00ednh x\u00e1c\ntr\u00ean c\u00e1c b\u1ec1 m\u1eb7t\nkh\u00f4ng b\u1eb1ng ph\u1eb3ng.\n\nPh\u00f9 h\u1ee3p cho\nc\u00e1c h\u1ec7 gi\u00e0n gi\u00e1o di \u0111\u1ed9ng,\nmang l\u1ea1i\n\u0111\u1ed9 \u1ed5n \u0111\u1ecbnh cao,\nan to\u00e0n\nv\u00e0 kh\u1ea3 n\u0103ng\nch\u1ecbu t\u1ea3i v\u01b0\u1ee3t tr\u1ed9i\nt\u1ea1i c\u00f4ng tr\u01b0\u1eddng.\n\n\u0110\u01b0\u1ee3c s\u1ea3n xu\u1ea5t t\u1eeb\nth\u00e9p m\u1ea1 k\u1ebdm\nch\u1ecbu l\u1ef1c cao,\n\ns\u1ea3n ph\u1ea9m \u0111\u1ea3m b\u1ea3o\n\u0111\u1ed9 b\u1ec1n l\u00e2u d\u00e0i\nv\u00e0 kh\u1ea3 n\u0103ng\nch\u1ed1ng \u0103n m\u00f2n hi\u1ec7u qu\u1ea3.\n\nC\u1ea5u tr\u00fac\nkh\u00f3a nhanh\ngi\u00fap l\u1eafp \u0111\u1eb7t\nv\u00e0 th\u00e1o d\u1ee1\nnhanh ch\u00f3ng,\n\ngi\u00fap nh\u00e0 th\u1ea7u\nduy tr\u00ec hi\u1ec7u qu\u1ea3 thi c\u00f4ng\nm\u00e0 v\u1eabn \u0111\u1ea3m b\u1ea3o\nan to\u00e0n.<\/p>","protected":false},"excerpt":{"rendered":"<p><b>LIPHOCO Adjustable Caster Adapters<\/b> \u0110\u01b0\u1ee3c thi\u1ebft k\u1ebf \u0111\u1ec3 \u0111\u1ea3m b\u1ea3o\nk\u1ebft n\u1ed1i ch\u1eafc ch\u1eafn\nv\u00e0 an to\u00e0n\n\ngi\u1eefa c\u00e1c\nc\u1ed9t \u0111\u1ee9ng gi\u00e0n gi\u00e1o\nv\u00e0 b\u00e1nh xe caster.\n\nS\u1ea3n ph\u1ea9m cho ph\u00e9p\n\u0111i\u1ec1u ch\u1ec9nh chi\u1ec1u cao,\n\ngi\u00fap c\u00e2n b\u1eb1ng ch\u00ednh x\u00e1c\ntr\u00ean c\u00e1c b\u1ec1 m\u1eb7t\nkh\u00f4ng b\u1eb1ng ph\u1eb3ng.<\/p>\n<p><a id=\"see-more-btn\" href=\"#\">Xem th\u00eam<\/a><\/p>","protected":false},"featured_media":4561,"comment_status":"closed","ping_status":"closed","template":"","meta":[],"product_cat":[31],"product_tag":[],"class_list":{"0":"post-4317","1":"product","2":"type-product","3":"status-publish","4":"has-post-thumbnail","5":"hentry","6":"product_cat-ringlock-system","8":"entry","9":"has-media","10":"owp-thumbs-layout-horizontal","11":"owp-btn-normal","12":"owp-tabs-layout-horizontal","13":"has-product-nav"},"_links":{"self":[{"href":"https:\/\/liphoco.com\/vi\/wp-json\/wp\/v2\/product\/4317","targetHints":{"allow":["GET"]}}],"collection":[{"href":"https:\/\/liphoco.com\/vi\/wp-json\/wp\/v2\/product"}],"about":[{"href":"https:\/\/liphoco.com\/vi\/wp-json\/wp\/v2\/types\/product"}],"replies":[{"embeddable":true,"href":"https:\/\/liphoco.com\/vi\/wp-json\/wp\/v2\/comments?post=4317"}],"wp:featuredmedia":[{"embeddable":true,"href":"https:\/\/liphoco.com\/vi\/wp-json\/wp\/v2\/media\/4561"}],"wp:attachment":[{"href":"https:\/\/liphoco.com\/vi\/wp-json\/wp\/v2\/media?parent=4317"}],"wp:term":[{"taxonomy":"product_cat","embeddable":true,"href":"https:\/\/liphoco.com\/vi\/wp-json\/wp\/v2\/product_cat?post=4317"},{"taxonomy":"product_tag","embeddable":true,"href":"https:\/\/liphoco.com\/vi\/wp-json\/wp\/v2\/product_tag?post=4317"}],"curies":[{"name":"wp","href":"https:\/\/api.w.org\/{rel}","templated":true}]}}