{"id":4336,"date":"2026-02-04T06:46:21","date_gmt":"2026-02-04T06:46:21","guid":{"rendered":"https:\/\/liphoco.com\/?post_type=product&#038;p=4336"},"modified":"2026-02-26T02:01:21","modified_gmt":"2026-02-26T02:01:21","slug":"double-ledger-double-ledger","status":"publish","type":"product","link":"https:\/\/liphoco.com\/vi\/scaffolding\/ringlock-system\/double-ledger-double-ledger\/","title":{"rendered":"Thanh ngang \u0111\u00f4i"},"content":{"rendered":"<p><b>LIPHOCO Double Ledgers<\/b> \u0110\u01b0\u1ee3c thi\u1ebft k\u1ebf \u0111\u1ec3 gia c\u01b0\u1eddng h\u1ec7 gi\u00e0n gi\u00e1o Ringlock\nt\u1ea1i c\u00e1c v\u1ecb tr\u00ed y\u00eau c\u1ea7u t\u1ea3i tr\u1ecdng l\u1edbn\nv\u00e0 \u0111\u1ed9 c\u1ee9ng v\u1eefng cao.\n\nThi\u1ebft k\u1ebf thanh ngang hai \u1ed1ng gi\u00fap\nph\u00e2n b\u1ed1 l\u1ef1c \u0111\u1ed3ng \u0111\u1ec1u tr\u00ean to\u00e0n b\u1ed9 k\u1ebft c\u1ea5u,\nt\u0103ng \u0111\u1ed9 \u1ed5n \u0111\u1ecbnh t\u1ed5ng th\u1ec3 v\u00e0\nn\u00e2ng cao hi\u1ec7u qu\u1ea3 l\u00e0m vi\u1ec7c c\u1ee7a s\u00e0n\ntrong c\u00e1c \u0111i\u1ec1u ki\u1ec7n thi c\u00f4ng n\u1eb7ng.<\/p>\n<p>\u0110\u01b0\u1ee3c ch\u1ebf t\u1ea1o t\u1eeb th\u00e9p m\u1ea1 k\u1ebdm ch\u1ea5t l\u01b0\u1ee3ng cao,\nDouble Ledger mang l\u1ea1i \u0111\u1ed9 b\u1ec1n k\u1ebft c\u1ea5u v\u01b0\u1ee3t tr\u1ed9i,\nkh\u1ea3 n\u0103ng ch\u1ed1ng \u0103n m\u00f2n v\u00e0 tu\u1ed5i th\u1ecd l\u00e2u d\u00e0i\ntrong c\u00e1c m\u00f4i tr\u01b0\u1eddng x\u00e2y d\u1ef1ng v\u00e0 c\u00f4ng nghi\u1ec7p kh\u1eafc nghi\u1ec7t.\n\n\u0110\u1ea7u n\u00eam t\u00edch h\u1ee3p gi\u00fap k\u1ebft n\u1ed1i nhanh ch\u00f3ng\nv\u00e0 ch\u00ednh x\u00e1c v\u1edbi rosette,\nt\u1ea1o n\u00ean li\u00ean k\u1ebft ch\u1eafc ch\u1eafn v\u00e0 \u1ed5n \u0111\u1ecbnh\ntrong m\u1ecdi l\u1ea7n l\u1eafp \u0111\u1eb7t.<\/p>\n<p>\u0110\u01b0\u1ee3c thi\u1ebft k\u1ebf cho c\u00e1c \u1ee9ng d\u1ee5ng ph\u1ee9c t\u1ea1p\nv\u00e0 y\u00eau c\u1ea7u t\u1ea3i tr\u1ecdng cao,\n\nDouble Ledger c\u1ee7a LIPHOCO mang l\u1ea1i\n\u0111\u1ed9 b\u1ec1n, \u0111\u1ed9 \u1ed5n \u0111\u1ecbnh v\u00e0 s\u1ef1 tin c\u1eady\nm\u00e0 c\u00e1c chuy\u00ean gia mong \u0111\u1ee3i\nt\u1eeb m\u1ed9t h\u1ec7 gi\u00e0n gi\u00e1o Ringlock hi\u1ec7u su\u1ea5t cao.<\/p>","protected":false},"excerpt":{"rendered":"<p><b>LIPHOCO Double Ledgers<\/b> \u0110\u01b0\u1ee3c thi\u1ebft k\u1ebf \u0111\u1ec3 gia c\u01b0\u1eddng h\u1ec7 gi\u00e0n gi\u00e1o Ringlock\nt\u1ea1i c\u00e1c v\u1ecb tr\u00ed c\u1ea7n kh\u1ea3 n\u0103ng ch\u1ecbu t\u1ea3i cao\nv\u00e0 \u0111\u1ed9 c\u1ee9ng v\u1eefng l\u1edbn h\u01a1n.<\/p>\n<p><a href=\"#\" id=\"see-more-btn\">Xem th\u00eam<\/a><\/p>","protected":false},"featured_media":4532,"comment_status":"closed","ping_status":"closed","template":"","meta":[],"product_cat":[31],"product_tag":[],"class_list":{"0":"post-4336","1":"product","2":"type-product","3":"status-publish","4":"has-post-thumbnail","5":"hentry","6":"product_cat-ringlock-system","8":"entry","9":"has-media","10":"owp-thumbs-layout-horizontal","11":"owp-btn-normal","12":"owp-tabs-layout-horizontal","13":"has-product-nav"},"_links":{"self":[{"href":"https:\/\/liphoco.com\/vi\/wp-json\/wp\/v2\/product\/4336","targetHints":{"allow":["GET"]}}],"collection":[{"href":"https:\/\/liphoco.com\/vi\/wp-json\/wp\/v2\/product"}],"about":[{"href":"https:\/\/liphoco.com\/vi\/wp-json\/wp\/v2\/types\/product"}],"replies":[{"embeddable":true,"href":"https:\/\/liphoco.com\/vi\/wp-json\/wp\/v2\/comments?post=4336"}],"wp:featuredmedia":[{"embeddable":true,"href":"https:\/\/liphoco.com\/vi\/wp-json\/wp\/v2\/media\/4532"}],"wp:attachment":[{"href":"https:\/\/liphoco.com\/vi\/wp-json\/wp\/v2\/media?parent=4336"}],"wp:term":[{"taxonomy":"product_cat","embeddable":true,"href":"https:\/\/liphoco.com\/vi\/wp-json\/wp\/v2\/product_cat?post=4336"},{"taxonomy":"product_tag","embeddable":true,"href":"https:\/\/liphoco.com\/vi\/wp-json\/wp\/v2\/product_tag?post=4336"}],"curies":[{"name":"wp","href":"https:\/\/api.w.org\/{rel}","templated":true}]}}