{"id":4342,"date":"2026-02-04T07:04:37","date_gmt":"2026-02-04T07:04:37","guid":{"rendered":"https:\/\/liphoco.com\/?post_type=product&#038;p=4342"},"modified":"2026-02-26T03:05:23","modified_gmt":"2026-02-26T03:05:23","slug":"4342","status":"publish","type":"product","link":"https:\/\/liphoco.com\/vi\/scaffolding\/ringlock-system\/lattice-gider\/","title":{"rendered":"D\u1ea7m gi\u00e0n gi\u00e1o"},"content":{"rendered":"<p><strong>LIPHOCO Lattice Gider<\/strong> \u0110\u01b0\u1ee3c thi\u1ebft k\u1ebf \u0111\u1ec3 mang l\u1ea1i kh\u1ea3 n\u0103ng v\u01b0\u1ee3t nh\u1ecbp d\u00e0i\ntrong c\u00e1c h\u1ec7 gi\u00e0n gi\u00e1o Ringlock v\u00e0 gi\u00e0n gi\u00e1o m\u00f4-\u0111un,\ncho ph\u00e9p t\u1ea1o c\u00e1c kho\u1ea3ng m\u1edf r\u1ed9ng l\u1edbn\nm\u00e0 kh\u00f4ng c\u1ea7n c\u1ed9t ch\u1ed1ng \u0111\u1ee9ng trung gian.\n\nThi\u1ebft k\u1ebf t\u1ed1i \u01b0u v\u1ec1 hi\u1ec7u qu\u1ea3 k\u1ebft c\u1ea5u\ngi\u00fap duy tr\u00ec kh\u00f4ng gian l\u00e0m vi\u1ec7c th\u00f4ng tho\u00e1ng,\n\u0111\u1ed3ng th\u1eddi truy\u1ec1n t\u1ea3i tr\u1ecdng l\u1edbn m\u1ed9t c\u00e1ch an to\u00e0n\nqua c\u00e1c kho\u1ea3ng c\u00e1ch d\u00e0i.<\/p>\n<p>\u0110\u01b0\u1ee3c s\u1ea3n xu\u1ea5t t\u1eeb th\u00e9p m\u1ea1 k\u1ebdm ch\u1ea5t l\u01b0\u1ee3ng cao,\nd\u1ea7m gi\u00e0n Lattice c\u1ee7a LIPHOCO mang l\u1ea1i\nkh\u1ea3 n\u0103ng ch\u1ecbu t\u1ea3i v\u01b0\u1ee3t tr\u1ed9i,\nkh\u1ea3 n\u0103ng ch\u1ed1ng \u0103n m\u00f2n v\u00e0\n\u0111\u1ed9 b\u1ec1n l\u00e2u d\u00e0i trong m\u00f4i tr\u01b0\u1eddng\nx\u00e2y d\u1ef1ng v\u00e0 c\u00f4ng nghi\u1ec7p kh\u1eafc nghi\u1ec7t.\n\nC\u1ea5u tr\u00fac gi\u00e0n l\u01b0\u1edbi \u0111\u01b0\u1ee3c t\u1ed1i \u01b0u\ngi\u00fap c\u00e2n b\u1eb1ng gi\u1eefa \u0111\u1ed9 b\u1ec1n v\u00e0 tr\u1ecdng l\u01b0\u1ee3ng,\nt\u1eeb \u0111\u00f3 h\u1ed7 tr\u1ee3 v\u1eadn chuy\u1ec3n nhanh h\u01a1n\nv\u00e0 l\u1eafp \u0111\u1eb7t hi\u1ec7u qu\u1ea3 t\u1ea1i c\u00f4ng tr\u01b0\u1eddng.<\/p>\n<p>\u0110\u1ed1i v\u1edbi c\u00e1c b\u1ed1 tr\u00ed k\u1ebft c\u1ea5u ph\u1ee9c t\u1ea1p,\ns\u00e0n l\u00e0m vi\u1ec7c t\u1ea3i tr\u1ecdng n\u1eb7ng\nv\u00e0 c\u00e1c \u1ee9ng d\u1ee5ng v\u01b0\u1ee3t nh\u1ecbp d\u00e0i,\n\nLIPHOCO Lattice Truss mang l\u1ea1i\ngi\u1ea3i ph\u00e1p k\u1ebft c\u1ea5u \u1ed5n \u0111\u1ecbnh v\u00e0 \u0111\u00e1ng tin c\u1eady,\nn\u01a1i hi\u1ec7u su\u1ea5t v\u00e0 an to\u00e0n\nl\u00e0 nh\u1eefng y\u1ebfu t\u1ed1 kh\u00f4ng th\u1ec3 th\u1ecfa hi\u1ec7p.<\/p>","protected":false},"excerpt":{"rendered":"<p><strong>LIPHOCO Lattice Gider<\/strong> \u0110\u01b0\u1ee3c thi\u1ebft k\u1ebf \u0111\u1ec3 mang l\u1ea1i kh\u1ea3 n\u0103ng v\u01b0\u1ee3t nh\u1ecbp d\u00e0i\ntrong c\u00e1c h\u1ec7 gi\u00e0n gi\u00e1o Ringlock v\u00e0 gi\u00e0n gi\u00e1o m\u00f4-\u0111un,\n\ncho ph\u00e9p t\u1ea1o c\u00e1c kho\u1ea3ng m\u1edf r\u1ed9ng l\u1edbn\nm\u00e0 kh\u00f4ng c\u1ea7n s\u1eed d\u1ee5ng c\u1ed9t ch\u1ed1ng \u0111\u1ee9ng trung gian.<\/p>\n<p><a id=\"see-more-btn\" href=\"#\">Xem th\u00eam<\/a><\/p>","protected":false},"featured_media":4537,"comment_status":"closed","ping_status":"closed","template":"","meta":[],"product_cat":[31],"product_tag":[],"class_list":{"0":"post-4342","1":"product","2":"type-product","3":"status-publish","4":"has-post-thumbnail","5":"hentry","6":"product_cat-ringlock-system","8":"entry","9":"has-media","10":"owp-thumbs-layout-horizontal","11":"owp-btn-normal","12":"owp-tabs-layout-horizontal","13":"has-product-nav"},"_links":{"self":[{"href":"https:\/\/liphoco.com\/vi\/wp-json\/wp\/v2\/product\/4342","targetHints":{"allow":["GET"]}}],"collection":[{"href":"https:\/\/liphoco.com\/vi\/wp-json\/wp\/v2\/product"}],"about":[{"href":"https:\/\/liphoco.com\/vi\/wp-json\/wp\/v2\/types\/product"}],"replies":[{"embeddable":true,"href":"https:\/\/liphoco.com\/vi\/wp-json\/wp\/v2\/comments?post=4342"}],"wp:featuredmedia":[{"embeddable":true,"href":"https:\/\/liphoco.com\/vi\/wp-json\/wp\/v2\/media\/4537"}],"wp:attachment":[{"href":"https:\/\/liphoco.com\/vi\/wp-json\/wp\/v2\/media?parent=4342"}],"wp:term":[{"taxonomy":"product_cat","embeddable":true,"href":"https:\/\/liphoco.com\/vi\/wp-json\/wp\/v2\/product_cat?post=4342"},{"taxonomy":"product_tag","embeddable":true,"href":"https:\/\/liphoco.com\/vi\/wp-json\/wp\/v2\/product_tag?post=4342"}],"curies":[{"name":"wp","href":"https:\/\/api.w.org\/{rel}","templated":true}]}}