{"id":4347,"date":"2026-02-04T07:19:10","date_gmt":"2026-02-04T07:19:10","guid":{"rendered":"https:\/\/liphoco.com\/?post_type=product&#038;p=4347"},"modified":"2026-03-07T01:51:44","modified_gmt":"2026-03-07T01:51:44","slug":"scaffold-steel-plank","status":"publish","type":"product","link":"https:\/\/liphoco.com\/vi\/scaffolding\/ringlock-system\/9wide-steel-scaffold-plank\/","title":{"rendered":"M\u00e2m th\u00e9p 9 inch"},"content":{"rendered":"<p><b>LIPHOCO 9\u2033 Steel Scaffold Plank<\/b> \u0110\u01b0\u1ee3c thi\u1ebft k\u1ebf \u0111\u1ec3 cung c\u1ea5p\nl\u1ed1i ti\u1ebfp c\u1eadn ch\u00ednh x\u00e1c\nv\u00e0 \u0111i\u1ec3m \u0111\u1ee9ng v\u1eefng ch\u1eafc\ntrong c\u00e1c h\u1ec7 gi\u00e0n gi\u00e1o m\u00f4-\u0111un.\n\nV\u1edbi chi\u1ec1u r\u1ed9ng h\u1eb9p 9 inch,\ns\u1ea3n ph\u1ea9m \u0111\u1eb7c bi\u1ec7t ph\u00f9 h\u1ee3p cho\nl\u1ed1i \u0111i, khu v\u1ef1c m\u00e9p s\u00e0n\nv\u00e0 c\u00e1c b\u1ed1 tr\u00ed s\u00e0n linh ho\u1ea1t\nn\u01a1i c\u1ea7n t\u1ed1i \u01b0u h\u00f3a kh\u00f4ng gian.<\/p>\n<p>\u0110\u01b0\u1ee3c ch\u1ebf t\u1ea1o t\u1eeb th\u00e9p m\u1ea1 k\u1ebdm ch\u1ecbu l\u1ef1c cao,\nt\u1ea5m s\u00e0n mang l\u1ea1i kh\u1ea3 n\u0103ng ch\u1ecbu t\u1ea3i l\u1edbn\nc\u00f9ng kh\u1ea3 n\u0103ng ch\u1ed1ng \u0103n m\u00f2n\nv\u00e0 ch\u1ed1ng bi\u1ebfn d\u1ea1ng v\u01b0\u1ee3t tr\u1ed9i.\n\nB\u1ec1 m\u1eb7t \u0111\u1ee5c l\u1ed7 ch\u1ed1ng tr\u01b0\u1ee3t\ngi\u00fap t\u0103ng \u0111\u1ed9 b\u00e1m trong m\u1ecdi \u0111i\u1ec1u ki\u1ec7n th\u1eddi ti\u1ebft,\ntrong khi k\u1ebft c\u1ea5u t\u1ed1i \u01b0u gi\u00fap gi\u1ea3m tr\u1ecdng l\u01b0\u1ee3ng,\nh\u1ed7 tr\u1ee3 v\u1eadn chuy\u1ec3n v\u00e0 l\u1eafp \u0111\u1eb7t nhanh ch\u00f3ng\nt\u1ea1i c\u00f4ng tr\u01b0\u1eddng.<\/p>","protected":false},"excerpt":{"rendered":"<p><b>LIPHOCO 9\u2033 Steel Scaffold Plank<\/b> \u0111\u01b0\u1ee3c thi\u1ebft k\u1ebf \u0111\u1ec3 mang l\u1ea1i\nl\u1ed1i ti\u1ebfp c\u1eadn ch\u00ednh x\u00e1c\nv\u00e0 \u0111i\u1ec3m \u0111\u1ee9ng v\u1eefng ch\u1eafc\n\ntrong c\u00e1c h\u1ec7 gi\u00e0n gi\u00e1o m\u00f4-\u0111un.<\/p>\n<p><a id=\"see-more-btn\" href=\"#\">Xem th\u00eam<\/a><\/p>","protected":false},"featured_media":4540,"comment_status":"closed","ping_status":"closed","template":"","meta":[],"product_cat":[31],"product_tag":[],"class_list":{"0":"post-4347","1":"product","2":"type-product","3":"status-publish","4":"has-post-thumbnail","5":"hentry","6":"product_cat-ringlock-system","8":"entry","9":"has-media","10":"owp-thumbs-layout-horizontal","11":"owp-btn-normal","12":"owp-tabs-layout-horizontal","13":"has-product-nav"},"_links":{"self":[{"href":"https:\/\/liphoco.com\/vi\/wp-json\/wp\/v2\/product\/4347","targetHints":{"allow":["GET"]}}],"collection":[{"href":"https:\/\/liphoco.com\/vi\/wp-json\/wp\/v2\/product"}],"about":[{"href":"https:\/\/liphoco.com\/vi\/wp-json\/wp\/v2\/types\/product"}],"replies":[{"embeddable":true,"href":"https:\/\/liphoco.com\/vi\/wp-json\/wp\/v2\/comments?post=4347"}],"wp:featuredmedia":[{"embeddable":true,"href":"https:\/\/liphoco.com\/vi\/wp-json\/wp\/v2\/media\/4540"}],"wp:attachment":[{"href":"https:\/\/liphoco.com\/vi\/wp-json\/wp\/v2\/media?parent=4347"}],"wp:term":[{"taxonomy":"product_cat","embeddable":true,"href":"https:\/\/liphoco.com\/vi\/wp-json\/wp\/v2\/product_cat?post=4347"},{"taxonomy":"product_tag","embeddable":true,"href":"https:\/\/liphoco.com\/vi\/wp-json\/wp\/v2\/product_tag?post=4347"}],"curies":[{"name":"wp","href":"https:\/\/api.w.org\/{rel}","templated":true}]}}