{"id":4360,"date":"2026-02-06T04:48:36","date_gmt":"2026-02-06T04:48:36","guid":{"rendered":"https:\/\/liphoco.com\/?post_type=product&#038;p=4360"},"modified":"2026-02-26T03:22:14","modified_gmt":"2026-02-26T03:22:14","slug":"adjustable-base-jack","status":"publish","type":"product","link":"https:\/\/liphoco.com\/vi\/scaffolding\/ringlock-system\/adjustable-base-jack\/","title":{"rendered":"K\u00edch t\u0103ng ch\u00e2n"},"content":{"rendered":"<p><strong>LIPHOCO Adjustable Base Jack<\/strong> \u0110\u01b0\u1ee3c thi\u1ebft k\u1ebf \u0111\u1ec3 t\u1ea1o n\u1ec1n t\u1ea3ng\nkh\u1edfi \u0111\u1ea7u v\u1eefng ch\u1eafc cho h\u1ec7 gi\u00e0n gi\u00e1o,\nngay c\u1ea3 tr\u00ean nh\u1eefng b\u1ec1 m\u1eb7t\nkh\u00f3 kh\u0103n ho\u1eb7c kh\u00f4ng b\u1eb1ng ph\u1eb3ng.\n\nTr\u1ee5c ren ch\u00ednh x\u00e1c cho ph\u00e9p\n\u0111i\u1ec1u ch\u1ec9nh chi\u1ec1u cao tinh ch\u1ec9nh,\ngi\u00fap \u0111\u1ed9i thi c\u00f4ng \u0111\u1ea1t \u0111\u01b0\u1ee3c\ns\u1ef1 c\u00e2n b\u1eb1ng ch\u00ednh x\u00e1c\ntr\u01b0\u1edbc khi d\u1ef1ng to\u00e0n b\u1ed9 k\u1ebft c\u1ea5u.<\/p>\n<p>\u0110\u01b0\u1ee3c ch\u1ebf t\u1ea1o t\u1eeb th\u00e9p m\u1ea1 k\u1ebdm\nc\u01b0\u1eddng \u0111\u1ed9 cao,\nk\u00edch ch\u00e2n \u0111\u1ebf \u0111\u01b0\u1ee3c thi\u1ebft k\u1ebf\n\u0111\u1ec3 ch\u1ecbu t\u1ea3i tr\u1ecdng l\u1edbn\n\u0111\u1ed3ng th\u1eddi duy tr\u00ec \u0111\u1ed9 \u1ed5n \u0111\u1ecbnh\nv\u00e0 kh\u1ea3 n\u0103ng ch\u1ed1ng \u0103n m\u00f2n.\n\nT\u1ea5m \u0111\u1ebf gia c\u01b0\u1eddng\ngi\u00fap ph\u00e2n b\u1ed5 t\u1ea3i tr\u1ecdng \u0111\u1ed3ng \u0111\u1ec1u,\nt\u0103ng \u0111\u1ed9 ti\u1ebfp x\u00fac v\u1edbi m\u1eb7t \u0111\u1ea5t\nv\u00e0 n\u00e2ng cao \u0111\u1ed9 an to\u00e0n\ncho to\u00e0n b\u1ed9 h\u1ec7 gi\u00e0n gi\u00e1o.<\/p>\n<p>\u0110\u01b0\u1ee3c thi\u1ebft k\u1ebf v\u1edbi \u0111\u1ed9 tin c\u1eady cao\nv\u00e0 d\u1ec5 s\u1eed d\u1ee5ng,\n\nk\u00edch ch\u00e2n \u0111\u1ebf \u0111i\u1ec1u ch\u1ec9nh LIPHOCO\n\u0111\u1ea3m b\u1ea3o n\u1ec1n t\u1ea3ng v\u1eefng ch\u1eafc\nv\u00e0 c\u00e2n b\u1eb1ng,\n\nh\u1ed7 tr\u1ee3 vi\u1ec7c l\u1eafp d\u1ef1ng gi\u00e0n gi\u00e1o\nan to\u00e0n v\u00e0 hi\u1ec7u qu\u1ea3\ncho m\u1ecdi d\u1ef1 \u00e1n.<\/p>","protected":false},"excerpt":{"rendered":"<p><strong>LIPHOCO Adjustable Base Jack<\/strong> \u0111\u01b0\u1ee3c thi\u1ebft k\u1ebf \u0111\u1ec3 t\u1ea1o n\u1ec1n t\u1ea3ng\nkh\u1edfi \u0111\u1ea7u v\u1eefng ch\u1eafc\ncho h\u1ec7 gi\u00e0n gi\u00e1o,\n\nngay c\u1ea3 tr\u00ean c\u00e1c b\u1ec1 m\u1eb7t\nkh\u00f3 kh\u0103n ho\u1eb7c kh\u00f4ng b\u1eb1ng ph\u1eb3ng.<\/p>\n<p><a id=\"see-more-btn\" href=\"#\">Xem th\u00eam<\/a><\/p>","protected":false},"featured_media":4544,"comment_status":"closed","ping_status":"closed","template":"","meta":[],"product_cat":[31],"product_tag":[],"class_list":{"0":"post-4360","1":"product","2":"type-product","3":"status-publish","4":"has-post-thumbnail","5":"hentry","6":"product_cat-ringlock-system","8":"entry","9":"has-media","10":"owp-thumbs-layout-horizontal","11":"owp-btn-normal","12":"owp-tabs-layout-horizontal","13":"has-product-nav"},"_links":{"self":[{"href":"https:\/\/liphoco.com\/vi\/wp-json\/wp\/v2\/product\/4360","targetHints":{"allow":["GET"]}}],"collection":[{"href":"https:\/\/liphoco.com\/vi\/wp-json\/wp\/v2\/product"}],"about":[{"href":"https:\/\/liphoco.com\/vi\/wp-json\/wp\/v2\/types\/product"}],"replies":[{"embeddable":true,"href":"https:\/\/liphoco.com\/vi\/wp-json\/wp\/v2\/comments?post=4360"}],"wp:featuredmedia":[{"embeddable":true,"href":"https:\/\/liphoco.com\/vi\/wp-json\/wp\/v2\/media\/4544"}],"wp:attachment":[{"href":"https:\/\/liphoco.com\/vi\/wp-json\/wp\/v2\/media?parent=4360"}],"wp:term":[{"taxonomy":"product_cat","embeddable":true,"href":"https:\/\/liphoco.com\/vi\/wp-json\/wp\/v2\/product_cat?post=4360"},{"taxonomy":"product_tag","embeddable":true,"href":"https:\/\/liphoco.com\/vi\/wp-json\/wp\/v2\/product_tag?post=4360"}],"curies":[{"name":"wp","href":"https:\/\/api.w.org\/{rel}","templated":true}]}}