{"id":4364,"date":"2026-02-06T04:54:57","date_gmt":"2026-02-06T04:54:57","guid":{"rendered":"https:\/\/liphoco.com\/?post_type=product&#038;p=4364"},"modified":"2026-02-26T03:46:42","modified_gmt":"2026-02-26T03:46:42","slug":"steel-toe-board","status":"publish","type":"product","link":"https:\/\/liphoco.com\/vi\/scaffolding\/ringlock-system\/steel-toe-board\/","title":{"rendered":"T\u1ea5m ch\u1eafn ch\u00e2n"},"content":{"rendered":"<p><b>LIPHOCO Steel Toe Boards<\/b> \u0110\u01b0\u1ee3c thi\u1ebft k\u1ebf \u0111\u1ec3 t\u0103ng c\u01b0\u1eddng\nb\u1ea3o v\u1ec7 m\u00e9p s\u00e0n\ntr\u00ean c\u00e1c h\u1ec7 gi\u00e0n gi\u00e1o Ringlock,\n\ngi\u00fap ng\u0103n ch\u1eb7n hi\u1ec7u qu\u1ea3\nd\u1ee5ng c\u1ee5,\nv\u1eadt li\u1ec7u\nv\u00e0 m\u1ea3nh v\u1ee5n\nr\u01a1i xu\u1ed1ng.\n\nNh\u1edd thi\u1ebft k\u1ebf ch\u00ednh x\u00e1c\nv\u00e0 c\u01a1 ch\u1ebf kh\u00f3a ch\u1eafc ch\u1eafn,\n\ns\u1ea3n ph\u1ea9m t\u00edch h\u1ee3p\nli\u1ec1n m\u1ea1ch v\u1edbi\nc\u00e1c h\u1ec7 gi\u00e0n gi\u00e1o m\u00f4-\u0111un,\n\ng\u00f3p ph\u1ea7n n\u00e2ng cao\nm\u1ee9c \u0111\u1ed9 an to\u00e0n\nt\u1ea1i c\u00f4ng tr\u01b0\u1eddng.<\/p>\n<p>\u0110\u01b0\u1ee3c s\u1ea3n xu\u1ea5t t\u1eeb\nth\u00e9p m\u1ea1 k\u1ebdm\nch\u1ea5t l\u01b0\u1ee3ng cao,\n\nv\u00e1n ch\u1eafn ch\u00e2n LIPHOCO\nmang l\u1ea1i kh\u1ea3 n\u0103ng\nch\u1ecbu va \u0111\u1eadp m\u1ea1nh,\nch\u1ed1ng \u0103n m\u00f2n hi\u1ec7u qu\u1ea3\nv\u00e0 tu\u1ed5i th\u1ecd s\u1eed d\u1ee5ng l\u00e2u d\u00e0i\n\ntrong c\u00e1c \u0111i\u1ec1u ki\u1ec7n\nc\u00f4ng tr\u01b0\u1eddng kh\u1eafc nghi\u1ec7t.\n\nThi\u1ebft k\u1ebf th\u1ef1c ti\u1ec5n\ncho ph\u00e9p l\u1eafp \u0111\u1eb7t\nv\u00e0 th\u00e1o d\u1ee1 nhanh ch\u00f3ng,\n\n\u0111\u1ed3ng th\u1eddi v\u1eabn \u0111\u1ea3m b\u1ea3o\nb\u1ea3o v\u1ec7 s\u00e0n thao t\u00e1c\n\u1ed5n \u0111\u1ecbnh v\u00e0 tu\u00e2n th\u1ee7 ti\u00eau chu\u1ea9n\n\ncho c\u00e1c \u1ee9ng d\u1ee5ng\ngi\u00e0n gi\u00e1o chuy\u00ean nghi\u1ec7p.<\/p>","protected":false},"excerpt":{"rendered":"<p><b>LIPHOCO Steel Toe Boards<\/b> \u0110\u01b0\u1ee3c thi\u1ebft k\u1ebf \u0111\u1ec3 t\u0103ng c\u01b0\u1eddng\nb\u1ea3o v\u1ec7 m\u00e9p s\u00e0n\ntr\u00ean c\u00e1c h\u1ec7 gi\u00e0n gi\u00e1o Ringlock,\n\ngi\u00fap ng\u0103n ch\u1eb7n hi\u1ec7u qu\u1ea3\nd\u1ee5ng c\u1ee5,\nv\u1eadt li\u1ec7u\nv\u00e0 c\u00e1c m\u1ea3nh v\u1ee5n\n\nr\u01a1i kh\u1ecfi s\u00e0n l\u00e0m vi\u1ec7c.<\/p>\n<p><a id=\"see-more-btn\" href=\"#\">Xem th\u00eam<\/a><\/p>","protected":false},"featured_media":4550,"comment_status":"closed","ping_status":"closed","template":"","meta":[],"product_cat":[31],"product_tag":[],"class_list":{"0":"post-4364","1":"product","2":"type-product","3":"status-publish","4":"has-post-thumbnail","5":"hentry","6":"product_cat-ringlock-system","8":"entry","9":"has-media","10":"owp-thumbs-layout-horizontal","11":"owp-btn-normal","12":"owp-tabs-layout-horizontal","13":"has-product-nav"},"_links":{"self":[{"href":"https:\/\/liphoco.com\/vi\/wp-json\/wp\/v2\/product\/4364","targetHints":{"allow":["GET"]}}],"collection":[{"href":"https:\/\/liphoco.com\/vi\/wp-json\/wp\/v2\/product"}],"about":[{"href":"https:\/\/liphoco.com\/vi\/wp-json\/wp\/v2\/types\/product"}],"replies":[{"embeddable":true,"href":"https:\/\/liphoco.com\/vi\/wp-json\/wp\/v2\/comments?post=4364"}],"wp:featuredmedia":[{"embeddable":true,"href":"https:\/\/liphoco.com\/vi\/wp-json\/wp\/v2\/media\/4550"}],"wp:attachment":[{"href":"https:\/\/liphoco.com\/vi\/wp-json\/wp\/v2\/media?parent=4364"}],"wp:term":[{"taxonomy":"product_cat","embeddable":true,"href":"https:\/\/liphoco.com\/vi\/wp-json\/wp\/v2\/product_cat?post=4364"},{"taxonomy":"product_tag","embeddable":true,"href":"https:\/\/liphoco.com\/vi\/wp-json\/wp\/v2\/product_tag?post=4364"}],"curies":[{"name":"wp","href":"https:\/\/api.w.org\/{rel}","templated":true}]}}