{"id":4367,"date":"2026-02-06T05:01:16","date_gmt":"2026-02-06T05:01:16","guid":{"rendered":"https:\/\/liphoco.com\/?post_type=product&#038;p=4367"},"modified":"2026-02-26T03:53:23","modified_gmt":"2026-02-26T03:53:23","slug":"staircase-steps","status":"publish","type":"product","link":"https:\/\/liphoco.com\/vi\/scaffolding\/ringlock-system\/staircase-steps\/","title":{"rendered":"C\u1ea7u thang gi\u00e0n gi\u00e1o"},"content":{"rendered":"<p><b>LIPHOCO Scaffold Staircases &amp; Steps<\/b> \u0110\u01b0\u1ee3c thi\u1ebft k\u1ebf \u0111\u1ec3 cung c\u1ea5p\nl\u1ed1i ti\u1ebfp c\u1eadn \u1ed5n \u0111\u1ecbnh\nv\u00e0 thu\u1eadn ti\u1ec7n\n\ngi\u1eefa c\u00e1c t\u1ea7ng gi\u00e0n gi\u00e1o\ntrong c\u00e1c h\u1ec7\ngi\u00e0n gi\u00e1o m\u00f4-\u0111un.\n\nThi\u1ebft k\u1ebf cho ph\u00e9p\nl\u1eafp \u0111\u1eb7t nhanh\nv\u00e0 t\u00edch h\u1ee3p ch\u1eafc ch\u1eafn,\n\ngi\u00fap c\u1ea3i thi\u1ec7n\nvi\u1ec7c di chuy\u1ec3n\ntr\u00ean c\u00f4ng tr\u01b0\u1eddng,\n\n\u0111\u1ed3ng th\u1eddi duy tr\u00ec\nc\u00e1c ti\u00eau chu\u1ea9n\nan to\u00e0n cao.<\/p>\n<p>\u0110\u01b0\u1ee3c s\u1ea3n xu\u1ea5t t\u1eeb\nth\u00e9p m\u1ea1 k\u1ebdm\nch\u1ea5t l\u01b0\u1ee3ng cao,\n\nc\u00e1c b\u1ed9 c\u1ea7u thang gi\u00e0n gi\u00e1o\nmang l\u1ea1i kh\u1ea3 n\u0103ng\nch\u1ecbu t\u1ea3i v\u01b0\u1ee3t tr\u1ed9i,\nch\u1ed1ng \u0103n m\u00f2n hi\u1ec7u qu\u1ea3\nv\u00e0 tu\u1ed5i th\u1ecd s\u1eed d\u1ee5ng l\u00e2u d\u00e0i\n\ntrong c\u00e1c m\u00f4i tr\u01b0\u1eddng\nx\u00e2y d\u1ef1ng kh\u1eafc nghi\u1ec7t.\n\nThi\u1ebft k\u1ebf b\u1eadc\nch\u1ed1ng tr\u01b0\u1ee3t\nc\u00f9ng c\u00e1c \u0111i\u1ec3m\nk\u1ebft n\u1ed1i ch\u00ednh x\u00e1c\n\n\u0111\u1ea3m b\u1ea3o\nch\u1ed7 \u0111\u1ee9ng v\u1eefng ch\u1eafc\nv\u00e0 hi\u1ec7u su\u1ea5t \u1ed5n \u0111\u1ecbnh\n\ntrong m\u1ecdi \u0111i\u1ec1u ki\u1ec7n\nl\u00e0m vi\u1ec7c.<\/p>\n<p>\u0110\u01b0\u1ee3c thi\u1ebft k\u1ebf cho\nc\u00e1c \u1ee9ng d\u1ee5ng\ngi\u00e0n gi\u00e1o chuy\u00ean nghi\u1ec7p,\n\nc\u1ea7u thang v\u00e0 b\u1eadc thang\nLIPHOCO mang l\u1ea1i\n\nl\u1ed1i ti\u1ebfp c\u1eadn an to\u00e0n,\nkh\u1ea3 n\u0103ng di chuy\u1ec3n\nhi\u1ec7u qu\u1ea3,\n\nv\u00e0 \u0111\u1ed9 b\u1ec1n\n\u0111\u00e1ng tin c\u1eady\n\ncho m\u1ecdi d\u1ef1 \u00e1n.<\/p>","protected":false},"excerpt":{"rendered":"<p><b>LIPHOCO Scaffold Staircases &amp; Steps<\/b> \u0110\u01b0\u1ee3c thi\u1ebft k\u1ebf \u0111\u1ec3 cung c\u1ea5p\nl\u1ed1i ti\u1ebfp c\u1eadn \u1ed5n \u0111\u1ecbnh\nv\u00e0 thu\u1eadn ti\u1ec7n\n\ngi\u1eefa c\u00e1c t\u1ea7ng gi\u00e0n gi\u00e1o\ntrong c\u00e1c h\u1ec7\ngi\u00e0n gi\u00e1o m\u00f4-\u0111un.<\/p>\n<p><a id=\"see-more-btn\" href=\"#\">Xem th\u00eam<\/a><\/p>","protected":false},"featured_media":4552,"comment_status":"closed","ping_status":"closed","template":"","meta":[],"product_cat":[31],"product_tag":[],"class_list":{"0":"post-4367","1":"product","2":"type-product","3":"status-publish","4":"has-post-thumbnail","5":"hentry","6":"product_cat-ringlock-system","8":"entry","9":"has-media","10":"owp-thumbs-layout-horizontal","11":"owp-btn-normal","12":"owp-tabs-layout-horizontal","13":"has-product-nav"},"_links":{"self":[{"href":"https:\/\/liphoco.com\/vi\/wp-json\/wp\/v2\/product\/4367","targetHints":{"allow":["GET"]}}],"collection":[{"href":"https:\/\/liphoco.com\/vi\/wp-json\/wp\/v2\/product"}],"about":[{"href":"https:\/\/liphoco.com\/vi\/wp-json\/wp\/v2\/types\/product"}],"replies":[{"embeddable":true,"href":"https:\/\/liphoco.com\/vi\/wp-json\/wp\/v2\/comments?post=4367"}],"wp:featuredmedia":[{"embeddable":true,"href":"https:\/\/liphoco.com\/vi\/wp-json\/wp\/v2\/media\/4552"}],"wp:attachment":[{"href":"https:\/\/liphoco.com\/vi\/wp-json\/wp\/v2\/media?parent=4367"}],"wp:term":[{"taxonomy":"product_cat","embeddable":true,"href":"https:\/\/liphoco.com\/vi\/wp-json\/wp\/v2\/product_cat?post=4367"},{"taxonomy":"product_tag","embeddable":true,"href":"https:\/\/liphoco.com\/vi\/wp-json\/wp\/v2\/product_tag?post=4367"}],"curies":[{"name":"wp","href":"https:\/\/api.w.org\/{rel}","templated":true}]}}